{"id":4294,"date":"2024-12-13T18:29:51","date_gmt":"2024-12-13T18:29:51","guid":{"rendered":"https:\/\/baflesoviedo.com\/home\/?page_id=4294"},"modified":"2024-12-15T00:56:36","modified_gmt":"2024-12-15T00:56:36","slug":"trade-in","status":"publish","type":"page","link":"https:\/\/baflesoviedo.com\/home\/trade-in\/","title":{"rendered":"TRADE-IN"},"content":{"rendered":"\n<p><\/p>\n\n\n<div class=\"wp-block-image is-style-default\">\n<figure class=\"aligncenter size-large is-resized\"><img loading=\"lazy\" decoding=\"async\" width=\"1024\" height=\"512\" src=\"https:\/\/baflesoviedo.com\/home\/wp-content\/uploads\/2024\/12\/Page-Trade-In-1024x512.png\" alt=\"Programa Trade-In Programme, venta equipo usado, cr\u00e9dito, audio, sonido, m\u00fasica, Hi-fi, alta fidelidad, High End\" class=\"wp-image-4296\" style=\"aspect-ratio:16\/9;object-fit:cover;width:1000px\" srcset=\"https:\/\/baflesoviedo.com\/home\/wp-content\/uploads\/2024\/12\/Page-Trade-In-1024x512.png 1024w, https:\/\/baflesoviedo.com\/home\/wp-content\/uploads\/2024\/12\/Page-Trade-In-300x150.png 300w, https:\/\/baflesoviedo.com\/home\/wp-content\/uploads\/2024\/12\/Page-Trade-In-768x384.png 768w, https:\/\/baflesoviedo.com\/home\/wp-content\/uploads\/2024\/12\/Page-Trade-In-600x300.png 600w, https:\/\/baflesoviedo.com\/home\/wp-content\/uploads\/2024\/12\/Page-Trade-In.png 1200w\" sizes=\"(max-width: 1024px) 100vw, 1024px\" \/><\/figure><\/div>\n\n\n<p class=\"has-white-color has-text-color has-background has-link-color wp-elements-a741eb347d532025bf75283e61546931\" style=\"background-color:#0c0a21;font-size:18px\">El nuevo <em>Trade-In Programme<\/em> consiste en la posibilidad de recibir equipos usados como parte del pago por equipos nuevos. Aplica a las marcas McIntosh Laboratories, Audio Research, PS Audio, Sonus Faber, Dynaudio, Bowers and Wilkins, Pro-Ject y Cambridge Audio. El cliente puede proponer equipos de su propiedad de cualquiera de estas marcas como parte del pago, y llevarse equipos nuevos de cualquiera de las mismas marcas indicadas. No aplica para otras marcas.<br><br>Es la oportunidad perfecta para dejar su equipo actual en buenas manos, y tomar el siguiente paso en su viaje musical con audio Hi-Fi o High End.<br><br><\/p>\n\n\n\n<hr class=\"wp-block-separator has-alpha-channel-opacity is-style-default\"\/>\n\n\n\n<p class=\"has-text-align-center has-white-color has-text-color has-background has-link-color wp-elements-35a1a0a5af7270b99abf923a371bc9c0\" style=\"background-color:#101428;font-size:23px\">Condiciones del programa:<\/p>\n\n\n\n<ol>\n<li style=\"font-size:18px\">Ac\u00fastica y Sonido S.A. se reserva el derecho de aceptar o rechazar el equipo propuesto por el cliente como parte del pago. El programa incluye modelos seleccionados de las marcas indicadas.<\/li>\n\n\n\n<li style=\"font-size:18px\">Se deber\u00e1 hacer un contrato de recepci\u00f3n del equipo usado que se recibe como parte del pago por un equipo nuevo. El cliente deber\u00e1 aportar las facturas originales de compra o en su defecto en el mismo contrato deber\u00e1 expresar declarando bajo juramento, que es el due\u00f1o del equipo que entrega, y que libera a Ac\u00fastica y Sonido S.A. de toda responsabilidad por cualquier reclamo futuro por parte de quien diga ser su titular.<\/li>\n\n\n\n<li style=\"font-size:18px\">Ac\u00fastica y Sonido S.A. revisar\u00e1 el equipo que el cliente propone como parte del pago y notificar\u00e1 si lo acepta o no.<\/li>\n\n\n\n<li style=\"font-size:18px\">El cliente deber\u00e1 cubrir todos los gastos de transporte y de revisi\u00f3n del equipo.<\/li>\n\n\n\n<li style=\"font-size:18px\">No se aceptan equipos da\u00f1ados o que presenten deterioro en su apariencia cosm\u00e9tica.<\/li>\n\n\n\n<li style=\"font-size:18px\">No se aceptan equipos con modificaciones.<\/li>\n\n\n\n<li style=\"font-size:18px\">El valor ofrecido por el equipo que se recibe deber\u00e1 ser aplicado a una compra inmediata.<\/li>\n\n\n\n<li style=\"font-size:18px\">Para la compra de una unidad de un modelo nuevo se recibe solo una unidad de equipo usado.<\/li>\n\n\n\n<li style=\"font-size:18px\">Se podr\u00e1 dar un estimado del valor de recibo una vez que se revise la unidad.<\/li>\n\n\n\n<li style=\"font-size:18px\">Lo ideal ser\u00e1 que el equipo a recibir venga con manuales y control remoto en buen estado, sino el valor estimado podr\u00eda ser menor.<\/li>\n\n\n\n<li style=\"font-size:18px\">El cliente deber\u00e1 entender que no podemos ofrecer el mismo precio de reventa del mercado y deber\u00e1 esperar precios m\u00e1s bajos por su equipo.<\/li>\n\n\n\n<li style=\"font-size:18px\">El valor que se otorgue al equipo propuesto como parte de pago, no podr\u00e1 exceder el 33% del valor total del equipo nuevo.<\/li>\n\n\n\n<li style=\"font-size:18px\">Las promociones y descuentos no aplican para aquellas ventas en que se recibe un equipo como parte del pago.<\/li>\n\n\n\n<li style=\"font-size:18px\">No recibimos equipos en consignaci\u00f3n.<\/li>\n<\/ol>\n","protected":false},"excerpt":{"rendered":"<p>El nuevo Trade-In Programme consiste en la posibilidad de recibir equipos usados como parte del pago por equipos nuevos. Aplica a las marcas McIntosh Laboratories, Audio Research, PS Audio, Sonus Faber, Dynaudio, Bowers and Wilkins, Pro-Ject y Cambridge Audio. El cliente puede proponer equipos de su propiedad de cualquiera de estas marcas como parte del [&hellip;]<\/p>\n","protected":false},"author":4,"featured_media":0,"parent":0,"menu_order":0,"comment_status":"closed","ping_status":"closed","template":"","meta":{"footnotes":""},"_links":{"self":[{"href":"https:\/\/baflesoviedo.com\/home\/wp-json\/wp\/v2\/pages\/4294"}],"collection":[{"href":"https:\/\/baflesoviedo.com\/home\/wp-json\/wp\/v2\/pages"}],"about":[{"href":"https:\/\/baflesoviedo.com\/home\/wp-json\/wp\/v2\/types\/page"}],"author":[{"embeddable":true,"href":"https:\/\/baflesoviedo.com\/home\/wp-json\/wp\/v2\/users\/4"}],"replies":[{"embeddable":true,"href":"https:\/\/baflesoviedo.com\/home\/wp-json\/wp\/v2\/comments?post=4294"}],"version-history":[{"count":9,"href":"https:\/\/baflesoviedo.com\/home\/wp-json\/wp\/v2\/pages\/4294\/revisions"}],"predecessor-version":[{"id":4321,"href":"https:\/\/baflesoviedo.com\/home\/wp-json\/wp\/v2\/pages\/4294\/revisions\/4321"}],"wp:attachment":[{"href":"https:\/\/baflesoviedo.com\/home\/wp-json\/wp\/v2\/media?parent=4294"}],"curies":[{"name":"wp","href":"https:\/\/api.w.org\/{rel}","templated":true}]}}