{"id":49,"date":"2020-04-02T22:48:23","date_gmt":"2020-04-02T22:48:23","guid":{"rendered":"https:\/\/baflesoviedo.com\/home\/?page_id=49"},"modified":"2020-04-23T23:21:34","modified_gmt":"2020-04-23T23:21:34","slug":"diseno","status":"publish","type":"page","link":"https:\/\/baflesoviedo.com\/home\/diseno\/","title":{"rendered":"DISE\u00d1O"},"content":{"rendered":"\n<figure class=\"wp-block-image size-large is-resized\"><img loading=\"lazy\" decoding=\"async\" src=\"https:\/\/baflesoviedo.com\/home\/wp-content\/uploads\/2020\/04\/design-banner-1024x249.png\" alt=\"\" class=\"wp-image-741\" width=\"1042\" height=\"253\" srcset=\"https:\/\/baflesoviedo.com\/home\/wp-content\/uploads\/2020\/04\/design-banner-1024x249.png 1024w, https:\/\/baflesoviedo.com\/home\/wp-content\/uploads\/2020\/04\/design-banner-300x73.png 300w, https:\/\/baflesoviedo.com\/home\/wp-content\/uploads\/2020\/04\/design-banner-768x186.png 768w, https:\/\/baflesoviedo.com\/home\/wp-content\/uploads\/2020\/04\/design-banner-600x146.png 600w, https:\/\/baflesoviedo.com\/home\/wp-content\/uploads\/2020\/04\/design-banner.png 1289w\" sizes=\"(max-width: 1042px) 100vw, 1042px\" \/><\/figure>\n\n\n\n<p style=\"font-size:14px\">Nuestro departamento de ingenier\u00eda ofrece servicio de dise\u00f1o especializado en sistemas residenciales e inspecci\u00f3n de obra, tanto dentro como fuera del pa\u00eds:<\/p>\n\n\n\n<ul><li>Acondicionamiento ac\u00fastico<\/li><li>Aislamiento ac\u00fastico y control de ruido<\/li><li>Salas para cine en casa<\/li><li>Sonido arquitect\u00f3nico o distribuido<\/li><li>Sistemas de streaming<\/li><li>Sistemas especiales para exteriores&nbsp;<\/li><li>Automatizaci\u00f3n de casas<\/li><li>Redes de \u00e1rea local (LAN) optimizadas para audio y video<\/li><li>Salas para sistemas Hi Fi y High End<\/li><\/ul>\n","protected":false},"excerpt":{"rendered":"<p>Nuestro departamento de ingenier\u00eda ofrece servicio de dise\u00f1o especializado en sistemas residenciales e inspecci\u00f3n de obra, tanto dentro como fuera del pa\u00eds: Acondicionamiento ac\u00fastico Aislamiento ac\u00fastico y control de ruido Salas para cine en casa Sonido arquitect\u00f3nico o distribuido Sistemas de streaming Sistemas especiales para exteriores&nbsp; Automatizaci\u00f3n de casas Redes de \u00e1rea local (LAN) optimizadas [&hellip;]<\/p>\n","protected":false},"author":1,"featured_media":0,"parent":0,"menu_order":1,"comment_status":"closed","ping_status":"closed","template":"sidebar-page.php","meta":{"footnotes":""},"_links":{"self":[{"href":"https:\/\/baflesoviedo.com\/home\/wp-json\/wp\/v2\/pages\/49"}],"collection":[{"href":"https:\/\/baflesoviedo.com\/home\/wp-json\/wp\/v2\/pages"}],"about":[{"href":"https:\/\/baflesoviedo.com\/home\/wp-json\/wp\/v2\/types\/page"}],"author":[{"embeddable":true,"href":"https:\/\/baflesoviedo.com\/home\/wp-json\/wp\/v2\/users\/1"}],"replies":[{"embeddable":true,"href":"https:\/\/baflesoviedo.com\/home\/wp-json\/wp\/v2\/comments?post=49"}],"version-history":[{"count":6,"href":"https:\/\/baflesoviedo.com\/home\/wp-json\/wp\/v2\/pages\/49\/revisions"}],"predecessor-version":[{"id":745,"href":"https:\/\/baflesoviedo.com\/home\/wp-json\/wp\/v2\/pages\/49\/revisions\/745"}],"wp:attachment":[{"href":"https:\/\/baflesoviedo.com\/home\/wp-json\/wp\/v2\/media?parent=49"}],"curies":[{"name":"wp","href":"https:\/\/api.w.org\/{rel}","templated":true}]}}