{"id":51,"date":"2020-04-02T22:49:10","date_gmt":"2020-04-02T22:49:10","guid":{"rendered":"https:\/\/baflesoviedo.com\/home\/?page_id=51"},"modified":"2020-05-20T17:01:58","modified_gmt":"2020-05-20T17:01:58","slug":"nuestra-historia","status":"publish","type":"page","link":"https:\/\/baflesoviedo.com\/home\/nuestra-historia\/","title":{"rendered":"NUESTRA HISTORIA"},"content":{"rendered":"\n<figure class=\"wp-block-image size-large\"><img loading=\"lazy\" decoding=\"async\" width=\"1024\" height=\"320\" src=\"https:\/\/baflesoviedo.com\/home\/wp-content\/uploads\/2020\/04\/banner-home-01b-1-1024x320.png\" alt=\"\" class=\"wp-image-64\" srcset=\"https:\/\/baflesoviedo.com\/home\/wp-content\/uploads\/2020\/04\/banner-home-01b-1-1024x320.png 1024w, https:\/\/baflesoviedo.com\/home\/wp-content\/uploads\/2020\/04\/banner-home-01b-1-300x94.png 300w, https:\/\/baflesoviedo.com\/home\/wp-content\/uploads\/2020\/04\/banner-home-01b-1-768x240.png 768w, https:\/\/baflesoviedo.com\/home\/wp-content\/uploads\/2020\/04\/banner-home-01b-1-1536x480.png 1536w, https:\/\/baflesoviedo.com\/home\/wp-content\/uploads\/2020\/04\/banner-home-01b-1-600x188.png 600w, https:\/\/baflesoviedo.com\/home\/wp-content\/uploads\/2020\/04\/banner-home-01b-1.png 1600w\" sizes=\"(max-width: 1024px) 100vw, 1024px\" \/><\/figure>\n\n\n\n<p><strong>Quienes somos:<\/strong><\/p>\n\n\n\n<p>Bafles Oviedo S.A, es una empresa localizada en Heredia- Costa Rica, que inici\u00f3 sus operaciones comerciales en 1.965, siendo pioneros en la fabricaci\u00f3n de bafles o cajas ac\u00fasticas para uso residencial y comercial.<\/p>\n\n\n\n<p>Actualmente, adem\u00e1s de dicha actividad, nos dedicamos a la venta e instalaci\u00f3n de Sistemas de Audio y V\u00eddeo as\u00ed como de componentes y accesorios. Contamos con la representaci\u00f3n para Costa Rica de marcas europeas y americanas; lo que nos ha permitido satisfacer las necesidades de nuestros clientes con productos no s\u00f3lo innovadores sino tambi\u00e9n acordes a cualquier presupuesto y que responden a altos est\u00e1ndares de calidad.<\/p>\n\n\n\n<p>Adem\u00e1s contamos con la divisi\u00f3n Ac\u00fastica y Sonido, la cual se especializa en soluciones audiovisuales comerciales y profesionales, suministrando servicios de ingenier\u00eda tanto en dise\u00f1o e inspecci\u00f3n de obras, as\u00ed como en la implementaci\u00f3n de sistemas y el soporte t\u00e9cnico para todos nuestros productos.<\/p>\n","protected":false},"excerpt":{"rendered":"<p>Quienes somos: Bafles Oviedo S.A, es una empresa localizada en Heredia- Costa Rica, que inici\u00f3 sus operaciones comerciales en 1.965, siendo pioneros en la fabricaci\u00f3n de bafles o cajas ac\u00fasticas para uso residencial y comercial. Actualmente, adem\u00e1s de dicha actividad, nos dedicamos a la venta e instalaci\u00f3n de Sistemas de Audio y V\u00eddeo as\u00ed como [&hellip;]<\/p>\n","protected":false},"author":1,"featured_media":0,"parent":0,"menu_order":3,"comment_status":"closed","ping_status":"closed","template":"sidebar-page.php","meta":{"footnotes":""},"_links":{"self":[{"href":"https:\/\/baflesoviedo.com\/home\/wp-json\/wp\/v2\/pages\/51"}],"collection":[{"href":"https:\/\/baflesoviedo.com\/home\/wp-json\/wp\/v2\/pages"}],"about":[{"href":"https:\/\/baflesoviedo.com\/home\/wp-json\/wp\/v2\/types\/page"}],"author":[{"embeddable":true,"href":"https:\/\/baflesoviedo.com\/home\/wp-json\/wp\/v2\/users\/1"}],"replies":[{"embeddable":true,"href":"https:\/\/baflesoviedo.com\/home\/wp-json\/wp\/v2\/comments?post=51"}],"version-history":[{"count":3,"href":"https:\/\/baflesoviedo.com\/home\/wp-json\/wp\/v2\/pages\/51\/revisions"}],"predecessor-version":[{"id":895,"href":"https:\/\/baflesoviedo.com\/home\/wp-json\/wp\/v2\/pages\/51\/revisions\/895"}],"wp:attachment":[{"href":"https:\/\/baflesoviedo.com\/home\/wp-json\/wp\/v2\/media?parent=51"}],"curies":[{"name":"wp","href":"https:\/\/api.w.org\/{rel}","templated":true}]}}