{"id":1006,"date":"2020-08-22T04:47:36","date_gmt":"2020-08-22T04:47:36","guid":{"rendered":"https:\/\/baflesoviedo.com\/home\/?post_type=product&#038;p=1006"},"modified":"2025-12-17T01:06:23","modified_gmt":"2025-12-17T01:06:23","slug":"pro-ject-stream-box-s2-ultra","status":"publish","type":"product","link":"https:\/\/baflesoviedo.com\/home\/product\/pro-ject-stream-box-s2-ultra\/","title":{"rendered":"Pro-Ject, Stream Box S2 Ultra, Network Bridge &#038; Detox USB"},"content":{"rendered":"<h2>Especificaciones T\u00e9cnicas<\/h2>\n<table class=\"my-3\">\n<tbody>\n<tr>\n<td class=\"pr-5 font-weight-bold\">Formatos de audio<\/td>\n<td>PCM 32bit\/352.8kHz, DSD256<\/td>\n<\/tr>\n<tr>\n<td class=\"pr-5 font-weight-bold\">Internet Radio<\/td>\n<td>TuneIn<\/td>\n<\/tr>\n<tr>\n<td class=\"pr-5 font-weight-bold\">Servicios de Streaming<\/td>\n<td>TIDAL, Spotify, Qobuz<\/td>\n<\/tr>\n<tr>\n<td class=\"pr-5 font-weight-bold\">Protocolos de datos soportados<\/td>\n<td>RAAT, Shairport, DLNA<\/td>\n<\/tr>\n<tr>\n<td class=\"pr-5 font-weight-bold\">Multi-room<\/td>\n<td>Hasta 6 dispositivos<\/td>\n<\/tr>\n<tr>\n<td class=\"pr-5 font-weight-bold\">Entradas<\/td>\n<td>2 x USB A<\/td>\n<\/tr>\n<tr>\n<td class=\"pr-5 font-weight-bold\"><\/td>\n<td>Micro USB B (PC-Detox)<\/td>\n<\/tr>\n<tr>\n<td class=\"pr-5 font-weight-bold\"><\/td>\n<td>Red (Ethernet, WiFi)<\/td>\n<\/tr>\n<tr>\n<td class=\"pr-5 font-weight-bold\"><\/td>\n<td>Bluetooth<\/td>\n<\/tr>\n<tr>\n<td class=\"pr-5 font-weight-bold\">WiFi Standards<\/td>\n<td>802.11 b\/g\/n\/d\/e\/h\/i<\/td>\n<\/tr>\n<tr>\n<td class=\"pr-5 font-weight-bold\">Bluetooth<\/td>\n<td>Bluetooth Classic + EDR v2.1, v3.0, v4.0 and Low Energy<\/td>\n<\/tr>\n<tr>\n<td class=\"pr-5 font-weight-bold\">Salidas<\/td>\n<td>Audio optimizado USB A<\/td>\n<\/tr>\n<tr>\n<td class=\"pr-5 font-weight-bold\"><\/td>\n<td>HDMI (video)<\/td>\n<\/tr>\n<tr>\n<td class=\"pr-5 font-weight-bold\">Controlable via<\/td>\n<td>App, Web Browser, Roon<\/td>\n<\/tr>\n<tr>\n<td class=\"pr-5 font-weight-bold\">Peso<\/td>\n<td>375 g (sin fuente de poder)<\/td>\n<\/tr>\n<tr>\n<td class=\"pr-5 font-weight-bold\">Dimensiones (WxHxD)<\/td>\n<td>105 x 37 x 105 mm<\/td>\n<\/tr>\n<\/tbody>\n<\/table>\n<p><a href=\"https:\/\/www.project-audio.com\/en\/product\/stream-box-s2-ultra\/\" target=\"_blank\" rel=\"noopener noreferrer\"><span style=\"color: #0000ff;\">Click aqu\u00ed para m\u00e1s informaci\u00f3n del producto<\/span><\/a><\/p>\n","protected":false},"excerpt":{"rendered":"<p>El objetivo principal del Stream Box S2 Ultra, es ser un dispositivo universal que pueda conectar cualquier DAC USB a la red, actualizando su DAC de gama alta favorito con capacidades de transmisi\u00f3n modernas y preparadas para el futuro.<\/p>\n<p>Con el avance de los servicios de transmisi\u00f3n por Internet, como TIDAL o Spotify, el inter\u00e9s del consumidor se ha desplazado hacia los dispositivos habilitados para la red. Sin embargo, muchos productos de gran sonido no ofrecen ninguna capacidad en red, ya sea porque son demasiado viejos o porque su enfoque principal no estaba en este tema. La soluci\u00f3n a menudo ha sido reemplazarlos con un dispositivo nuevo y moderno, transmitir audio a trav\u00e9s de Bluetooth o comprimir y usar un tel\u00e9fono inteligente o tableta a trav\u00e9s de su salida anal\u00f3gica para alimentar altavoces o amplificadores activos. Nunca hubo una soluci\u00f3n realmente buena para el consumidor. Hasta ahora.<\/p>\n","protected":false},"featured_media":1007,"template":"","meta":[],"product_cat":[19],"product_tag":[56,219,67],"_links":{"self":[{"href":"https:\/\/baflesoviedo.com\/home\/wp-json\/wp\/v2\/product\/1006"}],"collection":[{"href":"https:\/\/baflesoviedo.com\/home\/wp-json\/wp\/v2\/product"}],"about":[{"href":"https:\/\/baflesoviedo.com\/home\/wp-json\/wp\/v2\/types\/product"}],"wp:featuredmedia":[{"embeddable":true,"href":"https:\/\/baflesoviedo.com\/home\/wp-json\/wp\/v2\/media\/1007"}],"wp:attachment":[{"href":"https:\/\/baflesoviedo.com\/home\/wp-json\/wp\/v2\/media?parent=1006"}],"wp:term":[{"taxonomy":"product_cat","embeddable":true,"href":"https:\/\/baflesoviedo.com\/home\/wp-json\/wp\/v2\/product_cat?post=1006"},{"taxonomy":"product_tag","embeddable":true,"href":"https:\/\/baflesoviedo.com\/home\/wp-json\/wp\/v2\/product_tag?post=1006"}],"curies":[{"name":"wp","href":"https:\/\/api.w.org\/{rel}","templated":true}]}}