{"id":1021,"date":"2020-09-02T17:14:00","date_gmt":"2020-09-02T17:14:00","guid":{"rendered":"https:\/\/baflesoviedo.com\/home\/?post_type=product&#038;p=1021"},"modified":"2023-10-21T03:55:14","modified_gmt":"2023-10-21T03:55:14","slug":"lithe-audio-03211-bluetooth-5-ip44-altavoz-de-techo-para-bano-6-5-inalambrico-bluetooth-par","status":"publish","type":"product","link":"https:\/\/baflesoviedo.com\/home\/product\/lithe-audio-03211-bluetooth-5-ip44-altavoz-de-techo-para-bano-6-5-inalambrico-bluetooth-par\/","title":{"rendered":"Lithe Audio, 03211 Bluetooth 5, IP44, Altavoz de techo para ba\u00f1o 6.5&#8243; Inal\u00e1mbrico Bluetooth (Par)"},"content":{"rendered":"<p>&nbsp;<\/p>\n<p><strong>Especificaciones<\/strong><\/p>\n<table width=\"775\">\n<tbody>\n<tr>\n<td width=\"211\">CARACTERISTICAS<\/td>\n<td width=\"564\">Bluetooth 5.0 con una conexi\u00f3n de 30 m<\/td>\n<\/tr>\n<tr>\n<td width=\"211\"><\/td>\n<td width=\"564\">Amplificador integrado todo en uno y Bluetooth<\/td>\n<\/tr>\n<tr>\n<td width=\"211\"><\/td>\n<td width=\"564\">Se conecta f\u00e1cilmente a la toma de corriente o al circuito de iluminaci\u00f3n existente<\/td>\n<\/tr>\n<tr>\n<td width=\"211\"><\/td>\n<td width=\"564\">Rejilla protectora de metal sin marco, que se fija magn\u00e9ticamente al altavoz<\/td>\n<\/tr>\n<tr>\n<td width=\"211\"><\/td>\n<td width=\"564\">Funciona con Google Home Mini (no se requiere pin)<\/td>\n<\/tr>\n<tr>\n<td width=\"211\"><\/td>\n<td width=\"564\">Funciona con Amazon Echo dot (no se requiere pin)<\/td>\n<\/tr>\n<tr>\n<td width=\"211\">CONECTIVIDAD<\/td>\n<td width=\"564\">Funciona con cualquier dispositivo Bluetooth v5.0 (compatible con versiones anteriores)<\/td>\n<\/tr>\n<tr>\n<td width=\"211\"><\/td>\n<td width=\"564\">Chipset aptX de baja latencia<\/td>\n<\/tr>\n<tr>\n<td width=\"211\"><\/td>\n<td width=\"564\">Alcance inal\u00e1mbrico: hasta 30 metros (con dispositivos compatibles con Bluetooth V5.0)<\/td>\n<\/tr>\n<tr>\n<td width=\"211\"><\/td>\n<td width=\"564\">Detecta autom\u00e1ticamente la conexi\u00f3n RCA para TV, amplificador, etc.<\/td>\n<\/tr>\n<tr>\n<td width=\"211\"><\/td>\n<td width=\"564\">Salida para altavoz esclavo pasivo adicional<\/td>\n<\/tr>\n<tr>\n<td width=\"211\"><\/td>\n<td width=\"564\">Lithe LINK conecta hasta 3 altavoces BT maestros para reproducir en todos<\/td>\n<\/tr>\n<tr>\n<td width=\"211\">ESPECIFICACIONES DE AUDIO<\/td>\n<td width=\"564\">Woofer: Cono de polipropileno de 6.5 &#8220;<\/td>\n<\/tr>\n<tr>\n<td width=\"211\"><\/td>\n<td width=\"564\">Tweeter: Cono de titanio de 0,75 &#8220;<\/td>\n<\/tr>\n<tr>\n<td width=\"211\"><\/td>\n<td width=\"564\">Interruptor mono \/ est\u00e9reo<\/td>\n<\/tr>\n<tr>\n<td width=\"211\"><\/td>\n<td width=\"564\">Potencia RMS: 50 W RMS<\/td>\n<\/tr>\n<tr>\n<td width=\"211\"><\/td>\n<td width=\"564\">Impedancia: 8 ohmios<\/td>\n<\/tr>\n<tr>\n<td width=\"211\"><\/td>\n<td width=\"564\">Calidad de sonido THD + N 0.009%, 55Hz-20kHZ<\/td>\n<\/tr>\n<tr>\n<td width=\"211\"><\/td>\n<td width=\"564\">Sensibilidad (1W \/ 1m): 90dB<\/td>\n<\/tr>\n<tr>\n<td width=\"211\"><\/td>\n<td width=\"564\">Frecuencia de muestreo de audio: 8 kHz<\/td>\n<\/tr>\n<tr>\n<td width=\"211\"><\/td>\n<td width=\"564\">Amplificador digital de clase D<\/td>\n<\/tr>\n<tr>\n<td width=\"211\">ESPECIFICACIONES DEL ALTAVOZ<\/td>\n<td width=\"564\">210 mm de di\u00e1metro de corte<\/td>\n<\/tr>\n<tr>\n<td width=\"211\"><\/td>\n<td width=\"564\">Peso: 3,7kg<\/td>\n<\/tr>\n<tr>\n<td width=\"211\"><\/td>\n<td width=\"564\">Fuente de alimentaci\u00f3n: DC24V \/ 2.5A<\/td>\n<\/tr>\n<tr>\n<td width=\"211\"><\/td>\n<td width=\"564\">Dimensiones: (An x Pr) 230 x 97 mm<\/td>\n<\/tr>\n<tr>\n<td width=\"211\"><\/td>\n<td width=\"564\">Temperatura de funcionamiento: 0\u00ba a 40\u00ba C<\/td>\n<\/tr>\n<tr>\n<td width=\"211\"><\/td>\n<td width=\"564\">Temperatura de almacenamiento: -20\u00ba a 70\u00ba C<\/td>\n<\/tr>\n<\/tbody>\n<\/table>\n<p><a href=\"https:\/\/www.litheaudio.com\/bluetooth-ceiling-speakers\/lithe-audio-65-bluetooth-5-ip44-rated-bathroom-ceiling-speaker-pair.html\" target=\"_blank\" rel=\"noopener noreferrer\"><span style=\"color: #0000ff;\">Click aqu\u00ed para m\u00e1s informaci\u00f3n del producto<\/span><\/a><\/p>\n","protected":false},"excerpt":{"rendered":"<p>Nuestros altavoces de techo todo en uno inal\u00e1mbricos IP44 Bluetooth 5 le permiten reproducir Apple Music, Amazon Music, Spotify o cualquier otro servicio de transmisi\u00f3n de audio desde su tel\u00e9fono. Combinamos un amplificador, un receptor Bluetooth y un altavoz de alta calidad para ofrecerle la soluci\u00f3n todo en uno ideal para su propiedad. Nuestros modelos IP44 son resistentes al agua, lo que los hace ideales para ba\u00f1os.<\/p>\n<p>Precio por set.<\/p>\n","protected":false},"featured_media":1022,"template":"","meta":[],"product_cat":[124,23],"product_tag":[31,80,74,75],"_links":{"self":[{"href":"https:\/\/baflesoviedo.com\/home\/wp-json\/wp\/v2\/product\/1021"}],"collection":[{"href":"https:\/\/baflesoviedo.com\/home\/wp-json\/wp\/v2\/product"}],"about":[{"href":"https:\/\/baflesoviedo.com\/home\/wp-json\/wp\/v2\/types\/product"}],"wp:featuredmedia":[{"embeddable":true,"href":"https:\/\/baflesoviedo.com\/home\/wp-json\/wp\/v2\/media\/1022"}],"wp:attachment":[{"href":"https:\/\/baflesoviedo.com\/home\/wp-json\/wp\/v2\/media?parent=1021"}],"wp:term":[{"taxonomy":"product_cat","embeddable":true,"href":"https:\/\/baflesoviedo.com\/home\/wp-json\/wp\/v2\/product_cat?post=1021"},{"taxonomy":"product_tag","embeddable":true,"href":"https:\/\/baflesoviedo.com\/home\/wp-json\/wp\/v2\/product_tag?post=1021"}],"curies":[{"name":"wp","href":"https:\/\/api.w.org\/{rel}","templated":true}]}}