{"id":1025,"date":"2020-09-02T19:53:24","date_gmt":"2020-09-02T19:53:24","guid":{"rendered":"https:\/\/baflesoviedo.com\/home\/?post_type=product&#038;p=1025"},"modified":"2023-10-21T03:54:00","modified_gmt":"2023-10-21T03:54:00","slug":"lithe-audio-01670-altavoz-de-techo-para-bano-ip44-multi-habitacion-inalambrico-wifi-todo-en-uno-individual-maestro","status":"publish","type":"product","link":"https:\/\/baflesoviedo.com\/home\/product\/lithe-audio-01670-altavoz-de-techo-para-bano-ip44-multi-habitacion-inalambrico-wifi-todo-en-uno-individual-maestro\/","title":{"rendered":"Lithe Audio, 01670, Altavoz de techo para ba\u00f1o IP44 Multi-Habitaci\u00f3n, Inal\u00e1mbrico WiFi Todo en uno (Individual- Maestro)"},"content":{"rendered":"<p>&nbsp;<\/p>\n<p><strong>Especificaciones<\/strong><\/p>\n<table width=\"872\">\n<tbody>\n<tr>\n<td width=\"211\">CARACTERISTICAS<\/td>\n<td width=\"661\">Altavoz de techo para varias habitaciones<\/td>\n<\/tr>\n<tr>\n<td width=\"211\"><\/td>\n<td width=\"661\">Soluci\u00f3n todo en uno: amplificador y Wi-Fi integrados, solo agregue energ\u00eda.<\/td>\n<\/tr>\n<tr>\n<td width=\"211\"><\/td>\n<td width=\"661\">Se conecta f\u00e1cilmente a la toma de corriente o al circuito de iluminaci\u00f3n existente<\/td>\n<\/tr>\n<tr>\n<td width=\"211\"><\/td>\n<td width=\"661\">AirPlay y DLNA integrados<\/td>\n<\/tr>\n<tr>\n<td width=\"211\"><\/td>\n<td width=\"661\">Conecte hasta 30 altavoces maestros (30 zonas)<\/td>\n<\/tr>\n<tr>\n<td width=\"211\"><\/td>\n<td width=\"661\">Control de aplicaciones a trav\u00e9s de IOS o Android, control total con f\u00e1cil zonificaci\u00f3n de arrastrar y soltar<\/td>\n<\/tr>\n<tr>\n<td width=\"211\">CONECTIVIDAD<\/td>\n<td width=\"661\">Control de aplicaciones a trav\u00e9s de IOS o Android, control total con f\u00e1cil zonificaci\u00f3n de arrastrar y soltar<\/td>\n<\/tr>\n<tr>\n<td width=\"211\"><\/td>\n<td width=\"661\">Acceda al almacenamiento de m\u00fasica digital mediante la unidad NAS (disco duro en red).<\/td>\n<\/tr>\n<tr>\n<td width=\"211\"><\/td>\n<td width=\"661\">Con\u00e9ctese a WiFi existente de 2.4Ghz<\/td>\n<\/tr>\n<tr>\n<td width=\"211\"><\/td>\n<td width=\"661\">Certificaci\u00f3n Apple Airplay<\/td>\n<\/tr>\n<tr>\n<td width=\"211\"><\/td>\n<td width=\"661\">Conexiones DLNA \/ uPnP<\/td>\n<\/tr>\n<tr>\n<td width=\"211\"><\/td>\n<td width=\"661\">Entrada de l\u00ednea (entrada RCA)<\/td>\n<\/tr>\n<tr>\n<td width=\"211\"><\/td>\n<td width=\"661\">WiFi con certificaci\u00f3n de 2,4 Ghz (802.11b \/ g \/ n)<\/td>\n<\/tr>\n<tr>\n<td width=\"211\">ESPECIFICACIONES DE AUDIO<\/td>\n<td width=\"661\">Woofer: Cono de polipropileno de 6.5 &#8220;<\/td>\n<\/tr>\n<tr>\n<td width=\"211\"><\/td>\n<td width=\"661\">Tweeter: Cono de titanio de 0,75 &#8220;<\/td>\n<\/tr>\n<tr>\n<td width=\"211\"><\/td>\n<td width=\"661\">Interruptor mono \/ est\u00e9reo<\/td>\n<\/tr>\n<tr>\n<td width=\"211\"><\/td>\n<td width=\"661\">Potencia RMS: 60 W RMS<\/td>\n<\/tr>\n<tr>\n<td width=\"211\"><\/td>\n<td width=\"661\">Impedancia: 8 ohmios<\/td>\n<\/tr>\n<tr>\n<td width=\"211\"><\/td>\n<td width=\"661\">Calidad de sonido THD + N 0.009%, 65Hz-20kHZ<\/td>\n<\/tr>\n<tr>\n<td width=\"211\"><\/td>\n<td width=\"661\">Sensibilidad (1W \/ 1m): 90dB<\/td>\n<\/tr>\n<tr>\n<td width=\"211\"><\/td>\n<td width=\"661\">Frecuencia de muestreo de audio: 8 kHz<\/td>\n<\/tr>\n<tr>\n<td width=\"211\"><\/td>\n<td width=\"661\">Amplificador digital de clase D<\/td>\n<\/tr>\n<tr>\n<td width=\"211\">ESPECIFICACIONES DEL ALTAVOZ<\/td>\n<td width=\"661\">210 mm de di\u00e1metro de corte<\/td>\n<\/tr>\n<tr>\n<td width=\"211\"><\/td>\n<td width=\"661\">Peso: 3,7kg<\/td>\n<\/tr>\n<tr>\n<td width=\"211\"><\/td>\n<td width=\"661\">Fuente de alimentaci\u00f3n: DC24V \/ 2.5A<\/td>\n<\/tr>\n<tr>\n<td width=\"211\"><\/td>\n<td width=\"661\">Dimensiones: (An x Pr) 230 x 95 mm<\/td>\n<\/tr>\n<tr>\n<td width=\"211\"><\/td>\n<td width=\"661\">Temperatura de funcionamiento: 0\u00ba a 40\u00ba C<\/td>\n<\/tr>\n<tr>\n<td width=\"211\"><\/td>\n<td width=\"661\">Temperatura de almacenamiento: -20\u00ba a 70\u00ba C<\/td>\n<\/tr>\n<\/tbody>\n<\/table>\n<p><a href=\"https:\/\/www.litheaudio.com\/wifi-multi-room-ceiling-speakers\/01670.html\" target=\"_blank\" rel=\"noopener noreferrer\"><span style=\"color: #0000ff;\">Click aqu\u00ed para m\u00e1s informaci\u00f3n del producto<\/span><\/a><\/p>\n","protected":false},"excerpt":{"rendered":"<p>Altavoces de techo inal\u00e1mbricos con WiFi para varias habitaciones todo en uno IP44 combinan un amplificador, un receptor WiFi y un altavoz de alta calidad para ofrecerle la soluci\u00f3n todo en uno ideal para su ba\u00f1o. Transmita en varias habitaciones hasta 30 altavoces principales mediante la aplicaci\u00f3n Lithe Audio (disponible en iOS y Android). Acceda a su biblioteca de Spotify, transmita desde Tidal, Deezer, TuneIn o vTuner, todo dentro de la aplicaci\u00f3n para audio en varias habitaciones.<\/p>\n<p>Precio por unidad.<\/p>\n","protected":false},"featured_media":1026,"template":"","meta":[],"product_cat":[124,22],"product_tag":[31,74,75,73],"_links":{"self":[{"href":"https:\/\/baflesoviedo.com\/home\/wp-json\/wp\/v2\/product\/1025"}],"collection":[{"href":"https:\/\/baflesoviedo.com\/home\/wp-json\/wp\/v2\/product"}],"about":[{"href":"https:\/\/baflesoviedo.com\/home\/wp-json\/wp\/v2\/types\/product"}],"wp:featuredmedia":[{"embeddable":true,"href":"https:\/\/baflesoviedo.com\/home\/wp-json\/wp\/v2\/media\/1026"}],"wp:attachment":[{"href":"https:\/\/baflesoviedo.com\/home\/wp-json\/wp\/v2\/media?parent=1025"}],"wp:term":[{"taxonomy":"product_cat","embeddable":true,"href":"https:\/\/baflesoviedo.com\/home\/wp-json\/wp\/v2\/product_cat?post=1025"},{"taxonomy":"product_tag","embeddable":true,"href":"https:\/\/baflesoviedo.com\/home\/wp-json\/wp\/v2\/product_tag?post=1025"}],"curies":[{"name":"wp","href":"https:\/\/api.w.org\/{rel}","templated":true}]}}