{"id":1058,"date":"2020-10-13T17:34:40","date_gmt":"2020-10-13T17:34:40","guid":{"rendered":"https:\/\/baflesoviedo.com\/home\/?post_type=product&#038;p=1058"},"modified":"2024-07-12T01:13:17","modified_gmt":"2024-07-12T01:13:17","slug":"dynaudio-contour-20i-altavoz","status":"publish","type":"product","link":"https:\/\/baflesoviedo.com\/home\/product\/dynaudio-contour-20i-altavoz\/","title":{"rendered":"Dynaudio, Contour 20i, Altavoz Librero"},"content":{"rendered":"<table style=\"height: 358px;\" width=\"521\">\n<tbody>\n<tr>\n<td width=\"281\">Sensibilidad:<\/td>\n<td width=\"195\">86dB (2,83 V \/ 1 m)<\/td>\n<\/tr>\n<tr>\n<td width=\"281\">Manejo de potencia IEC:<\/td>\n<td width=\"195\">180W<\/td>\n<\/tr>\n<tr>\n<td width=\"281\">Impedancia:<\/td>\n<td width=\"195\">4 \u03a9<\/td>\n<\/tr>\n<tr>\n<td width=\"281\">Respuesta de frecuencia (\u00b1 3 dB):<\/td>\n<td width=\"195\">39 Hz-23 kHz<\/td>\n<\/tr>\n<tr>\n<td width=\"281\">Tipo de caja:<\/td>\n<td width=\"195\">Bass reflex con puerto trasero<\/td>\n<\/tr>\n<tr>\n<td width=\"281\">Transversal:<\/td>\n<td width=\"195\">2 v\u00edas<\/td>\n<\/tr>\n<tr>\n<td width=\"281\">Frecuencia de crossover:<\/td>\n<td width=\"195\">2200 Hz<\/td>\n<\/tr>\n<tr>\n<td width=\"281\">Topolog\u00eda de crossover:<\/td>\n<td width=\"195\">Segundo orden<\/td>\n<\/tr>\n<tr>\n<td width=\"281\">Woofer:<\/td>\n<td width=\"195\">MSP de 18cm<\/td>\n<\/tr>\n<tr>\n<td width=\"281\">Rango medio:<\/td>\n<td width=\"195\">&#8211;<\/td>\n<\/tr>\n<tr>\n<td width=\"281\">Tweeter:<\/td>\n<td width=\"195\">Esotar2i de 28 mm<\/td>\n<\/tr>\n<tr>\n<td width=\"281\">Peso:<\/td>\n<td width=\"195\">14 kg \/ 30 7\/8 libras<\/td>\n<\/tr>\n<tr>\n<td width=\"281\">Dimensiones (An x Al x Pr):<\/td>\n<td width=\"195\">215x440x360mm<\/td>\n<\/tr>\n<tr>\n<td width=\"281\"><\/td>\n<td width=\"195\">8.5&#215;17.3&#215;14.2 pulgadas<\/td>\n<\/tr>\n<tr>\n<td width=\"281\">Dimensiones con pies \/ rejilla (An x Al x Pr):<\/td>\n<td width=\"195\">215x440x396mm<\/td>\n<\/tr>\n<tr>\n<td width=\"281\"><\/td>\n<td width=\"195\">8.5&#215;17.3&#215;15.6 pulgadas<\/td>\n<\/tr>\n<\/tbody>\n<\/table>\n<p><a href=\"https:\/\/www.dynaudio.com\/home-audio\/contour-i\/contour-20i\" target=\"_blank\" rel=\"noopener noreferrer\"><span style=\"color: #0000ff;\">Click aqu\u00ed para m\u00e1s informaci\u00f3n del producto<\/span><\/a><\/p>\n","protected":false},"excerpt":{"rendered":"<p>El nuevo Contour 20i ha sido dise\u00f1ado para superar a todos los dem\u00e1s modelos Contour de soporte que hemos creado. Y lo consigue.<\/p>\n<p>El nuevo tweeter Esotar 2i es una versi\u00f3n turbo del querido Esotar2. Ahora cuenta con una c\u00e1mara trasera m\u00e1s grande para una amortiguaci\u00f3n m\u00e1s efectiva, y la innovadora c\u00fapula interior Hexis que se ve en Confidence, Core y m\u00e1s. Juntos aplanan la respuesta de frecuencia y reducen las resonancias no deseadas para obtener agudos a\u00fan m\u00e1s claros y suaves.<\/p>\n<p>El woofer tambi\u00e9n se ha modificado. Todav\u00eda est\u00e1 hecho de nuestro propio material de pol\u00edmero de silicato de magnesio (MSP), por supuesto, todav\u00eda est\u00e1 impulsado por una bobina de voz de aluminio liviana, y todav\u00eda usa un sistema de im\u00e1n de ferrita dual ventilado, pero detr\u00e1s del distintivo cono negro se esconde una marca- nueva suspensi\u00f3n de ara\u00f1a. Este est\u00e1 hecho de fibras de aramida y conserva las ingeniosas propiedades estructurales de antes (las nervaduras son de ancho variable para dar un control a\u00fan m\u00e1s fino sobre la excursi\u00f3n del cono).<\/p>\n<p>Y debido a que esos cambios en el controlador proporcionan una respuesta de frecuencia inherentemente plana, tambi\u00e9n hemos podido simplificar el crossover. Es una cosa hermosa, \u00bfno? Ya no es necesario un circuito de correcci\u00f3n de impedancia adicional, lo que significa una ruta de se\u00f1al a\u00fan m\u00e1s directa. Y sonido m\u00e1s limpio.<\/p>\n<p>Disponible en negro o walnut.<\/p>\n","protected":false},"featured_media":2637,"template":"","meta":[],"product_cat":[123,122],"product_tag":[31,184,58,185],"_links":{"self":[{"href":"https:\/\/baflesoviedo.com\/home\/wp-json\/wp\/v2\/product\/1058"}],"collection":[{"href":"https:\/\/baflesoviedo.com\/home\/wp-json\/wp\/v2\/product"}],"about":[{"href":"https:\/\/baflesoviedo.com\/home\/wp-json\/wp\/v2\/types\/product"}],"wp:featuredmedia":[{"embeddable":true,"href":"https:\/\/baflesoviedo.com\/home\/wp-json\/wp\/v2\/media\/2637"}],"wp:attachment":[{"href":"https:\/\/baflesoviedo.com\/home\/wp-json\/wp\/v2\/media?parent=1058"}],"wp:term":[{"taxonomy":"product_cat","embeddable":true,"href":"https:\/\/baflesoviedo.com\/home\/wp-json\/wp\/v2\/product_cat?post=1058"},{"taxonomy":"product_tag","embeddable":true,"href":"https:\/\/baflesoviedo.com\/home\/wp-json\/wp\/v2\/product_tag?post=1058"}],"curies":[{"name":"wp","href":"https:\/\/api.w.org\/{rel}","templated":true}]}}