{"id":1142,"date":"2020-10-22T15:26:23","date_gmt":"2020-10-22T15:26:23","guid":{"rendered":"https:\/\/baflesoviedo.com\/home\/?post_type=product&#038;p=1142"},"modified":"2023-10-21T03:11:01","modified_gmt":"2023-10-21T03:11:01","slug":"visaton-conga-altavoz","status":"publish","type":"product","link":"https:\/\/baflesoviedo.com\/home\/product\/visaton-conga-altavoz\/","title":{"rendered":"Visaton, Conga, Altavoz"},"content":{"rendered":"<p>&nbsp;<\/p>\n<p><strong>Especificaciones<\/strong><\/p>\n<table width=\"341\">\n<tbody>\n<tr>\n<td width=\"227\">Potencia nominal<\/td>\n<td width=\"115\">200 W<\/td>\n<\/tr>\n<tr>\n<td width=\"227\">Poder m\u00e1ximo<\/td>\n<td width=\"115\">350 W<\/td>\n<\/tr>\n<tr>\n<td width=\"227\">Impedancia nominal Z<\/td>\n<td width=\"115\">8 ohmios<\/td>\n<\/tr>\n<tr>\n<td width=\"227\">Rango de transmisi\u00f3n (-10 dB)<\/td>\n<td width=\"115\">35-25 000 Hz<\/td>\n<\/tr>\n<tr>\n<td width=\"227\">Nivel de presi\u00f3n sonora promedio<\/td>\n<td width=\"115\">88 dB (1 W \/ 1 m)<\/td>\n<\/tr>\n<tr>\n<td width=\"227\">Frecuencia crossover<\/td>\n<td width=\"115\">180\/3500 Hz<\/td>\n<\/tr>\n<tr>\n<td width=\"227\">Tipo de caja<\/td>\n<td width=\"115\">Reflejo de graves<\/td>\n<\/tr>\n<tr>\n<td width=\"227\">Volumen neto<\/td>\n<td width=\"115\">80 l + 5 l<\/td>\n<\/tr>\n<tr>\n<td width=\"227\">Altura de dimensi\u00f3n externa<\/td>\n<td width=\"115\">1045 mm<\/td>\n<\/tr>\n<tr>\n<td width=\"227\">Ancho de dimensi\u00f3n externa<\/td>\n<td width=\"115\">315 mm<\/td>\n<\/tr>\n<tr>\n<td width=\"227\">Profundidad de dimensi\u00f3n externa<\/td>\n<td width=\"115\">360 mm<\/td>\n<\/tr>\n<\/tbody>\n<\/table>\n<p><a href=\"https:\/\/www.visaton.de\/en\/products\/3-way-speakers\/conga\" target=\"_blank\" rel=\"noopener noreferrer\"><span style=\"color: #0000ff;\">Click aqu\u00ed para m\u00e1s informaci\u00f3n del producto<\/span><\/a><\/p>\n","protected":false},"excerpt":{"rendered":"<p>Con su CONGA Visaton ha producido un &#8220;hermano mayor&#8221; para acompa\u00f1ar las cl\u00e1sicas combinaciones de 3 bandas como el CLASSIC 200 o el CLASSIC 200 GF. Con un volumen de caja de 85 litros y los controladores de subwoofer de 25 cm montados en la parte delantera, este altavoz de columna es un atractivo impresionante.<\/p>\n<p>El aspecto externo est\u00e1 subrayado por la s\u00f3lida base de graves proporcionada por la TIW 250 XS &#8211; 8 OHM. Este woofer de alta gama domina el arte de las oleadas de graves potentes y sensibles con la misma eficacia que el acompa\u00f1amiento de graves m\u00e1s sobrio y sutil.<\/p>\n<p>El AL 130 M &#8211; 8 OHM, la versi\u00f3n especialmente modificada del popular AL 130 &#8211; 8 OHM dise\u00f1ado para producir una mayor sensibilidad en el rango medio, contin\u00faa la respuesta de frecuencia pr\u00e1cticamente lineal sin problemas a un nivel alto.<\/p>\n<p>El tweeter KE 25 SC &#8211; 8 OHM, que se conecta a 3500 Hz, no tiene ninguna dificultad para producir agudos brillantes y n\u00edtidos, incluso a niveles de volumen altos, raz\u00f3n por la cual este controlador de c\u00fapula de cer\u00e1mica es ideal para redondear la parte superior final de esta poderosa combinaci\u00f3n de 3 bandas.<\/p>\n","protected":false},"featured_media":1143,"template":"","meta":[],"product_cat":[123,121,82],"product_tag":[31,40,99,61],"_links":{"self":[{"href":"https:\/\/baflesoviedo.com\/home\/wp-json\/wp\/v2\/product\/1142"}],"collection":[{"href":"https:\/\/baflesoviedo.com\/home\/wp-json\/wp\/v2\/product"}],"about":[{"href":"https:\/\/baflesoviedo.com\/home\/wp-json\/wp\/v2\/types\/product"}],"wp:featuredmedia":[{"embeddable":true,"href":"https:\/\/baflesoviedo.com\/home\/wp-json\/wp\/v2\/media\/1143"}],"wp:attachment":[{"href":"https:\/\/baflesoviedo.com\/home\/wp-json\/wp\/v2\/media?parent=1142"}],"wp:term":[{"taxonomy":"product_cat","embeddable":true,"href":"https:\/\/baflesoviedo.com\/home\/wp-json\/wp\/v2\/product_cat?post=1142"},{"taxonomy":"product_tag","embeddable":true,"href":"https:\/\/baflesoviedo.com\/home\/wp-json\/wp\/v2\/product_tag?post=1142"}],"curies":[{"name":"wp","href":"https:\/\/api.w.org\/{rel}","templated":true}]}}