{"id":1163,"date":"2020-11-03T17:03:08","date_gmt":"2020-11-03T17:03:08","guid":{"rendered":"https:\/\/baflesoviedo.com\/home\/?post_type=product&#038;p=1163"},"modified":"2025-07-02T20:57:02","modified_gmt":"2025-07-02T20:57:02","slug":"rotel-rb-1590-amplificador","status":"publish","type":"product","link":"https:\/\/baflesoviedo.com\/home\/product\/rotel-rb-1590-amplificador\/","title":{"rendered":"Rotel, RB-1590, Amplificador Stereo"},"content":{"rendered":"<p>&nbsp;<\/p>\n<p><strong>Especificaciones<\/strong><\/p>\n<table width=\"525\">\n<tbody>\n<tr>\n<td width=\"267\">DIMENSIONES (AN \u00d7 AL \u00d7 P)<\/td>\n<td width=\"259\">431 \u00d7 237 \u00d7 454mm<\/td>\n<\/tr>\n<tr>\n<td width=\"267\"><\/td>\n<td width=\"259\">17&#8243; \u00d7 9.75&#8243; \u00d7 17.9&#8243;<\/td>\n<\/tr>\n<tr>\n<td width=\"267\">ALTURA DEL PANEL FRONTAL<\/td>\n<td width=\"259\">5U \/ 221mm (8.75&#8243;)<\/td>\n<\/tr>\n<tr>\n<td width=\"267\">ALIMENTACI\u00d3N<\/td>\n<td width=\"259\">120V, 60Hz<\/td>\n<\/tr>\n<tr>\n<td width=\"267\">CONSUMO<\/td>\n<td width=\"259\">800W<\/td>\n<\/tr>\n<tr>\n<td width=\"267\">CONSUMO\u00a0EN STANDBY<\/td>\n<td width=\"259\">0.5W<\/td>\n<\/tr>\n<tr>\n<td width=\"267\">PESO NETO<\/td>\n<td width=\"259\">38.1kg (84lbs.)<\/td>\n<\/tr>\n<tr>\n<td width=\"267\">BTU\u00a0(4\u03a9, a 1\/8o de la potencia)<\/td>\n<td width=\"259\">2100 BTU\/h<\/td>\n<\/tr>\n<tr>\n<td width=\"267\">POTENCIA CONTINUA DE SALIDA<\/td>\n<td width=\"259\">350W\/Ch (Todos canales impulsada, 8\u03a9)<\/td>\n<\/tr>\n<tr>\n<td width=\"267\">DISTORSI\u00d3N ARM\u00d3NICA TOTAL<\/td>\n<td width=\"259\">(20Hz\u201320kHz) &lt;0.03%<\/td>\n<\/tr>\n<tr>\n<td width=\"267\">RESPUESTA EN FRECUENCIA<\/td>\n<td width=\"259\">10Hz &#8211; 100kHz \u00b10.5dB<\/td>\n<\/tr>\n<tr>\n<td width=\"267\">RELACI\u00d3N SE\u00d1AL\/RUIDO<\/td>\n<td width=\"259\">(norma IHF\/ponderaci\u00f3n A)<\/td>\n<\/tr>\n<tr>\n<td width=\"267\"><\/td>\n<td width=\"259\">120dB<\/td>\n<\/tr>\n<tr>\n<td width=\"267\">GANANCIA<\/td>\n<td width=\"259\">RCA: 27.5dB<\/td>\n<\/tr>\n<tr>\n<td width=\"267\"><\/td>\n<td width=\"259\">XLR: 23.5dB<\/td>\n<\/tr>\n<tr>\n<td width=\"267\">DISTORSI\u00d3N POR INTERMODULACI\u00d3N<\/td>\n<td width=\"259\">(60Hz:7kHz, 4:1) &lt;0.03%<\/td>\n<\/tr>\n<tr>\n<td width=\"267\">FACTOR DE AMORTIGUAMIENTO<\/td>\n<td width=\"259\">300<\/td>\n<\/tr>\n<tr>\n<td width=\"267\">IMPEDANCIA DEL ALTAVOZ<\/td>\n<td width=\"259\">4\u03a9 minimum<\/td>\n<\/tr>\n<tr>\n<td width=\"267\">SENSIBILIDAD DE LAS ENTRADAS DE L\u00cdNEA<\/td>\n<td width=\"259\">Entradas de L\u00ednea\u00a0(RCA): 2.2V<\/td>\n<\/tr>\n<tr>\n<td width=\"267\"><\/td>\n<td width=\"259\">Entradas de L\u00ednea\u00a0(XLR): 3.5V<\/td>\n<\/tr>\n<tr>\n<td width=\"267\">IMPEDANCIA DE LAS ENTRADAS DE L\u00cdNEA<\/td>\n<td width=\"259\">Entradas de L\u00ednea\u00a0(RCA): 12k\u03a9<\/td>\n<\/tr>\n<tr>\n<td width=\"267\"><\/td>\n<td width=\"259\">Entradas de L\u00ednea\u00a0(XLR): 100k\u03a9<\/td>\n<\/tr>\n<tr>\n<td width=\"267\">DIAFON\u00cdA \/ SEPARACI\u00d3N ENTRE CANALES<\/td>\n<td width=\"259\">&gt;50dB<\/td>\n<\/tr>\n<\/tbody>\n<\/table>\n<p><a href=\"http:\/\/www.rotel.com\/es-la\/product\/rb-1590\" target=\"_blank\" rel=\"noopener noreferrer\"><span style=\"color: #0000ff;\">Click aqu\u00ed para m\u00e1s informaci\u00f3n del producto<\/span><\/a><\/p>\n","protected":false},"excerpt":{"rendered":"<p>Las impresionantes posibilidades de este amplificador comienzan con un fundamento muy s\u00f3lido consistente en dos transformadores toroidales masivos gemelos hechos a medida por Rotel. Estos transformadores son s\u00f3lo una parte de una fuente de alimentaci\u00f3n s\u00f3lida como una roca que incluye ocho condensadores especiales fabricados por la compa\u00f1\u00eda brit\u00e1nica BHC, conocidos por sus bajas p\u00e9rdidas y sus extremadamente r\u00e1pidos tiempos de respuesta. Estos componentes continuar\u00e1n suministrando toda la tensi\u00f3n y toda la corriente requerida incluso en las condiciones de trabajo y de carga m\u00e1s dif\u00edciles.\u00a0Incluye transformadores dual toroidal y capacitores especiales slit foil brit\u00e1nicos, as\u00ed como entradas XLR balanceadas. Disponible en acabados silver o black.<span class=\"Apple-converted-space\">\u00a0<\/span><\/p>\n","protected":false},"featured_media":3311,"template":"","meta":[],"product_cat":[19],"product_tag":[163,40,106],"_links":{"self":[{"href":"https:\/\/baflesoviedo.com\/home\/wp-json\/wp\/v2\/product\/1163"}],"collection":[{"href":"https:\/\/baflesoviedo.com\/home\/wp-json\/wp\/v2\/product"}],"about":[{"href":"https:\/\/baflesoviedo.com\/home\/wp-json\/wp\/v2\/types\/product"}],"wp:featuredmedia":[{"embeddable":true,"href":"https:\/\/baflesoviedo.com\/home\/wp-json\/wp\/v2\/media\/3311"}],"wp:attachment":[{"href":"https:\/\/baflesoviedo.com\/home\/wp-json\/wp\/v2\/media?parent=1163"}],"wp:term":[{"taxonomy":"product_cat","embeddable":true,"href":"https:\/\/baflesoviedo.com\/home\/wp-json\/wp\/v2\/product_cat?post=1163"},{"taxonomy":"product_tag","embeddable":true,"href":"https:\/\/baflesoviedo.com\/home\/wp-json\/wp\/v2\/product_tag?post=1163"}],"curies":[{"name":"wp","href":"https:\/\/api.w.org\/{rel}","templated":true}]}}