{"id":1170,"date":"2020-11-03T17:09:04","date_gmt":"2020-11-03T17:09:04","guid":{"rendered":"https:\/\/baflesoviedo.com\/home\/?post_type=product&#038;p=1170"},"modified":"2025-07-02T20:56:39","modified_gmt":"2025-07-02T20:56:39","slug":"rotel-rb-1582-mkii-amplificador","status":"publish","type":"product","link":"https:\/\/baflesoviedo.com\/home\/product\/rotel-rb-1582-mkii-amplificador\/","title":{"rendered":"Rotel, RB-1582 MKII, Amplificador Stereo"},"content":{"rendered":"<p>&nbsp;<\/p>\n<p><strong>Especificaciones<\/strong><\/p>\n<table width=\"525\">\n<tbody>\n<tr>\n<td width=\"267\">DIMENSIONES (AN \u00d7 AL \u00d7 P)<\/td>\n<td width=\"259\">431 \u00d7 144 \u00d7 407mm<\/td>\n<\/tr>\n<tr>\n<td width=\"267\"><\/td>\n<td width=\"259\">17&#8243; \u00d7 5.7&#8243; \u00d7 16&#8243;<\/td>\n<\/tr>\n<tr>\n<td width=\"267\">ALTURA DEL PANEL FRONTAL<\/td>\n<td width=\"259\">3U \/ 132.6mm (5.25&#8243;)<\/td>\n<\/tr>\n<tr>\n<td width=\"267\">ALIMENTACI\u00d3N<\/td>\n<td width=\"259\">120V, 60Hz<\/td>\n<\/tr>\n<tr>\n<td width=\"267\">CONSUMO<\/td>\n<td width=\"259\">550W<\/td>\n<\/tr>\n<tr>\n<td width=\"267\">CONSUMO\u00a0EN STANDBY<\/td>\n<td width=\"259\">0.5W<\/td>\n<\/tr>\n<tr>\n<td width=\"267\">PESO NETO<\/td>\n<td width=\"259\">17.6kg (39lbs.)<\/td>\n<\/tr>\n<tr>\n<td width=\"267\">BTU\u00a0(4\u03a9, a 1\/8o de la potencia)<\/td>\n<td width=\"259\">1104 BTU\/h<\/td>\n<\/tr>\n<tr>\n<td width=\"267\">POTENCIA CONTINUA DE SALIDA<\/td>\n<td width=\"259\">200W\/Ch (Todos canales impulsada, 8\u03a9)<\/td>\n<\/tr>\n<tr>\n<td width=\"267\">DISTORSI\u00d3N ARM\u00d3NICA TOTAL<\/td>\n<td width=\"259\">(20Hz\u201320kHz) &lt;0.03%<\/td>\n<\/tr>\n<tr>\n<td width=\"267\">RESPUESTA EN FRECUENCIA<\/td>\n<td width=\"259\">10Hz &#8211; 100kHz \u00b10.5dB<\/td>\n<\/tr>\n<tr>\n<td width=\"267\">RELACI\u00d3N SE\u00d1AL\/RUIDO<\/td>\n<td width=\"259\">(norma IHF\/ponderaci\u00f3n A)<\/td>\n<\/tr>\n<tr>\n<td width=\"267\"><\/td>\n<td width=\"259\">116dB<\/td>\n<\/tr>\n<tr>\n<td width=\"267\">GANANCIA<\/td>\n<td width=\"259\">RCA: 26.5dB<\/td>\n<\/tr>\n<tr>\n<td width=\"267\"><\/td>\n<td width=\"259\">XLR: 22.5dB<\/td>\n<\/tr>\n<tr>\n<td width=\"267\">DISTORSI\u00d3N POR INTERMODULACI\u00d3N<\/td>\n<td width=\"259\">(60Hz:7kHz, 4:1) &lt;0.03%<\/td>\n<\/tr>\n<tr>\n<td width=\"267\">FACTOR DE AMORTIGUAMIENTO<\/td>\n<td width=\"259\">800<\/td>\n<\/tr>\n<tr>\n<td width=\"267\">IMPEDANCIA DEL ALTAVOZ<\/td>\n<td width=\"259\">4\u03a9 minimum<\/td>\n<\/tr>\n<tr>\n<td width=\"267\">SENSIBILIDAD DE LAS ENTRADAS DE L\u00cdNEA<\/td>\n<td width=\"259\">Entradas de L\u00ednea\u00a0(RCA): 1.9V<\/td>\n<\/tr>\n<tr>\n<td width=\"267\"><\/td>\n<td width=\"259\">Entradas de L\u00ednea\u00a0(XLR): 3.0V<\/td>\n<\/tr>\n<tr>\n<td width=\"267\">IMPEDANCIA DE LAS ENTRADAS DE L\u00cdNEA<\/td>\n<td width=\"259\">Entradas de L\u00ednea\u00a0(RCA): 12k\u03a9<\/td>\n<\/tr>\n<tr>\n<td width=\"267\"><\/td>\n<td width=\"259\">Entradas de L\u00ednea\u00a0(XLR): 100k\u03a9<\/td>\n<\/tr>\n<\/tbody>\n<\/table>\n<p><a href=\"http:\/\/www.rotel.com\/es-la\/product\/rb-1582-mkii\" target=\"_blank\" rel=\"noopener noreferrer\"><span style=\"color: #0000ff;\">Click aqu\u00ed para m\u00e1s informaci\u00f3n del producto<\/span><\/a><\/p>\n","protected":false},"excerpt":{"rendered":"<p>El segundo amplificador est\u00e9reo m\u00e1s grande de Rotel, con 200 vatios por canal, suministra una corriente lo suficientemente potente como para poner en funcionamiento sin esfuerzo los sistemas de alta fidelidad m\u00e1s enormes. El RB-1582 MKII ha sido dise\u00f1ada para brillar tanto a la hora de resolver los detalles m\u00e1s sutiles de la m\u00fasica como de suministrar la energ\u00eda requerida por pasajes sonoros extremadamente din\u00e1micos. Es capaz de satisfacer esta dif\u00edcil doble exigencia como consecuencia de la meticulosa atenci\u00f3n prestada al dise\u00f1o de los circuitos y la selecci\u00f3n de los componentes.\u00a0Incluye capacitores slit foil brit\u00e1nicos de alta calidad, as\u00ed como entradas XLR balanceadas. Disponible en acabados silver o black.<span class=\"Apple-converted-space\">\u00a0<\/span><\/p>\n<p>&nbsp;<\/p>\n","protected":false},"featured_media":3308,"template":"","meta":[],"product_cat":[19],"product_tag":[163,40,106],"_links":{"self":[{"href":"https:\/\/baflesoviedo.com\/home\/wp-json\/wp\/v2\/product\/1170"}],"collection":[{"href":"https:\/\/baflesoviedo.com\/home\/wp-json\/wp\/v2\/product"}],"about":[{"href":"https:\/\/baflesoviedo.com\/home\/wp-json\/wp\/v2\/types\/product"}],"wp:featuredmedia":[{"embeddable":true,"href":"https:\/\/baflesoviedo.com\/home\/wp-json\/wp\/v2\/media\/3308"}],"wp:attachment":[{"href":"https:\/\/baflesoviedo.com\/home\/wp-json\/wp\/v2\/media?parent=1170"}],"wp:term":[{"taxonomy":"product_cat","embeddable":true,"href":"https:\/\/baflesoviedo.com\/home\/wp-json\/wp\/v2\/product_cat?post=1170"},{"taxonomy":"product_tag","embeddable":true,"href":"https:\/\/baflesoviedo.com\/home\/wp-json\/wp\/v2\/product_tag?post=1170"}],"curies":[{"name":"wp","href":"https:\/\/api.w.org\/{rel}","templated":true}]}}