{"id":1176,"date":"2020-11-03T17:53:33","date_gmt":"2020-11-03T17:53:33","guid":{"rendered":"https:\/\/baflesoviedo.com\/home\/?post_type=product&#038;p=1176"},"modified":"2024-12-12T00:49:33","modified_gmt":"2024-12-12T00:49:33","slug":"dynaudio-evoke-30-altavoz","status":"publish","type":"product","link":"https:\/\/baflesoviedo.com\/home\/product\/dynaudio-evoke-30-altavoz\/","title":{"rendered":"Dynaudio, Evoke 30, Altavoces Torre"},"content":{"rendered":"<p>&nbsp;<\/p>\n<p><strong>Especificaciones<\/strong><\/p>\n<table width=\"475\">\n<tbody>\n<tr>\n<td width=\"280\">Sensibilidad<\/td>\n<td width=\"195\">88dB (2,83 V \/ 1 m)<\/td>\n<\/tr>\n<tr>\n<td width=\"280\">Manejo de potencia IEC<\/td>\n<td width=\"195\">200W<\/td>\n<\/tr>\n<tr>\n<td width=\"280\">Impedancia<\/td>\n<td width=\"195\">4 \u03a9<\/td>\n<\/tr>\n<tr>\n<td width=\"280\">Respuesta de frecuencia (\u00b1 3dB)<\/td>\n<td width=\"195\">40 Hz-23 kHz<\/td>\n<\/tr>\n<tr>\n<td width=\"280\">Tipo de caja<\/td>\n<td width=\"195\">Bass reflex con puerto trasero<\/td>\n<\/tr>\n<tr>\n<td width=\"280\">Crossover<\/td>\n<td width=\"195\">2,5 v\u00edas<\/td>\n<\/tr>\n<tr>\n<td width=\"280\">Frecuencia de crossover<\/td>\n<td width=\"195\">1200\/2300 Hz<\/td>\n<\/tr>\n<tr>\n<td width=\"280\">Topolog\u00eda crossover<\/td>\n<td width=\"195\">Segundo orden<\/td>\n<\/tr>\n<tr>\n<td width=\"280\">Woofer<\/td>\n<td width=\"195\">Cono MSP de 2x14cm<\/td>\n<\/tr>\n<tr>\n<td width=\"280\">Tweeter<\/td>\n<td width=\"195\">Cerotar de 28 mm con Hexis<\/td>\n<\/tr>\n<tr>\n<td width=\"280\">Peso<\/td>\n<td width=\"195\">15,5 kg \/ 34,2 libras<\/td>\n<\/tr>\n<tr>\n<td width=\"280\">Dimensiones (An x Al x Pr)<\/td>\n<td width=\"195\">180x900x267mm<\/td>\n<\/tr>\n<tr>\n<td width=\"280\"><\/td>\n<td width=\"195\">7.1&#215;35.4&#215;10.5 pulgadas<\/td>\n<\/tr>\n<tr>\n<td width=\"280\">Dimensiones con pies \/ rejilla (An x Al x Pr)<\/td>\n<td width=\"195\">268x920x342mm<\/td>\n<\/tr>\n<tr>\n<td width=\"280\"><\/td>\n<td width=\"195\">10,6 x 36,2 x 13,5 pulgadas<\/td>\n<\/tr>\n<\/tbody>\n<\/table>\n<p><a href=\"https:\/\/www.dynaudio.com\/home-audio\/evoke\/evoke-30\" target=\"_blank\" rel=\"noopener noreferrer\"><span style=\"color: #0000ff;\">Click aqu\u00ed para m\u00e1s informaci\u00f3n del producto<\/span><\/a><\/p>\n","protected":false},"excerpt":{"rendered":"<p>Altavoces tipo torre, para espacios medianos-grandes. Cuenta con el tweeter Cerotar, basado en la tecnolog\u00eda del Esotar Forty (ganador de reconocimientos) y Esotar3 (utilizados para la serie de gama alta Confidence). El driver de medios\/bajos est\u00e1 fabricado de MSP para mayor durabilidad y mejor aislamiento; y adem\u00e1s la tecnolog\u00eda ha sido actualizada para volverlos m\u00e1s abiertos, y extender su respuesta de frecuencias y din\u00e1micas de frecuencias bajas.\u00a0Disponible en walnut, blonde, negro o blanco.<\/p>\n","protected":false},"featured_media":4279,"template":"","meta":[],"product_cat":[123,121,17],"product_tag":[31,191,58,40],"_links":{"self":[{"href":"https:\/\/baflesoviedo.com\/home\/wp-json\/wp\/v2\/product\/1176"}],"collection":[{"href":"https:\/\/baflesoviedo.com\/home\/wp-json\/wp\/v2\/product"}],"about":[{"href":"https:\/\/baflesoviedo.com\/home\/wp-json\/wp\/v2\/types\/product"}],"wp:featuredmedia":[{"embeddable":true,"href":"https:\/\/baflesoviedo.com\/home\/wp-json\/wp\/v2\/media\/4279"}],"wp:attachment":[{"href":"https:\/\/baflesoviedo.com\/home\/wp-json\/wp\/v2\/media?parent=1176"}],"wp:term":[{"taxonomy":"product_cat","embeddable":true,"href":"https:\/\/baflesoviedo.com\/home\/wp-json\/wp\/v2\/product_cat?post=1176"},{"taxonomy":"product_tag","embeddable":true,"href":"https:\/\/baflesoviedo.com\/home\/wp-json\/wp\/v2\/product_tag?post=1176"}],"curies":[{"name":"wp","href":"https:\/\/api.w.org\/{rel}","templated":true}]}}