{"id":1193,"date":"2020-11-04T15:47:04","date_gmt":"2020-11-04T15:47:04","guid":{"rendered":"https:\/\/baflesoviedo.com\/home\/?post_type=product&#038;p=1193"},"modified":"2025-06-01T02:13:43","modified_gmt":"2025-06-01T02:13:43","slug":"sonus-faber-sonetto-center-i-altavoz","status":"publish","type":"product","link":"https:\/\/baflesoviedo.com\/home\/product\/sonus-faber-sonetto-center-i-altavoz\/","title":{"rendered":"Sonus faber, Sonetto G2 Center, Altavoz Canal Central"},"content":{"rendered":"<p><strong>Especificaciones T\u00e9cnicas<\/strong><\/p>\n<div class=\"TechSpecs_item__UKw8y\">\n<div class=\"TechSpecs_label__C_Oi3\"><span style=\"text-decoration: underline;\">System<\/span><\/div>\n<div class=\"TechSpecs_specs__66YPY\">\n<p>High-end quality drivers<br \/>\nTweeter: 1,1&#8243; DAD\u2122 Arrow Point extended frequency neodymium tweeter, Copper shorting ring<br \/>\nMidrange: 1x 4&#8243; Camelia midrange, Copper shorting ring<br \/>\nWoofer: 2 x 6,5&#8243; woofers,\u00a0\u00a0 Aluminum demodulation ring<\/p>\n<\/div>\n<\/div>\n<div class=\"TechSpecs_item__UKw8y\">\n<div class=\"TechSpecs_label__C_Oi3\"><span style=\"text-decoration: underline;\">Crossover Points<\/span><\/div>\n<div class=\"TechSpecs_specs__66YPY\">\n<p>350 Hz &#8211; 4000 Hz<\/p>\n<\/div>\n<\/div>\n<div class=\"TechSpecs_item__UKw8y\">\n<div class=\"TechSpecs_label__C_Oi3\"><span style=\"text-decoration: underline;\">Frequency response<\/span><\/div>\n<div class=\"TechSpecs_specs__66YPY\">\n<p>45 Hz &#8211; 40.000 Hz<\/p>\n<\/div>\n<\/div>\n<div class=\"TechSpecs_item__UKw8y\">\n<div class=\"TechSpecs_label__C_Oi3\"><span style=\"text-decoration: underline;\">Sensitivity<\/span><\/div>\n<div class=\"TechSpecs_specs__66YPY\">\n<p>88 dB SPL (2.83 V\/1m)<\/p>\n<\/div>\n<\/div>\n<div class=\"TechSpecs_item__UKw8y\">\n<div class=\"TechSpecs_label__C_Oi3\"><span style=\"text-decoration: underline;\">Nominal impedance<\/span><\/div>\n<div class=\"TechSpecs_specs__66YPY\">\n<p>4 Ohm<\/p>\n<\/div>\n<\/div>\n<div class=\"TechSpecs_item__UKw8y\">\n<div class=\"TechSpecs_label__C_Oi3\"><span style=\"text-decoration: underline;\">Recommended power amplifier<\/span><\/div>\n<div class=\"TechSpecs_specs__66YPY\">\n<p>50 W &#8211; 300 W<\/p>\n<\/div>\n<\/div>\n<div class=\"TechSpecs_item__UKw8y\">\n<div class=\"TechSpecs_label__C_Oi3\"><span style=\"text-decoration: underline;\">Decoupling Systems<\/span><\/div>\n<div class=\"TechSpecs_specs__66YPY\">\n<p>3,0 way<br \/>\nMidrange sealed enclosure<br \/>\nWoofers rear vented box<\/p>\n<\/div>\n<\/div>\n<div class=\"TechSpecs_item__UKw8y\">\n<div class=\"TechSpecs_label__C_Oi3\"><span style=\"text-decoration: underline;\">Product dimensions (HxWxD)<\/span><\/div>\n<div class=\"TechSpecs_specs__66YPY\">\n<p>235 &#8211; 648 &#8211; 353 mm<br \/>\n9.25 &#8211; 25.51 &#8211; 13.9 in<\/p>\n<\/div>\n<\/div>\n<div class=\"TechSpecs_item__UKw8y\">\n<div class=\"TechSpecs_label__C_Oi3\"><span style=\"text-decoration: underline;\">Dimensions with packaging (HxWxD)<\/span><\/div>\n<div class=\"TechSpecs_specs__66YPY\">\n<p>350 &#8211; 755 &#8211; 455 mm<br \/>\n13.78 &#8211; 29.72 &#8211; 17.91 in<\/p>\n<\/div>\n<\/div>\n<div class=\"TechSpecs_item__UKw8y\">\n<div class=\"TechSpecs_label__C_Oi3\"><span style=\"text-decoration: underline;\">Weight<\/span><\/div>\n<div class=\"TechSpecs_specs__66YPY\">\n<p>17,63 kg<br \/>\n38.87 lb<\/p>\n<\/div>\n<\/div>\n<div class=\"TechSpecs_item__UKw8y\">\n<div class=\"TechSpecs_label__C_Oi3\"><span style=\"text-decoration: underline;\">Packaging weight<\/span><\/div>\n<div class=\"TechSpecs_specs__66YPY\">\n<p>21,6 kg \/one carton includes one speaker<br \/>\n47,6 lb\/ one carton includes one speaker<\/p>\n<\/div>\n<\/div>\n<div class=\"TechSpecs_item__UKw8y\">\n<div class=\"TechSpecs_label__C_Oi3\"><span style=\"text-decoration: underline;\">Cabinet<\/span><\/div>\n<div class=\"TechSpecs_specs__66YPY\">\n<p>Lute shape<br \/>\nWood<br \/>\nLeather<\/p>\n<\/div>\n<\/div>\n<p><a href=\"https:\/\/www.sonusfaber.com\/en\/products\/sonetto-center\" target=\"_blank\" rel=\"noopener noreferrer\"><span style=\"color: #0000ff;\">Click aqu\u00ed para m\u00e1s informaci\u00f3n del producto<\/span><\/a><\/p>\n","protected":false},"excerpt":{"rendered":"<p>Parte del Sonetto Collection.<span class=\"Apple-converted-space\">\u00a0<\/span>Este peque\u00f1o pero muy capaz canal central es el compa\u00f1ero ideal para los altavoces m\u00e1s peque\u00f1os de la gama. Caracterizado por un dise\u00f1o en armon\u00eda con los dem\u00e1s altavoces de la l\u00ednea, Sonetto Center se adapta f\u00e1cilmente a diversos entornos, garantizando un excelente rendimiento del conjunto.\u00a0Disponible en acabados wenge, walnut o black.<span class=\"Apple-converted-space\">\u00a0<\/span><\/p>\n","protected":false},"featured_media":3774,"template":"","meta":[],"product_cat":[123,130],"product_tag":[31,184,196,40,107],"_links":{"self":[{"href":"https:\/\/baflesoviedo.com\/home\/wp-json\/wp\/v2\/product\/1193"}],"collection":[{"href":"https:\/\/baflesoviedo.com\/home\/wp-json\/wp\/v2\/product"}],"about":[{"href":"https:\/\/baflesoviedo.com\/home\/wp-json\/wp\/v2\/types\/product"}],"wp:featuredmedia":[{"embeddable":true,"href":"https:\/\/baflesoviedo.com\/home\/wp-json\/wp\/v2\/media\/3774"}],"wp:attachment":[{"href":"https:\/\/baflesoviedo.com\/home\/wp-json\/wp\/v2\/media?parent=1193"}],"wp:term":[{"taxonomy":"product_cat","embeddable":true,"href":"https:\/\/baflesoviedo.com\/home\/wp-json\/wp\/v2\/product_cat?post=1193"},{"taxonomy":"product_tag","embeddable":true,"href":"https:\/\/baflesoviedo.com\/home\/wp-json\/wp\/v2\/product_tag?post=1193"}],"curies":[{"name":"wp","href":"https:\/\/api.w.org\/{rel}","templated":true}]}}