{"id":1203,"date":"2020-11-04T16:16:38","date_gmt":"2020-11-04T16:16:38","guid":{"rendered":"https:\/\/baflesoviedo.com\/home\/?post_type=product&#038;p=1203"},"modified":"2025-06-01T02:10:12","modified_gmt":"2025-06-01T02:10:12","slug":"sonus-faber-sonetto-ii-altavoz","status":"publish","type":"product","link":"https:\/\/baflesoviedo.com\/home\/product\/sonus-faber-sonetto-ii-altavoz\/","title":{"rendered":"Sonus faber, Sonetto G2 II, Altavoz Librero"},"content":{"rendered":"<p><strong>Especificaciones\u00a0<\/strong><b>T\u00e9cnicas<\/b><\/p>\n<div class=\"TechSpecs_item__UKw8y\">\n<div class=\"TechSpecs_label__C_Oi3\"><span style=\"text-decoration: underline;\">System<\/span><\/div>\n<div class=\"TechSpecs_specs__66YPY\">\n<p>2,0 way<br \/>\nMidwoofer front vented box<\/p>\n<\/div>\n<\/div>\n<div class=\"TechSpecs_item__UKw8y\">\n<div class=\"TechSpecs_label__C_Oi3\"><span style=\"text-decoration: underline;\">Loudspeakers<\/span><\/div>\n<div class=\"TechSpecs_specs__66YPY\">\n<p>High-end quality drivers<br \/>\nTweeter: 1,1&#8243; DAD\u2122 Arrow Point extended frequency tweeter, Copper shorting ring<br \/>\nMidwoofer: 1x 6,5&#8243; Midwoofer,\u00a0 Aluminum demodulation ring<\/p>\n<\/div>\n<\/div>\n<div class=\"TechSpecs_item__UKw8y\">\n<div class=\"TechSpecs_label__C_Oi3\"><span style=\"text-decoration: underline;\">Crossover Points<\/span><\/div>\n<div class=\"TechSpecs_specs__66YPY\">\n<p>3100 Hz<\/p>\n<\/div>\n<\/div>\n<div class=\"TechSpecs_item__UKw8y\">\n<div class=\"TechSpecs_label__C_Oi3\"><span style=\"text-decoration: underline;\">Frequency response<\/span><\/div>\n<div class=\"TechSpecs_specs__66YPY\">\n<p>42 Hz &#8211; 40.000 Hz<\/p>\n<\/div>\n<\/div>\n<div class=\"TechSpecs_item__UKw8y\">\n<div class=\"TechSpecs_label__C_Oi3\"><span style=\"text-decoration: underline;\">Sensitivity<\/span><\/div>\n<div class=\"TechSpecs_specs__66YPY\">\n<p>87 dB SPL (2.83 V\/1m)<\/p>\n<\/div>\n<\/div>\n<div class=\"TechSpecs_item__UKw8y\">\n<div class=\"TechSpecs_label__C_Oi3\"><span style=\"text-decoration: underline;\">Nominal impedance<\/span><\/div>\n<div class=\"TechSpecs_specs__66YPY\">\n<p>4 Ohm<\/p>\n<\/div>\n<\/div>\n<div class=\"TechSpecs_item__UKw8y\">\n<div class=\"TechSpecs_label__C_Oi3\"><span style=\"text-decoration: underline;\">Recommended power amplifier<\/span><\/div>\n<div class=\"TechSpecs_specs__66YPY\">\n<p>30 W &#8211; 200 W<\/p>\n<\/div>\n<\/div>\n<div class=\"TechSpecs_item__UKw8y\">\n<div class=\"TechSpecs_label__C_Oi3\"><span style=\"text-decoration: underline;\">Product dimensions (HxWxD)<\/span><\/div>\n<div class=\"TechSpecs_specs__66YPY\">\n<p>414 &#8211; 227 &#8211; 355 mm \/ each<br \/>\n16.3 &#8211; 8.94 &#8211; 13.98 in \/ each<br \/>\n687 &#8211; 355 &#8211; 406 mm (stand dimensions)<br \/>\n27.1 &#8211; 13.2 &#8211; 16 in (stand dimensions)<\/p>\n<\/div>\n<\/div>\n<div class=\"TechSpecs_item__UKw8y\">\n<div class=\"TechSpecs_label__C_Oi3\"><span style=\"text-decoration: underline;\">Dimensions with packaging (HxWxD)<\/span><\/div>\n<div class=\"TechSpecs_specs__66YPY\">\n<p>525 &#8211; 605 &#8211; 455 mm<br \/>\n20.67 &#8211; 23.82 &#8211; 17.91 in<br \/>\n831 &#8211; 437 &#8211; 615 mm (stand)<br \/>\n32.72 &#8211; 17.20 &#8211; 24.21 in (stand)<\/p>\n<\/div>\n<\/div>\n<div class=\"TechSpecs_item__UKw8y\">\n<div class=\"TechSpecs_label__C_Oi3\"><span style=\"text-decoration: underline;\">Weight<\/span><\/div>\n<div class=\"TechSpecs_specs__66YPY\">\n<p>10,40 kg \/ each<br \/>\n22.93 lb \/ each<br \/>\n6,50 kg (stand weight)<br \/>\n14.33 lb (stand weight)<\/p>\n<\/div>\n<\/div>\n<div class=\"TechSpecs_item__UKw8y\">\n<div class=\"TechSpecs_label__C_Oi3\"><span style=\"text-decoration: underline;\">Packaging weight<\/span><\/div>\n<div class=\"TechSpecs_specs__66YPY\">\n<p>23,4 kg \/ one carton inlcudes 2 speakers<br \/>\n51.6 in \/ one carton inlcudes 2 speakers<br \/>\n12 kg (stand)<br \/>\n26.46 lb (stand)<\/p>\n<\/div>\n<\/div>\n<div class=\"TechSpecs_item__UKw8y\">\n<div class=\"TechSpecs_label__C_Oi3\"><span style=\"text-decoration: underline;\">Cabinet<\/span><\/div>\n<div class=\"TechSpecs_specs__66YPY\">\n<p>Lute shape<br \/>\nWood<br \/>\nLeather<br \/>\nConcrete<br \/>\nAluminum &#8211; Concrete &#8211; Iron Steel (stand)<\/p>\n<\/div>\n<\/div>\n<p><a href=\"https:\/\/www.sonusfaber.com\/en\/products\/sonetto-ii\/\" target=\"_blank\" rel=\"noopener noreferrer\"><span style=\"color: #0000ff;\">Click aqu\u00ed para m\u00e1s informaci\u00f3n del producto<\/span><\/a><\/p>\n","protected":false},"excerpt":{"rendered":"<p>Parte del Sonetto Collection.<span class=\"Apple-converted-space\">\u00a0<\/span>En comparaci\u00f3n con Sonetto I, este es un sistema de altavoces de estanter\u00eda de 2 v\u00edas m\u00e1s grande. Su alto rendimiento cuenta con un woofer medio m\u00e1s grande, que es capaz de garantizar una respuesta de frecuencia descendente m\u00e1s amplia y un mayor impacto emocional. Adem\u00e1s de sus dimensiones, Sonetto II todav\u00eda tiene la capacidad de desaparecer en el entorno, con un estilo marcado por elegancia y gracia.\u00a0Disponible en acabados wenge, walnut o black.<span class=\"Apple-converted-space\">\u00a0<\/span><\/p>\n<p>*Soporte para altavoces no incluido.<\/p>\n","protected":false},"featured_media":3750,"template":"","meta":[],"product_cat":[123,122,130],"product_tag":[31,184,40,107],"_links":{"self":[{"href":"https:\/\/baflesoviedo.com\/home\/wp-json\/wp\/v2\/product\/1203"}],"collection":[{"href":"https:\/\/baflesoviedo.com\/home\/wp-json\/wp\/v2\/product"}],"about":[{"href":"https:\/\/baflesoviedo.com\/home\/wp-json\/wp\/v2\/types\/product"}],"wp:featuredmedia":[{"embeddable":true,"href":"https:\/\/baflesoviedo.com\/home\/wp-json\/wp\/v2\/media\/3750"}],"wp:attachment":[{"href":"https:\/\/baflesoviedo.com\/home\/wp-json\/wp\/v2\/media?parent=1203"}],"wp:term":[{"taxonomy":"product_cat","embeddable":true,"href":"https:\/\/baflesoviedo.com\/home\/wp-json\/wp\/v2\/product_cat?post=1203"},{"taxonomy":"product_tag","embeddable":true,"href":"https:\/\/baflesoviedo.com\/home\/wp-json\/wp\/v2\/product_tag?post=1203"}],"curies":[{"name":"wp","href":"https:\/\/api.w.org\/{rel}","templated":true}]}}