{"id":1208,"date":"2020-11-04T16:21:11","date_gmt":"2020-11-04T16:21:11","guid":{"rendered":"https:\/\/baflesoviedo.com\/home\/?post_type=product&#038;p=1208"},"modified":"2025-06-01T02:09:29","modified_gmt":"2025-06-01T02:09:29","slug":"sonus-faber-sonetto-iii-altavoz","status":"publish","type":"product","link":"https:\/\/baflesoviedo.com\/home\/product\/sonus-faber-sonetto-iii-altavoz\/","title":{"rendered":"Sonus faber, Sonetto G2 III, Altavoz Torre"},"content":{"rendered":"<p>&nbsp;<\/p>\n<p><strong>Especificaciones T\u00e9cnicas\u00a0<\/strong><\/p>\n<div class=\"TechSpecs_item__UKw8y\">\n<div class=\"TechSpecs_label__C_Oi3\"><span style=\"text-decoration: underline;\">System<\/span><\/div>\n<div class=\"TechSpecs_specs__66YPY\">\n<p>2,5 way<br \/>\nMidwoofer rear vented box<br \/>\nWoofer down vented box<\/p>\n<\/div>\n<\/div>\n<div class=\"TechSpecs_item__UKw8y\">\n<div class=\"TechSpecs_label__C_Oi3\"><span style=\"text-decoration: underline;\">Loudspeakers<\/span><\/div>\n<div class=\"TechSpecs_specs__66YPY\">\n<p>High-end quality drivers<br \/>\nTweeter: 1,1&#8243; DAD\u2122 Arrow Point extended frequency tweeter, Copper shorting ring<br \/>\nMidwoofer: 1x 6,5&#8243; Midwoofer,\u00a0 Aluminum demodulation ring<br \/>\nWoofer: 1x 6,5&#8243; woofer, Aluminum demodulation ring<\/p>\n<\/div>\n<\/div>\n<div class=\"TechSpecs_item__UKw8y\">\n<div class=\"TechSpecs_label__C_Oi3\"><span style=\"text-decoration: underline;\">Crossover Points<\/span><\/div>\n<div class=\"TechSpecs_specs__66YPY\">\n<p>2700 Hz<\/p>\n<\/div>\n<\/div>\n<div class=\"TechSpecs_item__UKw8y\">\n<div class=\"TechSpecs_label__C_Oi3\"><span style=\"text-decoration: underline;\">Frequency response<\/span><\/div>\n<div class=\"TechSpecs_specs__66YPY\">\n<p>38 Hz &#8211; 40000 Hz<\/p>\n<\/div>\n<\/div>\n<div class=\"TechSpecs_item__UKw8y\">\n<div class=\"TechSpecs_label__C_Oi3\"><span style=\"text-decoration: underline;\">Sensitivity<\/span><\/div>\n<div class=\"TechSpecs_specs__66YPY\">\n<p>88 dB SPL (2.83 V\/1m)<\/p>\n<\/div>\n<\/div>\n<div class=\"TechSpecs_item__UKw8y\">\n<div class=\"TechSpecs_label__C_Oi3\"><span style=\"text-decoration: underline;\">Nominal impedance<\/span><\/div>\n<div class=\"TechSpecs_specs__66YPY\">\n<p>4 Ohm<\/p>\n<\/div>\n<\/div>\n<div class=\"TechSpecs_item__UKw8y\">\n<div class=\"TechSpecs_label__C_Oi3\"><span style=\"text-decoration: underline;\">Recommended power amplifier<\/span><\/div>\n<div class=\"TechSpecs_specs__66YPY\">\n<p>50 W &#8211; 280 W<\/p>\n<\/div>\n<\/div>\n<div class=\"TechSpecs_item__UKw8y\">\n<div class=\"TechSpecs_label__C_Oi3\"><span style=\"text-decoration: underline;\">Product dimensions (HxWxD)<\/span><\/div>\n<div class=\"TechSpecs_specs__66YPY\">\n<p>1068 &#8211; 287 &#8211; 350 mm \/ each<br \/>\n42.05 &#8211; 11.3 &#8211; 13.78 in \/ each<\/p>\n<\/div>\n<\/div>\n<div class=\"TechSpecs_item__UKw8y\">\n<div class=\"TechSpecs_label__C_Oi3\"><span style=\"text-decoration: underline;\">Dimensions with packaging (HxWxD)<\/span><\/div>\n<div class=\"TechSpecs_specs__66YPY\">\n<p>1170 &#8211; 385 &#8211; 460 mm \/ each<br \/>\n46.06 &#8211; 15.16 &#8211; 18.11 in \/ each<\/p>\n<\/div>\n<\/div>\n<div class=\"TechSpecs_item__UKw8y\">\n<div class=\"TechSpecs_label__C_Oi3\"><span style=\"text-decoration: underline;\">Weight<\/span><\/div>\n<div class=\"TechSpecs_specs__66YPY\">\n<p>25,80 kg \/ each<br \/>\n56.88 lb \/each<\/p>\n<\/div>\n<\/div>\n<div class=\"TechSpecs_item__UKw8y\">\n<div class=\"TechSpecs_label__C_Oi3\"><span style=\"text-decoration: underline;\">Packaging weight<\/span><\/div>\n<div class=\"TechSpecs_specs__66YPY\">\n<p>58 kg \/ two cartons with one speaker each<br \/>\n127.9 lb \/ two cartons with one speaker each<\/p>\n<\/div>\n<\/div>\n<div class=\"TechSpecs_item__UKw8y\">\n<div class=\"TechSpecs_label__C_Oi3\"><span style=\"text-decoration: underline;\">Cabinet<\/span><\/div>\n<div class=\"TechSpecs_specs__66YPY\">\n<p>Lute shape<br \/>\nWood<br \/>\nLeather<br \/>\nConcrete<\/p>\n<\/div>\n<\/div>\n<p><a href=\"https:\/\/www.sonusfaber.com\/en\/products\/sonetto-iii\/\" target=\"_blank\" rel=\"noopener noreferrer\"><span style=\"color: #0000ff;\">Click aqu\u00ed para m\u00e1s informaci\u00f3n del producto<\/span><\/a><\/p>\n","protected":false},"excerpt":{"rendered":"<p>Parte del Sonetto Collection.<span class=\"Apple-converted-space\">\u00a0<\/span>Las apariencias enga\u00f1an. A pesar de sus delgadas dimensiones, Sonetto III tiene la presencia dominante de un altavoz mucho m\u00e1s grande, gracias a tecnolog\u00edas avanzadas y soluciones de dise\u00f1o. Sonetto III completa la gama de altavoces de suelo de la colecci\u00f3n.\u00a0Disponible en acabados wenge, walnut o black.<span class=\"Apple-converted-space\">\u00a0<\/span><\/p>\n","protected":false},"featured_media":3756,"template":"","meta":[],"product_cat":[123,121,130],"product_tag":[31,191,40,107],"_links":{"self":[{"href":"https:\/\/baflesoviedo.com\/home\/wp-json\/wp\/v2\/product\/1208"}],"collection":[{"href":"https:\/\/baflesoviedo.com\/home\/wp-json\/wp\/v2\/product"}],"about":[{"href":"https:\/\/baflesoviedo.com\/home\/wp-json\/wp\/v2\/types\/product"}],"wp:featuredmedia":[{"embeddable":true,"href":"https:\/\/baflesoviedo.com\/home\/wp-json\/wp\/v2\/media\/3756"}],"wp:attachment":[{"href":"https:\/\/baflesoviedo.com\/home\/wp-json\/wp\/v2\/media?parent=1208"}],"wp:term":[{"taxonomy":"product_cat","embeddable":true,"href":"https:\/\/baflesoviedo.com\/home\/wp-json\/wp\/v2\/product_cat?post=1208"},{"taxonomy":"product_tag","embeddable":true,"href":"https:\/\/baflesoviedo.com\/home\/wp-json\/wp\/v2\/product_tag?post=1208"}],"curies":[{"name":"wp","href":"https:\/\/api.w.org\/{rel}","templated":true}]}}