{"id":1222,"date":"2020-11-04T16:30:53","date_gmt":"2020-11-04T16:30:53","guid":{"rendered":"https:\/\/baflesoviedo.com\/home\/?post_type=product&#038;p=1222"},"modified":"2025-06-01T02:07:59","modified_gmt":"2025-06-01T02:07:59","slug":"sonus-faber-sonetto-viii-altavoz","status":"publish","type":"product","link":"https:\/\/baflesoviedo.com\/home\/product\/sonus-faber-sonetto-viii-altavoz\/","title":{"rendered":"Sonus faber, Sonetto G2 VIII, Altavoz Torre"},"content":{"rendered":"<p><strong>Especificaciones T\u00e9cnicas<\/strong><\/p>\n<div class=\"TechSpecs_item__UKw8y\">\n<div class=\"TechSpecs_label__C_Oi3\"><span style=\"text-decoration: underline;\">System<\/span><\/div>\n<div class=\"TechSpecs_specs__66YPY\">\n<p>3,0 way<br \/>\nMidrange sealed cork enclosure<br \/>\nWoofers down vented box<\/p>\n<\/div>\n<\/div>\n<div class=\"TechSpecs_item__UKw8y\">\n<div class=\"TechSpecs_label__C_Oi3\"><span style=\"text-decoration: underline;\">Loudspeakers<\/span><\/div>\n<div class=\"TechSpecs_specs__66YPY\">\n<p>High-end quality drivers<br \/>\nTweeter: 1,1&#8243; DAD\u2122 Arrow Point extended frequency tweeter, Copper shorting ring<br \/>\nMidrange: 1x 6,5&#8243; Camelia midrange, Copper shorting ring<br \/>\nWoofer: 2 x 8&#8243; woofers, Aluminum demodulation ring<\/p>\n<\/div>\n<\/div>\n<div class=\"TechSpecs_item__UKw8y\">\n<div class=\"TechSpecs_label__C_Oi3\"><span style=\"text-decoration: underline;\">Crossover Points<\/span><\/div>\n<div class=\"TechSpecs_specs__66YPY\">\n<p>350 Hz &#8211; 2500 Hz<\/p>\n<\/div>\n<\/div>\n<div class=\"TechSpecs_item__UKw8y\">\n<div class=\"TechSpecs_label__C_Oi3\"><span style=\"text-decoration: underline;\">Frequency response<\/span><\/div>\n<div class=\"TechSpecs_specs__66YPY\">\n<p>33 Hz &#8211; 40.000 Hz<\/p>\n<\/div>\n<\/div>\n<div class=\"TechSpecs_item__UKw8y\">\n<div class=\"TechSpecs_label__C_Oi3\"><span style=\"text-decoration: underline;\">Sensitivity<\/span><\/div>\n<div class=\"TechSpecs_specs__66YPY\">\n<p>90 dB SPL (2.83 V\/1m)<\/p>\n<\/div>\n<\/div>\n<div class=\"TechSpecs_item__UKw8y\">\n<div class=\"TechSpecs_label__C_Oi3\"><span style=\"text-decoration: underline;\">Nominal impedance<\/span><\/div>\n<div class=\"TechSpecs_specs__66YPY\">\n<p>4 Ohm<\/p>\n<\/div>\n<\/div>\n<div class=\"TechSpecs_item__UKw8y\">\n<div class=\"TechSpecs_label__C_Oi3\"><span style=\"text-decoration: underline;\">Recommended power amplifier<\/span><\/div>\n<div class=\"TechSpecs_specs__66YPY\">\n<p>50 W &#8211; 400 W<\/p>\n<\/div>\n<\/div>\n<div class=\"TechSpecs_item__UKw8y\">\n<div class=\"TechSpecs_label__C_Oi3\"><span style=\"text-decoration: underline;\">Product dimensions (HxWxD)<\/span><\/div>\n<div class=\"TechSpecs_specs__66YPY\">\n<p>1190 &#8211; 334 &#8211; 480 mm \/ each<br \/>\n46.8 &#8211; 13.15 &#8211; 18.9 in \/each<\/p>\n<\/div>\n<\/div>\n<div class=\"TechSpecs_item__UKw8y\">\n<div class=\"TechSpecs_label__C_Oi3\"><span style=\"text-decoration: underline;\">Dimensions with packaging (HxWxD)<\/span><\/div>\n<div class=\"TechSpecs_specs__66YPY\">\n<p>1290 &#8211; 445 &#8211; 585 mm \/ each<br \/>\n50.79 &#8211; 17.52 &#8211; 23.03 in \/ each<\/p>\n<\/div>\n<\/div>\n<div class=\"TechSpecs_item__UKw8y\">\n<div class=\"TechSpecs_label__C_Oi3\"><span style=\"text-decoration: underline;\">Weight<\/span><\/div>\n<div class=\"TechSpecs_specs__66YPY\">\n<p>45 kg \/ each<br \/>\n99.21 lb \/each<\/p>\n<\/div>\n<\/div>\n<div class=\"TechSpecs_item__UKw8y\">\n<div class=\"TechSpecs_label__C_Oi3\"><span style=\"text-decoration: underline;\">Packaging weight<\/span><\/div>\n<div class=\"TechSpecs_specs__66YPY\">\n<p>100,4 kg \/ two cartons with one speaker each<br \/>\n221.3 lb \/ two cartons with one speaker each<\/p>\n<\/div>\n<\/div>\n<div class=\"TechSpecs_item__UKw8y\">\n<div class=\"TechSpecs_label__C_Oi3\"><span style=\"text-decoration: underline;\">Cabinet<\/span><\/div>\n<div class=\"TechSpecs_specs__66YPY\">\n<p>Lute shape<br \/>\nWood<br \/>\nLeather<br \/>\nConcrete<\/p>\n<\/div>\n<\/div>\n<p><a href=\"https:\/\/www.sonusfaber.com\/en\/products\/sonetto-viii\/\" target=\"_blank\" rel=\"noopener noreferrer\"><span style=\"color: #0000ff;\">Click aqu\u00ed para m\u00e1s informaci\u00f3n del producto<\/span><\/a><\/p>\n","protected":false},"excerpt":{"rendered":"<p>Estos altavoces de 3 v\u00edas son los m\u00e1s potentes de la colecci\u00f3n Sonetto. Empaca el legado org\u00e1nico del sistema Suprema en un dise\u00f1o que incorpora el emparejado \u00fanico de tweeters y midrange en una construcci\u00f3n de corcho reciclado. Este fue meticulosamente dise\u00f1ado para optimizar el volumen interno y optimizar el desempe\u00f1o del driver. Esta tecnolog\u00eda hace uso de las propiedades ac\u00fasticas del corcho para mejorar la claridad de los medios y ofrecer un sonido natural y m\u00e1s org\u00e1nico -adem\u00e1s de garantizar un uso m\u00e1s eco-amigable de recursos. Cuenta con todos los elementos ic\u00f3nicos de la marca: sonido natural, materiales naturales, la forma del la\u00fad, los excelentes acabados t\u00edpicos de la artesan\u00eda italiana y la fabricaci\u00f3n realizada \u00edntegramente en la f\u00e1brica de Vicenza.\u00a0Disponible en acabados wenge, walnut o black.<\/p>\n","protected":false},"featured_media":3768,"template":"","meta":[],"product_cat":[123,121,130],"product_tag":[31,191,40,107],"_links":{"self":[{"href":"https:\/\/baflesoviedo.com\/home\/wp-json\/wp\/v2\/product\/1222"}],"collection":[{"href":"https:\/\/baflesoviedo.com\/home\/wp-json\/wp\/v2\/product"}],"about":[{"href":"https:\/\/baflesoviedo.com\/home\/wp-json\/wp\/v2\/types\/product"}],"wp:featuredmedia":[{"embeddable":true,"href":"https:\/\/baflesoviedo.com\/home\/wp-json\/wp\/v2\/media\/3768"}],"wp:attachment":[{"href":"https:\/\/baflesoviedo.com\/home\/wp-json\/wp\/v2\/media?parent=1222"}],"wp:term":[{"taxonomy":"product_cat","embeddable":true,"href":"https:\/\/baflesoviedo.com\/home\/wp-json\/wp\/v2\/product_cat?post=1222"},{"taxonomy":"product_tag","embeddable":true,"href":"https:\/\/baflesoviedo.com\/home\/wp-json\/wp\/v2\/product_tag?post=1222"}],"curies":[{"name":"wp","href":"https:\/\/api.w.org\/{rel}","templated":true}]}}