{"id":1247,"date":"2020-11-04T21:04:29","date_gmt":"2020-11-04T21:04:29","guid":{"rendered":"https:\/\/baflesoviedo.com\/home\/?post_type=product&#038;p=1247"},"modified":"2024-07-12T01:02:27","modified_gmt":"2024-07-12T01:02:27","slug":"sonus-faber-olympica-nova-v-altavoz","status":"publish","type":"product","link":"https:\/\/baflesoviedo.com\/home\/product\/sonus-faber-olympica-nova-v-altavoz\/","title":{"rendered":"Sonus faber, Olympica Nova V, Altavoz Torre"},"content":{"rendered":"<p>&nbsp;<\/p>\n<p><strong>Especificaciones<\/strong><\/p>\n<table width=\"764\">\n<tbody>\n<tr>\n<td width=\"225\">Sistema<\/td>\n<td width=\"539\">Caja de 3 v\u00edas con ventilaci\u00f3n para-aperi\u00f3dica completa \u201cStealth Ultraflex\u201d, sistema de altavoces de suelo.<\/td>\n<\/tr>\n<tr>\n<td width=\"225\">Altavoces<\/td>\n<td width=\"539\">Tw: H28 XTR3, sistema de motor de neodimio &#8220;dise\u00f1o de copa&#8221; con DAD \u2122, \u00d8 28 mm<\/td>\n<\/tr>\n<tr>\n<td width=\"225\"><\/td>\n<td width=\"539\">Md: M15 XTR2-04, cable CCAW en una bobina m\u00f3vil &#8220;libre de corrientes par\u00e1sitas&#8221;, \u00d8 150 mm<\/td>\n<\/tr>\n<tr>\n<td width=\"225\"><\/td>\n<td width=\"539\">Ancho: 3 x A18XTR2-12, \u00d8 180 mm<\/td>\n<\/tr>\n<tr>\n<td width=\"225\">Crossover<\/td>\n<td width=\"539\">250 Hz &#8211; 2.500 Hz<\/td>\n<\/tr>\n<tr>\n<td width=\"225\">Respuesta de frecuencia<\/td>\n<td width=\"539\">32 Hz &#8211; 35.000 Hz<\/td>\n<\/tr>\n<tr>\n<td width=\"225\">Sensibilidad<\/td>\n<td width=\"539\">90 dB SPL (2,83 V \/ 1 m)<\/td>\n<\/tr>\n<tr>\n<td width=\"225\">Impedancia nominal<\/td>\n<td width=\"539\">4 ohmios<\/td>\n<\/tr>\n<tr>\n<td width=\"225\">Potencia sugerida del amplificador<\/td>\n<td width=\"539\">60 W &#8211; 400 W, sin recorte<\/td>\n<\/tr>\n<tr>\n<td width=\"225\">Dimensiones (HxWxD)<\/td>\n<td width=\"539\">1174,5 x 424 x 529,8 mm<\/td>\n<\/tr>\n<tr>\n<td width=\"225\"><\/td>\n<td width=\"539\">46,3 x 16,7 x 20,8 pulgadas<\/td>\n<\/tr>\n<tr>\n<td width=\"225\">Peso<\/td>\n<td width=\"539\">44 Kg ea &#8211; peso neto<\/td>\n<\/tr>\n<tr>\n<td width=\"225\"><\/td>\n<td width=\"539\">97 Ib ea &#8211; peso neto<\/td>\n<\/tr>\n<\/tbody>\n<\/table>\n<p><a href=\"https:\/\/www.sonusfaber.com\/en\/products\/olympica-nova-v\/\" target=\"_blank\" rel=\"noopener noreferrer\"><span style=\"color: #0000ff;\">Click aqu\u00ed para m\u00e1s informaci\u00f3n del producto<\/span><\/a><\/p>\n","protected":false},"excerpt":{"rendered":"<p>Parte del Olympica Nova Collection.<span class=\"Apple-converted-space\">\u00a0<\/span>La falta de paredes planas y paralelas mejora el rendimiento del recinto y mantiene la forma asim\u00e9trica t\u00edpica de la\u00fad de la primera generaci\u00f3n de Olympica. La forma asim\u00e9trica del gabinete es un concepto de dise\u00f1o original que permite un posicionamiento vers\u00e1til de los altavoces para sintonizar la respuesta de graves en cualquier habitaci\u00f3n. Inspiradas en la naturaleza, las l\u00edneas siguen el flujo de un movimiento circular en espiral, logrando una estructura de gabinete m\u00e1s org\u00e1nica. Ya no es solo un elemento funcional agregado para manejar el flujo de aire, el conducto r\u00e9flex ahora est\u00e1 completamente integrado en el gabinete, mejorando a\u00fan m\u00e1s la velocidad y transparencia del sonido.\u00a0Disponible en acabados walnut, wenge o piano black.<\/p>\n","protected":false},"featured_media":1248,"template":"","meta":[],"product_cat":[123,121],"product_tag":[31,191,185,107],"_links":{"self":[{"href":"https:\/\/baflesoviedo.com\/home\/wp-json\/wp\/v2\/product\/1247"}],"collection":[{"href":"https:\/\/baflesoviedo.com\/home\/wp-json\/wp\/v2\/product"}],"about":[{"href":"https:\/\/baflesoviedo.com\/home\/wp-json\/wp\/v2\/types\/product"}],"wp:featuredmedia":[{"embeddable":true,"href":"https:\/\/baflesoviedo.com\/home\/wp-json\/wp\/v2\/media\/1248"}],"wp:attachment":[{"href":"https:\/\/baflesoviedo.com\/home\/wp-json\/wp\/v2\/media?parent=1247"}],"wp:term":[{"taxonomy":"product_cat","embeddable":true,"href":"https:\/\/baflesoviedo.com\/home\/wp-json\/wp\/v2\/product_cat?post=1247"},{"taxonomy":"product_tag","embeddable":true,"href":"https:\/\/baflesoviedo.com\/home\/wp-json\/wp\/v2\/product_tag?post=1247"}],"curies":[{"name":"wp","href":"https:\/\/api.w.org\/{rel}","templated":true}]}}