{"id":1252,"date":"2020-11-04T21:09:01","date_gmt":"2020-11-04T21:09:01","guid":{"rendered":"https:\/\/baflesoviedo.com\/home\/?post_type=product&#038;p=1252"},"modified":"2024-07-12T01:02:01","modified_gmt":"2024-07-12T01:02:01","slug":"sonus-faber-guarneri-tradition-altavoz","status":"publish","type":"product","link":"https:\/\/baflesoviedo.com\/home\/product\/sonus-faber-guarneri-tradition-altavoz\/","title":{"rendered":"Sonus faber, Guarneri-Tradition, Altavoz Stand Mount"},"content":{"rendered":"<p>&nbsp;<\/p>\n<p><strong>Especificaciones<\/strong><\/p>\n<table width=\"752\">\n<tbody>\n<tr>\n<td width=\"225\">Sistema<\/td>\n<td width=\"527\">Caja ventilada para-aperi\u00f3dica de 2 v\u00edas con tecnolog\u00eda \u201cStealth Ultraflex System\u201d y \u201cZero Vibration Transmission\u201d<\/td>\n<\/tr>\n<tr>\n<td width=\"225\">Altavoces<\/td>\n<td width=\"527\">Tw: H28 XTR-04 DAD Punta de flecha, \u00d8 28 mm<\/td>\n<\/tr>\n<tr>\n<td width=\"225\"><\/td>\n<td width=\"527\">Mw: Sistema magn\u00e9tico de neodimio W15 XTR-04, \u00d8 150 mm<\/td>\n<\/tr>\n<tr>\n<td width=\"225\">Crossover<\/td>\n<td width=\"527\">2.500 Hz<\/td>\n<\/tr>\n<tr>\n<td width=\"225\">Respuesta de frecuencia<\/td>\n<td width=\"527\">40 Hz &#8211; 35.000 Hz, reflejo de sigilo incluido<\/td>\n<\/tr>\n<tr>\n<td width=\"225\">Sensibilidad<\/td>\n<td width=\"527\">87 db SPL (2,83 V \/ 1 m)<\/td>\n<\/tr>\n<tr>\n<td width=\"225\">Impedancia nominal<\/td>\n<td width=\"527\">4 ohmios<\/td>\n<\/tr>\n<tr>\n<td width=\"225\">Potencia sugerida del amplificador<\/td>\n<td width=\"527\">30W &#8211; 250W, sin recorte<\/td>\n<\/tr>\n<tr>\n<td rowspan=\"4\" width=\"225\">Dimensiones de los altavoces (ALxANxP) y Peso<\/td>\n<td width=\"527\">377 x 239 x 375 mm<\/td>\n<\/tr>\n<tr>\n<td width=\"527\">14,8 x 9,4 x 14,7 pulgadas<\/td>\n<\/tr>\n<tr>\n<td width=\"527\">16 Kg ea &#8211; peso neto<\/td>\n<\/tr>\n<tr>\n<td width=\"527\">35,2 lb ea &#8211; peso neto<\/td>\n<\/tr>\n<tr>\n<td rowspan=\"4\" width=\"225\">Dimensiones del soporte (HxWxD) y Peso<\/td>\n<td width=\"527\">758 x 300 x 390 mm<\/td>\n<\/tr>\n<tr>\n<td width=\"527\">29,8 x 11,8 x 15,3 pulgadas<\/td>\n<\/tr>\n<tr>\n<td width=\"527\">13 kg ea &#8211; peso neto<\/td>\n<\/tr>\n<tr>\n<td width=\"527\">28,6 lb ea &#8211; peso neto<\/td>\n<\/tr>\n<\/tbody>\n<\/table>\n<p><a href=\"https:\/\/www.sonusfaber.com\/en\/products\/guarneri-tradition\/\" target=\"_blank\" rel=\"noopener noreferrer\"><span style=\"color: #0000ff;\">Click aqu\u00ed para m\u00e1s informaci\u00f3n del producto<\/span><\/a><\/p>\n","protected":false},"excerpt":{"rendered":"<p>Parte del Homage Tradition Collection.<span class=\"Apple-converted-space\">\u00a0<\/span>El stand Guarneri Tradition es un monocasco de fibra de carbono con un contorno curvo ic\u00f3nico que, aunque mucho m\u00e1s ligero y ac\u00fasticamente transparente que su predecesor, garantiza la m\u00e1xima resistencia estructural. Para reducir la resonancia al m\u00ednimo, el interior hueco del soporte se ha tratado ac\u00fasticamente y se ha llenado con material amorfo.\u00a0Disponible en acabados red o wenge.<span class=\"Apple-converted-space\">\u00a0<\/span><\/p>\n","protected":false},"featured_media":1253,"template":"","meta":[],"product_cat":[123,122],"product_tag":[31,184,185,107],"_links":{"self":[{"href":"https:\/\/baflesoviedo.com\/home\/wp-json\/wp\/v2\/product\/1252"}],"collection":[{"href":"https:\/\/baflesoviedo.com\/home\/wp-json\/wp\/v2\/product"}],"about":[{"href":"https:\/\/baflesoviedo.com\/home\/wp-json\/wp\/v2\/types\/product"}],"wp:featuredmedia":[{"embeddable":true,"href":"https:\/\/baflesoviedo.com\/home\/wp-json\/wp\/v2\/media\/1253"}],"wp:attachment":[{"href":"https:\/\/baflesoviedo.com\/home\/wp-json\/wp\/v2\/media?parent=1252"}],"wp:term":[{"taxonomy":"product_cat","embeddable":true,"href":"https:\/\/baflesoviedo.com\/home\/wp-json\/wp\/v2\/product_cat?post=1252"},{"taxonomy":"product_tag","embeddable":true,"href":"https:\/\/baflesoviedo.com\/home\/wp-json\/wp\/v2\/product_tag?post=1252"}],"curies":[{"name":"wp","href":"https:\/\/api.w.org\/{rel}","templated":true}]}}