{"id":1257,"date":"2020-11-04T21:18:52","date_gmt":"2020-11-04T21:18:52","guid":{"rendered":"https:\/\/baflesoviedo.com\/home\/?post_type=product&#038;p=1257"},"modified":"2024-07-12T01:01:24","modified_gmt":"2024-07-12T01:01:24","slug":"sonus-faber-serafino-tradition-altavoz","status":"publish","type":"product","link":"https:\/\/baflesoviedo.com\/home\/product\/sonus-faber-serafino-tradition-altavoz\/","title":{"rendered":"Sonus faber, Serafino-Tradition, Altavoz Torre"},"content":{"rendered":"<p>&nbsp;<\/p>\n<p><strong>Especificaciones<\/strong><\/p>\n<table width=\"752\">\n<tbody>\n<tr>\n<td width=\"225\">Sistema<\/td>\n<td width=\"527\">Caja ventilada para-aperi\u00f3dica completa de 3,5 v\u00edas, sistema &#8220;Stealth Ultraflex&#8221; y tecnolog\u00eda &#8220;Zero Vibration Transmission&#8221;<\/td>\n<\/tr>\n<tr>\n<td width=\"225\">Altavoces<\/td>\n<td width=\"527\">Tw: H28 XTR-04 DAD Punta de flecha, \u00d8 28 mm<\/td>\n<\/tr>\n<tr>\n<td width=\"225\"><\/td>\n<td width=\"527\">Md: M15 XTR-04 Sistema magn\u00e9tico de neodimio, \u00d8 150 mm<\/td>\n<\/tr>\n<tr>\n<td width=\"225\"><\/td>\n<td width=\"527\">Ancho: 2 x A18XTR-08, \u00d8 180 mm<\/td>\n<\/tr>\n<tr>\n<td width=\"225\">Crossover<\/td>\n<td width=\"527\">80 Hz &#8211; 250 Hz &#8211; 2.500 Hz<\/td>\n<\/tr>\n<tr>\n<td width=\"225\">Respuesta de frecuencia<\/td>\n<td width=\"527\">30 Hz &#8211; 35.000 Hz, reflejo Stealth incluido<\/td>\n<\/tr>\n<tr>\n<td width=\"225\">Sensibilidad<\/td>\n<td width=\"527\">90 db SPL (2,83 V \/ 1 m)<\/td>\n<\/tr>\n<tr>\n<td width=\"225\">Impedancia nominal<\/td>\n<td width=\"527\">4 ohmios<\/td>\n<\/tr>\n<tr>\n<td width=\"225\">Potencia sugerida del amplificador<\/td>\n<td width=\"527\">80W &#8211; 350W, sin recorte<\/td>\n<\/tr>\n<tr>\n<td width=\"225\">Dimensiones (HxWxD)<\/td>\n<td width=\"527\">1091 x 396 x 485 mm<\/td>\n<\/tr>\n<tr>\n<td width=\"225\"><\/td>\n<td width=\"527\">43 x 15,6 x 19 pulgadas<\/td>\n<\/tr>\n<tr>\n<td width=\"225\">Peso<\/td>\n<td width=\"527\">52 Kg ea &#8211; peso neto<\/td>\n<\/tr>\n<tr>\n<td width=\"225\"><\/td>\n<td width=\"527\">115 lb ea &#8211; peso neto<\/td>\n<\/tr>\n<\/tbody>\n<\/table>\n<p><a href=\"https:\/\/www.sonusfaber.com\/en\/products\/serafino-tradition\/\" target=\"_blank\" rel=\"noopener noreferrer\"><span style=\"color: #0000ff;\">Click aqu\u00ed para m\u00e1s informaci\u00f3n del producto<\/span><\/a><\/p>\n","protected":false},"excerpt":{"rendered":"<p>Experiencia, un enfoque cl\u00e1sico y retro<\/p>\n<p>La nueva colecci\u00f3n Homage Tradition hereda las preciosas ense\u00f1anzas de los maestros de la fabricaci\u00f3n de violines italianos y la experiencia adquirida en 20 a\u00f1os de dise\u00f1o y desarrollo de la l\u00ednea Homage, con un enfoque cl\u00e1sico y ligeramente retro.\u00a0Disponible en acabados red o wenge.<span class=\"Apple-converted-space\">\u00a0<\/span><\/p>\n","protected":false},"featured_media":1258,"template":"","meta":[],"product_cat":[123,121],"product_tag":[31,191,185,107],"_links":{"self":[{"href":"https:\/\/baflesoviedo.com\/home\/wp-json\/wp\/v2\/product\/1257"}],"collection":[{"href":"https:\/\/baflesoviedo.com\/home\/wp-json\/wp\/v2\/product"}],"about":[{"href":"https:\/\/baflesoviedo.com\/home\/wp-json\/wp\/v2\/types\/product"}],"wp:featuredmedia":[{"embeddable":true,"href":"https:\/\/baflesoviedo.com\/home\/wp-json\/wp\/v2\/media\/1258"}],"wp:attachment":[{"href":"https:\/\/baflesoviedo.com\/home\/wp-json\/wp\/v2\/media?parent=1257"}],"wp:term":[{"taxonomy":"product_cat","embeddable":true,"href":"https:\/\/baflesoviedo.com\/home\/wp-json\/wp\/v2\/product_cat?post=1257"},{"taxonomy":"product_tag","embeddable":true,"href":"https:\/\/baflesoviedo.com\/home\/wp-json\/wp\/v2\/product_tag?post=1257"}],"curies":[{"name":"wp","href":"https:\/\/api.w.org\/{rel}","templated":true}]}}