{"id":1262,"date":"2020-11-04T21:24:02","date_gmt":"2020-11-04T21:24:02","guid":{"rendered":"https:\/\/baflesoviedo.com\/home\/?post_type=product&#038;p=1262"},"modified":"2024-07-12T00:51:03","modified_gmt":"2024-07-12T00:51:03","slug":"sonus-faber-amati-tradition-altavoz","status":"publish","type":"product","link":"https:\/\/baflesoviedo.com\/home\/product\/sonus-faber-amati-tradition-altavoz\/","title":{"rendered":"Sonus faber, Amati-Tradition, Altavoz Torre"},"content":{"rendered":"<p>&nbsp;<\/p>\n<p><strong>Especificaciones<\/strong><\/p>\n<table width=\"740\">\n<tbody>\n<tr>\n<td width=\"225\">Sistema<\/td>\n<td width=\"515\">Caja ventilada para-aperi\u00f3dica completa de 3,5 v\u00edas, sistema &#8220;Stealth Ultraflex&#8221; y tecnolog\u00eda &#8220;Zero Vibration Transmission&#8221;<\/td>\n<\/tr>\n<tr>\n<td width=\"225\">Altavoces<\/td>\n<td width=\"515\">Tw: H28 XTR-04 DAD Punta de flecha, \u00d8 28 mm<\/td>\n<\/tr>\n<tr>\n<td width=\"225\"><\/td>\n<td width=\"515\">Md: M15 XTR-04 Sistema magn\u00e9tico de neodimio, \u00d8 150 mm<\/td>\n<\/tr>\n<tr>\n<td width=\"225\"><\/td>\n<td width=\"515\">Ancho: 2 x Ancho 22XTR-08, \u00d8 220 mm<\/td>\n<\/tr>\n<tr>\n<td width=\"225\">Crossover<\/td>\n<td width=\"515\">80 Hz &#8211; 250 Hz &#8211; 2.500 Hz<\/td>\n<\/tr>\n<tr>\n<td width=\"225\">Respuesta de frecuencia<\/td>\n<td width=\"515\">28 Hz &#8211; 35.000 Hz, reflejo Stealth incluido<\/td>\n<\/tr>\n<tr>\n<td width=\"225\">Sensibilidad<\/td>\n<td width=\"515\">90 db SPL (2,83 V \/ 1 m)<\/td>\n<\/tr>\n<tr>\n<td width=\"225\">Impedancia nominal<\/td>\n<td width=\"515\">4 ohmios<\/td>\n<\/tr>\n<tr>\n<td width=\"225\">Potencia sugerida del amplificador<\/td>\n<td width=\"515\">100W &#8211; 500W, sin recorte<\/td>\n<\/tr>\n<tr>\n<td width=\"225\">Dimensiones (HxWxD)<\/td>\n<td width=\"515\">1176 x 411 x 512 mm<\/td>\n<\/tr>\n<tr>\n<td width=\"225\"><\/td>\n<td width=\"515\">46,3 x 16,2 x 20,1 pulgadas<\/td>\n<\/tr>\n<tr>\n<td width=\"225\">Peso<\/td>\n<td width=\"515\">61 Kg ea &#8211; peso neto<\/td>\n<\/tr>\n<tr>\n<td width=\"225\"><\/td>\n<td width=\"515\">134,5 lb ea &#8211; peso neto<\/td>\n<\/tr>\n<\/tbody>\n<\/table>\n<p><a href=\"https:\/\/www.sonusfaber.com\/en\/products\/amati-tradition\/\" target=\"_blank\" rel=\"noopener noreferrer\"><span style=\"color: #0000ff;\">Click aqu\u00ed para m\u00e1s informaci\u00f3n del producto<\/span><\/a><\/p>\n","protected":false},"excerpt":{"rendered":"<p>Una tradici\u00f3n renovada<\/p>\n<p>La colecci\u00f3n Homage Tradition es un nuevo tributo al dominio de la fabricaci\u00f3n de violines italianos; la ahora cl\u00e1sica forma de la\u00fad, el sello distintivo de la producci\u00f3n de Sonus faber, ha sido revisada y llevada a nuevas alturas al incorporar las l\u00edneas cl\u00e1sicas de la colecci\u00f3n Homage y las del gabinete Lilium, dando as\u00ed nuevos vol\u00famenes a los altavoces de esta colecci\u00f3n.\u00a0Disponible en acabados red o wenge.<span class=\"Apple-converted-space\">\u00a0<\/span><\/p>\n","protected":false},"featured_media":1263,"template":"","meta":[],"product_cat":[123,121],"product_tag":[31,191,185,107],"_links":{"self":[{"href":"https:\/\/baflesoviedo.com\/home\/wp-json\/wp\/v2\/product\/1262"}],"collection":[{"href":"https:\/\/baflesoviedo.com\/home\/wp-json\/wp\/v2\/product"}],"about":[{"href":"https:\/\/baflesoviedo.com\/home\/wp-json\/wp\/v2\/types\/product"}],"wp:featuredmedia":[{"embeddable":true,"href":"https:\/\/baflesoviedo.com\/home\/wp-json\/wp\/v2\/media\/1263"}],"wp:attachment":[{"href":"https:\/\/baflesoviedo.com\/home\/wp-json\/wp\/v2\/media?parent=1262"}],"wp:term":[{"taxonomy":"product_cat","embeddable":true,"href":"https:\/\/baflesoviedo.com\/home\/wp-json\/wp\/v2\/product_cat?post=1262"},{"taxonomy":"product_tag","embeddable":true,"href":"https:\/\/baflesoviedo.com\/home\/wp-json\/wp\/v2\/product_tag?post=1262"}],"curies":[{"name":"wp","href":"https:\/\/api.w.org\/{rel}","templated":true}]}}