{"id":1270,"date":"2020-11-05T15:49:29","date_gmt":"2020-11-05T15:49:29","guid":{"rendered":"https:\/\/baflesoviedo.com\/home\/?post_type=product&#038;p=1270"},"modified":"2025-08-12T23:22:35","modified_gmt":"2025-08-12T23:22:35","slug":"anthem-mrx-740-receptor-a-v-preamplificador","status":"publish","type":"product","link":"https:\/\/baflesoviedo.com\/home\/product\/anthem-mrx-740-receptor-a-v-preamplificador\/","title":{"rendered":"Anthem, MRX 740, Receptor A\/V Preamplificador"},"content":{"rendered":"<p>&nbsp;<\/p>\n<p><strong>Especificaciones<\/strong><\/p>\n<table width=\"555\">\n<tbody>\n<tr>\n<td width=\"288\">11.2 Procesador con 7 canales amplificadores<\/td>\n<td width=\"267\">DAC de 32 bits \/ 768 kHz (AKM AK4458VN)<\/td>\n<\/tr>\n<tr>\n<td width=\"288\"><\/td>\n<td width=\"267\">Wi-Fi \/ Ethernet habilitado<\/td>\n<\/tr>\n<tr>\n<td width=\"288\"><\/td>\n<td width=\"267\">Control de IP y serial<\/td>\n<\/tr>\n<tr>\n<td width=\"288\"><\/td>\n<td width=\"267\">Dolby Atmos<\/td>\n<\/tr>\n<tr>\n<td width=\"288\"><\/td>\n<td width=\"267\">DTS: X, DTS Virtual: X<\/td>\n<\/tr>\n<tr>\n<td width=\"288\"><\/td>\n<td width=\"267\">HMDI eARC<\/td>\n<\/tr>\n<tr>\n<td width=\"288\"><\/td>\n<td width=\"267\">Apple AirPlay2<\/td>\n<\/tr>\n<tr>\n<td width=\"288\"><\/td>\n<td width=\"267\">Google Chromecast (audio)<\/td>\n<\/tr>\n<tr>\n<td width=\"288\"><\/td>\n<td width=\"267\">Bluetooth v4.2<\/td>\n<\/tr>\n<tr>\n<td width=\"288\">HDMI y VIDEO<\/td>\n<td width=\"267\">Dolby Vision<\/td>\n<\/tr>\n<tr>\n<td width=\"288\"><\/td>\n<td width=\"267\">IMAX mejorado<\/td>\n<\/tr>\n<tr>\n<td width=\"288\"><\/td>\n<td width=\"267\">HDMI 2.0by HDCP 2.2<\/td>\n<\/tr>\n<tr>\n<td width=\"288\"><\/td>\n<td width=\"267\">Submuestreo 4: 4: 4 a 4K60 (18,2 Gbps)<\/td>\n<\/tr>\n<tr>\n<td width=\"288\"><\/td>\n<td width=\"267\">Alto rango din\u00e1mico (HDR)<\/td>\n<\/tr>\n<tr>\n<td width=\"288\"><\/td>\n<td width=\"267\">Hybrid Log Gamma (HLG)<\/td>\n<\/tr>\n<tr>\n<td width=\"288\"><\/td>\n<td width=\"267\">Gama de colores BT.2020<\/td>\n<\/tr>\n<tr>\n<td width=\"288\"><\/td>\n<td width=\"267\">Conmutaci\u00f3n 4K 50\/60<\/td>\n<\/tr>\n<tr>\n<td width=\"288\"><\/td>\n<td width=\"267\">Salida HDMI Zona 2<\/td>\n<\/tr>\n<\/tbody>\n<\/table>\n<p><a href=\"https:\/\/www.anthemav.com\/products-current\/model=mrx-740\/page=overview\" target=\"_blank\" rel=\"noopener noreferrer\"><span style=\"color: #0000ff;\">Click aqu\u00ed para m\u00e1s informaci\u00f3n del producto<\/span><\/a><\/p>\n","protected":false},"excerpt":{"rendered":"<p>Los receptores A \/ V MRX de Anthem tienen como objetivo maximizar el rendimiento por el dinero. Sobre la base del conjunto de caracter\u00edsticas de nuestros modelos anteriores, hemos agregado la versi\u00f3n m\u00e1s reciente de ARC Genesis, un micr\u00f3fono de calibraci\u00f3n redise\u00f1ado y m\u00e1s preciso, la interfaz de usuario web de Anthem, soporte de transmisi\u00f3n integrado, c\u00f3decs de audio orientados a objetos con soporte para 11.2 canales y la entrega de energ\u00eda limpia que caracteriza a Anthem con hasta 140 vatios por canal.<\/p>\n<p>11.2 Pre-Amplificador \/ Receptor A \/ V de 7 canales de amplificador con Dolby Atmos, DTS: X e IMAX mejorado. 140 vatios por canal de potencia continua en 8 ohmios. Incluye ARC (correcci\u00f3n de habitaci\u00f3n Anthem). HDMI v2.1 8K actualizable.<\/p>\n","protected":false},"featured_media":1271,"template":"","meta":[],"product_cat":[19],"product_tag":[108,195,40,215,109],"_links":{"self":[{"href":"https:\/\/baflesoviedo.com\/home\/wp-json\/wp\/v2\/product\/1270"}],"collection":[{"href":"https:\/\/baflesoviedo.com\/home\/wp-json\/wp\/v2\/product"}],"about":[{"href":"https:\/\/baflesoviedo.com\/home\/wp-json\/wp\/v2\/types\/product"}],"wp:featuredmedia":[{"embeddable":true,"href":"https:\/\/baflesoviedo.com\/home\/wp-json\/wp\/v2\/media\/1271"}],"wp:attachment":[{"href":"https:\/\/baflesoviedo.com\/home\/wp-json\/wp\/v2\/media?parent=1270"}],"wp:term":[{"taxonomy":"product_cat","embeddable":true,"href":"https:\/\/baflesoviedo.com\/home\/wp-json\/wp\/v2\/product_cat?post=1270"},{"taxonomy":"product_tag","embeddable":true,"href":"https:\/\/baflesoviedo.com\/home\/wp-json\/wp\/v2\/product_tag?post=1270"}],"curies":[{"name":"wp","href":"https:\/\/api.w.org\/{rel}","templated":true}]}}