{"id":1278,"date":"2020-11-05T16:32:34","date_gmt":"2020-11-05T16:32:34","guid":{"rendered":"https:\/\/baflesoviedo.com\/home\/?post_type=product&#038;p=1278"},"modified":"2025-08-12T23:21:21","modified_gmt":"2025-08-12T23:21:21","slug":"anthem-avm-70-receptor-a-v-preamplificador","status":"publish","type":"product","link":"https:\/\/baflesoviedo.com\/home\/product\/anthem-avm-70-receptor-a-v-preamplificador\/","title":{"rendered":"Anthem, AVM 70, Receptor A\/V Preamplificador"},"content":{"rendered":"<p>&nbsp;<\/p>\n<p><strong>Especificaciones<\/strong><\/p>\n<table width=\"540\">\n<tbody>\n<tr>\n<td width=\"269\">15.2 Procesador de audio \/ Video de canal<\/td>\n<td width=\"271\">Dos salidas de subwoofer independientes<\/td>\n<\/tr>\n<tr>\n<td width=\"269\"><\/td>\n<td width=\"271\">Fuente de alimentaci\u00f3n toroidal<\/td>\n<\/tr>\n<tr>\n<td width=\"269\"><\/td>\n<td width=\"271\">DAC de 32 bits \/ 768 kHz (AKM AK4490EQ)<\/td>\n<\/tr>\n<tr>\n<td width=\"269\"><\/td>\n<td width=\"271\">Wi-Fi \/ Ethernet habilitado<\/td>\n<\/tr>\n<tr>\n<td width=\"269\"><\/td>\n<td width=\"271\">Control de IP y serial<\/td>\n<\/tr>\n<tr>\n<td width=\"269\"><\/td>\n<td width=\"271\">Dolby Atmos<\/td>\n<\/tr>\n<tr>\n<td width=\"269\"><\/td>\n<td width=\"271\">DTS: X, DTS: X Pro, DTS Virtual: X<\/td>\n<\/tr>\n<tr>\n<td width=\"269\"><\/td>\n<td width=\"271\">Apple AirPlay 2<\/td>\n<\/tr>\n<tr>\n<td width=\"269\"><\/td>\n<td width=\"271\">Google Chromecast Audio<\/td>\n<\/tr>\n<tr>\n<td width=\"269\"><\/td>\n<td width=\"271\">Bluetooth v4.2<\/td>\n<\/tr>\n<tr>\n<td width=\"269\">HDMI y VIDEO<\/td>\n<td width=\"271\">Dolby Vision<\/td>\n<\/tr>\n<tr>\n<td width=\"269\"><\/td>\n<td width=\"271\">IMAX mejorado<\/td>\n<\/tr>\n<tr>\n<td width=\"269\"><\/td>\n<td width=\"271\">HDMI 2.0by HDCP 2.2<\/td>\n<\/tr>\n<tr>\n<td width=\"269\"><\/td>\n<td width=\"271\">HMDI eARC<\/td>\n<\/tr>\n<tr>\n<td width=\"269\"><\/td>\n<td width=\"271\">Submuestreo 4: 4: 4 a 4K60 (18,2 Gbps)<\/td>\n<\/tr>\n<tr>\n<td width=\"269\"><\/td>\n<td width=\"271\">Alto rango din\u00e1mico (HDR)<\/td>\n<\/tr>\n<tr>\n<td width=\"269\"><\/td>\n<td width=\"271\">Gamma de registro h\u00edbrido (HLG)<\/td>\n<\/tr>\n<tr>\n<td width=\"269\"><\/td>\n<td width=\"271\">Gama de colores BT.2020<\/td>\n<\/tr>\n<tr>\n<td width=\"269\"><\/td>\n<td width=\"271\">Conmutaci\u00f3n 4K 50\/60<\/td>\n<\/tr>\n<tr>\n<td width=\"269\"><\/td>\n<td width=\"271\">Salida HDMI Zona 2<\/td>\n<\/tr>\n<tr>\n<td width=\"269\"><\/td>\n<td width=\"271\">Salidas HDMI duales<\/td>\n<\/tr>\n<\/tbody>\n<\/table>\n<p><a href=\"https:\/\/www.anthemav.com\/products-current\/model=avm-70\/page=overview\" target=\"_blank\" rel=\"noopener noreferrer\"><span style=\"color: #0000ff;\">Click aqu\u00ed para m\u00e1s informaci\u00f3n del producto<\/span><\/a><\/p>\n","protected":false},"excerpt":{"rendered":"<p>Con la \u00faltima versi\u00f3n de ARC Genesis Room Correction, un micr\u00f3fono de calibraci\u00f3n redise\u00f1ado y m\u00e1s preciso, la interfaz de usuario web de Anthem, una plataforma electr\u00f3nica completamente nueva y un nuevo dise\u00f1o modernizado; los nuevos procesadores AVM A \/ V re\u00fanen todas las tecnolog\u00edas actuales en un solo componente.<\/p>\n<p>Preamplificador \/ procesador A \/ V de 15,2 con Dolby Atmos, DTS: X e IMAX mejorado. Incluye ARC (correcci\u00f3n de habitaci\u00f3n Anthem). HDMI v2.1 8K actualizable.<\/p>\n","protected":false},"featured_media":1279,"template":"","meta":[],"product_cat":[19],"product_tag":[108,195,40,215,109],"_links":{"self":[{"href":"https:\/\/baflesoviedo.com\/home\/wp-json\/wp\/v2\/product\/1278"}],"collection":[{"href":"https:\/\/baflesoviedo.com\/home\/wp-json\/wp\/v2\/product"}],"about":[{"href":"https:\/\/baflesoviedo.com\/home\/wp-json\/wp\/v2\/types\/product"}],"wp:featuredmedia":[{"embeddable":true,"href":"https:\/\/baflesoviedo.com\/home\/wp-json\/wp\/v2\/media\/1279"}],"wp:attachment":[{"href":"https:\/\/baflesoviedo.com\/home\/wp-json\/wp\/v2\/media?parent=1278"}],"wp:term":[{"taxonomy":"product_cat","embeddable":true,"href":"https:\/\/baflesoviedo.com\/home\/wp-json\/wp\/v2\/product_cat?post=1278"},{"taxonomy":"product_tag","embeddable":true,"href":"https:\/\/baflesoviedo.com\/home\/wp-json\/wp\/v2\/product_tag?post=1278"}],"curies":[{"name":"wp","href":"https:\/\/api.w.org\/{rel}","templated":true}]}}