{"id":1308,"date":"2020-12-11T02:51:42","date_gmt":"2020-12-11T02:51:42","guid":{"rendered":"https:\/\/baflesoviedo.com\/home\/?post_type=product&#038;p=1308"},"modified":"2025-06-29T21:58:46","modified_gmt":"2025-06-29T21:58:46","slug":"rotel-cd11-trubute-reproductor-de-cd","status":"publish","type":"product","link":"https:\/\/baflesoviedo.com\/home\/product\/rotel-cd11-trubute-reproductor-de-cd\/","title":{"rendered":"Rotel, CD11 Tribute, CD Player"},"content":{"rendered":"<p><strong>Especificaciones T\u00e9cnicas:<\/strong><\/p>\n<p>DISTORSI\u00d3N ARM\u00d3NICA TOTAL (THD) 0.009% @ 1kHz<\/p>\n<p>RESPUESTA DE FRECUENCIA<br \/>\n20Hz &#8211; 20kHz \u00b1 0.5dB<\/p>\n<p>RELACI\u00d3N S \/ N (IHF ponderado &#8220;A&#8221;)<br \/>\n&gt;125dB<\/p>\n<p>RANGO DIN\u00c1MICO<br \/>\n&gt;99dB<\/p>\n<p>DAC<br \/>\nTexas Instruments<\/p>\n<p>BALANCE DE CANALES<br \/>\n\u00b1 0.5dB<\/p>\n<p>SEPARACI\u00d3N DE CANALES<br \/>\n&gt; 115dB @ 10kHz<\/p>\n<p>&nbsp;<\/p>\n<p><a href=\"http:\/\/www.rotel.com\/en-la\/product\/cd11-tribute\" target=\"_blank\" rel=\"noopener noreferrer\"><span style=\"color: #0000ff;\">Click aqu\u00ed para m\u00e1s informaci\u00f3n del producto<\/span><\/a><\/p>\n","protected":false},"excerpt":{"rendered":"<p>El reproductor CD11 Tribute de Rotel fue dise\u00f1ado con el apoyo directo de la leyenda del audio Ken Ishiwata. Se utiliz\u00f3 una selecci\u00f3n personalizada de componentes sintonizados ac\u00fasticamente que brindan un nivel a\u00fan mayor de rendimiento y claridad ac\u00fastica, listo para reproducir los m\u00e1s de 200 millones de CD&#8217;s que se han vendido en los \u00faltimos 30 a\u00f1os. Viene equipado con un DAC de\u00a0Texas Instruments, mecanismo de bandeja de carga, trigger de 12V, y adem\u00e1s incluye\u00a0control remoto.<\/p>\n","protected":false},"featured_media":1315,"template":"","meta":[],"product_cat":[19],"product_tag":[189,106],"_links":{"self":[{"href":"https:\/\/baflesoviedo.com\/home\/wp-json\/wp\/v2\/product\/1308"}],"collection":[{"href":"https:\/\/baflesoviedo.com\/home\/wp-json\/wp\/v2\/product"}],"about":[{"href":"https:\/\/baflesoviedo.com\/home\/wp-json\/wp\/v2\/types\/product"}],"wp:featuredmedia":[{"embeddable":true,"href":"https:\/\/baflesoviedo.com\/home\/wp-json\/wp\/v2\/media\/1315"}],"wp:attachment":[{"href":"https:\/\/baflesoviedo.com\/home\/wp-json\/wp\/v2\/media?parent=1308"}],"wp:term":[{"taxonomy":"product_cat","embeddable":true,"href":"https:\/\/baflesoviedo.com\/home\/wp-json\/wp\/v2\/product_cat?post=1308"},{"taxonomy":"product_tag","embeddable":true,"href":"https:\/\/baflesoviedo.com\/home\/wp-json\/wp\/v2\/product_tag?post=1308"}],"curies":[{"name":"wp","href":"https:\/\/api.w.org\/{rel}","templated":true}]}}