{"id":1345,"date":"2020-12-16T17:52:47","date_gmt":"2020-12-16T17:52:47","guid":{"rendered":"https:\/\/baflesoviedo.com\/home\/?post_type=product&#038;p=1345"},"modified":"2023-10-21T03:10:48","modified_gmt":"2023-10-21T03:10:48","slug":"visaton-tw-6-ng-8-ohm-parlante-tweeter","status":"publish","type":"product","link":"https:\/\/baflesoviedo.com\/home\/product\/visaton-tw-6-ng-8-ohm-parlante-tweeter\/","title":{"rendered":"Visaton, TW 6 NG &#8211; 8 Ohm, Parlante Tweeter"},"content":{"rendered":"<p>&nbsp;<\/p>\n<p><strong>Especificaciones<\/strong><\/p>\n<table width=\"476\">\n<tbody>\n<tr>\n<td width=\"273\">Impedancia nominal Z<\/td>\n<td width=\"203\">8 ohmios<\/td>\n<\/tr>\n<tr>\n<td width=\"273\">Respuesta de frecuencia<\/td>\n<td width=\"203\">1000\u201330000 Hz<\/td>\n<\/tr>\n<tr>\n<td width=\"273\">Nivel de presi\u00f3n sonora medio<\/td>\n<td width=\"203\">91 dB (1 W \/ 1 m)<\/td>\n<\/tr>\n<tr>\n<td width=\"273\">\u00c1ngulo de apertura (-6 dB)<\/td>\n<td width=\"203\">97 \u00b0 \/ 8000 Hz<\/td>\n<\/tr>\n<tr>\n<td width=\"273\">L\u00edmite de excursi\u00f3n<\/td>\n<td width=\"203\">+\/\u2212 0,5 mm<\/td>\n<\/tr>\n<tr>\n<td width=\"273\">Frecuencia de resonancia fs<\/td>\n<td width=\"203\">1500 Hz<\/td>\n<\/tr>\n<tr>\n<td width=\"273\">Inducci\u00f3n magn\u00e9tica<\/td>\n<td width=\"203\">0,8 toneladas<\/td>\n<\/tr>\n<tr>\n<td width=\"273\">Flujo magn\u00e9tico<\/td>\n<td width=\"203\">70 \u00b5Wb<\/td>\n<\/tr>\n<tr>\n<td width=\"273\">Altura de la placa del poste frontal<\/td>\n<td width=\"203\">2,5 mm<\/td>\n<\/tr>\n<tr>\n<td width=\"273\">Di\u00e1metro de la bobina de voz<\/td>\n<td width=\"203\">14 mm<\/td>\n<\/tr>\n<tr>\n<td width=\"273\">Altura de bobinado<\/td>\n<td width=\"203\">2,5 mm<\/td>\n<\/tr>\n<tr>\n<td width=\"273\">Di\u00e1metro de corte<\/td>\n<td width=\"203\">56 mm<\/td>\n<\/tr>\n<tr>\n<td width=\"273\">Peso neto<\/td>\n<td width=\"203\">0,14 kilogramos<\/td>\n<\/tr>\n<tr>\n<td width=\"273\">Resistencia D.C. Rdc<\/td>\n<td width=\"203\">6,5 ohmios<\/td>\n<\/tr>\n<tr>\n<td width=\"273\">\u00c1rea efectiva del pist\u00f3n Sd<\/td>\n<td width=\"203\">17 cm\u00b2<\/td>\n<\/tr>\n<tr>\n<td width=\"273\">Inductancia de la bobina m\u00f3vil L<\/td>\n<td width=\"203\">0,17 mH<\/td>\n<\/tr>\n<tr>\n<td width=\"273\">Conexiones<\/td>\n<td width=\"203\">2,8 x 0,5 mm (+) 2,8 x 0,5 mm (-)<\/td>\n<\/tr>\n<tr>\n<td width=\"273\">Manejo de potencia m\u00e1xima con paso alto<\/td>\n<td width=\"203\">100 W (12 dB \/ Okt .; 5000 Hz)<\/td>\n<\/tr>\n<tr>\n<td width=\"273\">Manejo de potencia nominal con paso alto<\/td>\n<td width=\"203\">60 W (12 dB \/ Okt .; 5000 Hz)<\/td>\n<\/tr>\n<\/tbody>\n<\/table>\n<p><a href=\"https:\/\/www.visaton.de\/en\/products\/drivers\/cone-tweeters\/tw-6-ng-8-ohm\" target=\"_blank\" rel=\"noopener noreferrer\"><span style=\"color: #0000ff;\">Click aqu\u00ed para m\u00e1s informaci\u00f3n del producto.<\/span><\/a><\/p>\n","protected":false},"excerpt":{"rendered":"<p>Tweeter de cono para el rango de alta frecuencia por encima de 5000 Hz. Respuesta de frecuencia equilibrada con agudos brillantes y manejo de alta potencia. Debido a la parte trasera sellada, no es necesaria la construcci\u00f3n de una carcasa de rango de alta frecuencia por separado. Especialmente adecuado como unidad de reemplazo para muchos altavoces HiFi.<\/p>\n","protected":false},"featured_media":1346,"template":"","meta":[],"product_cat":[25],"product_tag":[84,86,61],"_links":{"self":[{"href":"https:\/\/baflesoviedo.com\/home\/wp-json\/wp\/v2\/product\/1345"}],"collection":[{"href":"https:\/\/baflesoviedo.com\/home\/wp-json\/wp\/v2\/product"}],"about":[{"href":"https:\/\/baflesoviedo.com\/home\/wp-json\/wp\/v2\/types\/product"}],"wp:featuredmedia":[{"embeddable":true,"href":"https:\/\/baflesoviedo.com\/home\/wp-json\/wp\/v2\/media\/1346"}],"wp:attachment":[{"href":"https:\/\/baflesoviedo.com\/home\/wp-json\/wp\/v2\/media?parent=1345"}],"wp:term":[{"taxonomy":"product_cat","embeddable":true,"href":"https:\/\/baflesoviedo.com\/home\/wp-json\/wp\/v2\/product_cat?post=1345"},{"taxonomy":"product_tag","embeddable":true,"href":"https:\/\/baflesoviedo.com\/home\/wp-json\/wp\/v2\/product_tag?post=1345"}],"curies":[{"name":"wp","href":"https:\/\/api.w.org\/{rel}","templated":true}]}}