{"id":1347,"date":"2020-12-16T18:00:42","date_gmt":"2020-12-16T18:00:42","guid":{"rendered":"https:\/\/baflesoviedo.com\/home\/?post_type=product&#038;p=1347"},"modified":"2023-10-21T03:09:56","modified_gmt":"2023-10-21T03:09:56","slug":"visaton-w-130-s-8-ohm-parlante-hifi","status":"publish","type":"product","link":"https:\/\/baflesoviedo.com\/home\/product\/visaton-w-130-s-8-ohm-parlante-hifi\/","title":{"rendered":"Visaton, W 130 S &#8211; 8 Ohm, Parlante HiFi"},"content":{"rendered":"<p>&nbsp;<\/p>\n<p><strong>Especificaciones<\/strong><\/p>\n<table width=\"500\">\n<tbody>\n<tr>\n<td width=\"389\">Potencia nominal<\/td>\n<td width=\"111\">50 W<\/td>\n<\/tr>\n<tr>\n<td width=\"389\">Poder m\u00e1ximo<\/td>\n<td width=\"111\">80 W<\/td>\n<\/tr>\n<tr>\n<td width=\"389\">Impedancia nominal Z<\/td>\n<td width=\"111\">8 ohmios<\/td>\n<\/tr>\n<tr>\n<td width=\"389\">Respuesta de frecuencia<\/td>\n<td width=\"111\">fu \u2013 12000 Hz<\/td>\n<\/tr>\n<tr>\n<td width=\"389\">(fu: frecuencia de corte m\u00e1s baja dependiendo del gabinete)<\/td>\n<td width=\"111\">.<\/td>\n<\/tr>\n<tr>\n<td width=\"389\">Nivel de presi\u00f3n sonora medio<\/td>\n<td width=\"111\">87 dB (1 W \/ 1 m)<\/td>\n<\/tr>\n<tr>\n<td width=\"389\">\u00c1ngulo de apertura (-6 dB)<\/td>\n<td width=\"111\">113 \u00b0 \/ 4000 Hz<\/td>\n<\/tr>\n<tr>\n<td width=\"389\">L\u00edmite de excursi\u00f3n<\/td>\n<td width=\"111\">+\/\u2212 8 mm<\/td>\n<\/tr>\n<tr>\n<td width=\"389\">Frecuencia de resonancia fs<\/td>\n<td width=\"111\">52 Hz<\/td>\n<\/tr>\n<tr>\n<td width=\"389\">Inducci\u00f3n magn\u00e9tica<\/td>\n<td width=\"111\">0,9 toneladas<\/td>\n<\/tr>\n<tr>\n<td width=\"389\">Flujo magn\u00e9tico<\/td>\n<td width=\"111\">283 \u00b5Wb<\/td>\n<\/tr>\n<tr>\n<td width=\"389\">Altura de la placa del poste frontal<\/td>\n<td width=\"111\">4 mm<\/td>\n<\/tr>\n<tr>\n<td width=\"389\">Di\u00e1metro de la bobina de voz<\/td>\n<td width=\"111\">25 mm<\/td>\n<\/tr>\n<tr>\n<td width=\"389\">Altura de bobinado<\/td>\n<td width=\"111\">8.5 mil\u00edmetros<\/td>\n<\/tr>\n<tr>\n<td width=\"389\">Di\u00e1metro de corte<\/td>\n<td width=\"111\">109 mil\u00edmetros<\/td>\n<\/tr>\n<tr>\n<td width=\"389\">Peso neto<\/td>\n<td width=\"111\">0,63 kilogramos<\/td>\n<\/tr>\n<tr>\n<td width=\"389\">Resistencia D.C. Rdc<\/td>\n<td width=\"111\">6 ohmios<\/td>\n<\/tr>\n<tr>\n<td width=\"389\">Factor Q mec\u00e1nico Qms<\/td>\n<td width=\"111\">2,26<\/td>\n<\/tr>\n<tr>\n<td width=\"389\">Factor Q el\u00e9ctrico Qes<\/td>\n<td width=\"111\">0,59<\/td>\n<\/tr>\n<tr>\n<td width=\"389\">Factor Q total Qts<\/td>\n<td width=\"111\">0.47<\/td>\n<\/tr>\n<tr>\n<td width=\"389\">Volumen equivalente Vas<\/td>\n<td width=\"111\">12 l<\/td>\n<\/tr>\n<tr>\n<td width=\"389\">\u00c1rea efectiva del pist\u00f3n Sd<\/td>\n<td width=\"111\">74 cm\u00b2<\/td>\n<\/tr>\n<tr>\n<td width=\"389\">Masa movida din\u00e1micamente Mms<\/td>\n<td width=\"111\">6 g<\/td>\n<\/tr>\n<tr>\n<td width=\"389\">Factor de fuerza Bxl<\/td>\n<td width=\"111\">4,6 Tm<\/td>\n<\/tr>\n<tr>\n<td width=\"389\">Inductancia de la bobina m\u00f3vil L<\/td>\n<td width=\"111\">0,6 mH<\/td>\n<\/tr>\n<\/tbody>\n<\/table>\n<p><a href=\"https:\/\/www.visaton.de\/en\/products\/drivers\/bass-midranges\/w-130-s-8-ohm\" target=\"_blank\" rel=\"noopener noreferrer\"><span style=\"color: #0000ff;\">Click aqu\u00ed para m\u00e1s informaci\u00f3n del producto.<\/span><\/a><\/p>\n","protected":false},"excerpt":{"rendered":"<p>Parlante HiFi de rango medio-bajo de 13 cm (5 &#8220;) con cono de papel revestido, borde de goma el\u00e1stica y bobina m\u00f3vil de 25 mm. Adecuado como woofer y debido a la respuesta de frecuencia muy equilibrada tambi\u00e9n como controlador de rango medio-bajo, especialmente en altavoces grandes de 3 v\u00edas sistemas.<\/p>\n","protected":false},"featured_media":1348,"template":"","meta":[],"product_cat":[25],"product_tag":[40,84,61],"_links":{"self":[{"href":"https:\/\/baflesoviedo.com\/home\/wp-json\/wp\/v2\/product\/1347"}],"collection":[{"href":"https:\/\/baflesoviedo.com\/home\/wp-json\/wp\/v2\/product"}],"about":[{"href":"https:\/\/baflesoviedo.com\/home\/wp-json\/wp\/v2\/types\/product"}],"wp:featuredmedia":[{"embeddable":true,"href":"https:\/\/baflesoviedo.com\/home\/wp-json\/wp\/v2\/media\/1348"}],"wp:attachment":[{"href":"https:\/\/baflesoviedo.com\/home\/wp-json\/wp\/v2\/media?parent=1347"}],"wp:term":[{"taxonomy":"product_cat","embeddable":true,"href":"https:\/\/baflesoviedo.com\/home\/wp-json\/wp\/v2\/product_cat?post=1347"},{"taxonomy":"product_tag","embeddable":true,"href":"https:\/\/baflesoviedo.com\/home\/wp-json\/wp\/v2\/product_tag?post=1347"}],"curies":[{"name":"wp","href":"https:\/\/api.w.org\/{rel}","templated":true}]}}