{"id":1358,"date":"2020-12-16T20:19:33","date_gmt":"2020-12-16T20:19:33","guid":{"rendered":"https:\/\/baflesoviedo.com\/home\/?post_type=product&#038;p=1358"},"modified":"2023-10-21T03:07:52","modified_gmt":"2023-10-21T03:07:52","slug":"visaton-st-77-terminal-redondo","status":"publish","type":"product","link":"https:\/\/baflesoviedo.com\/home\/product\/visaton-st-77-terminal-redondo\/","title":{"rendered":"Visaton, ST 77, Terminal redondo"},"content":{"rendered":"<p>&nbsp;<\/p>\n<p><strong>Especificaciones<\/strong><\/p>\n<table style=\"height: 29px;\" width=\"229\">\n<tbody>\n<tr>\n<td width=\"125\">Di\u00e1metro de corte<\/td>\n<td width=\"80\">\u00f8 78 mm<\/td>\n<\/tr>\n<\/tbody>\n<\/table>\n<p><a href=\"https:\/\/www.visaton.de\/en\/products\/accessories\/loudspeaker-terminals\/st-77\" target=\"_blank\" rel=\"noopener noreferrer\"><span style=\"color: #0000ff;\">Click aqu\u00ed para m\u00e1s informaci\u00f3n del producto.<\/span><\/a><\/p>\n","protected":false},"excerpt":{"rendered":"<p>Terminal redondo con borne de uni\u00f3n chapado en oro y dos bridas de montaje para PCB.<\/p>\n","protected":false},"featured_media":1359,"template":"","meta":[],"product_cat":[27],"product_tag":[98,61],"_links":{"self":[{"href":"https:\/\/baflesoviedo.com\/home\/wp-json\/wp\/v2\/product\/1358"}],"collection":[{"href":"https:\/\/baflesoviedo.com\/home\/wp-json\/wp\/v2\/product"}],"about":[{"href":"https:\/\/baflesoviedo.com\/home\/wp-json\/wp\/v2\/types\/product"}],"wp:featuredmedia":[{"embeddable":true,"href":"https:\/\/baflesoviedo.com\/home\/wp-json\/wp\/v2\/media\/1359"}],"wp:attachment":[{"href":"https:\/\/baflesoviedo.com\/home\/wp-json\/wp\/v2\/media?parent=1358"}],"wp:term":[{"taxonomy":"product_cat","embeddable":true,"href":"https:\/\/baflesoviedo.com\/home\/wp-json\/wp\/v2\/product_cat?post=1358"},{"taxonomy":"product_tag","embeddable":true,"href":"https:\/\/baflesoviedo.com\/home\/wp-json\/wp\/v2\/product_tag?post=1358"}],"curies":[{"name":"wp","href":"https:\/\/api.w.org\/{rel}","templated":true}]}}