{"id":1368,"date":"2020-12-16T21:50:05","date_gmt":"2020-12-16T21:50:05","guid":{"rendered":"https:\/\/baflesoviedo.com\/home\/?post_type=product&#038;p=1368"},"modified":"2025-12-17T01:05:58","modified_gmt":"2025-12-17T01:05:58","slug":"pro-ject-phono-box-s2-preamplificador","status":"publish","type":"product","link":"https:\/\/baflesoviedo.com\/home\/product\/pro-ject-phono-box-s2-preamplificador\/","title":{"rendered":"Pro-Ject, Phono Box S2, Preamplificador Phono"},"content":{"rendered":"<p>&nbsp;<\/p>\n<p><strong>Especificaciones<\/strong><\/p>\n<table width=\"527\">\n<tbody>\n<tr>\n<td width=\"208\">Impedancia de entrada<\/td>\n<td width=\"319\">10 ohmios \/ 100 ohmios \/ 1 kOhmios \/ 47 kOhmios<\/td>\n<\/tr>\n<tr>\n<td width=\"208\">Capacitancia de entrada<\/td>\n<td width=\"319\">100 pF \/ 200 pF \/ 320 pF \/ 420 pF<\/td>\n<\/tr>\n<tr>\n<td width=\"208\">Interruptor de ganancia<\/td>\n<td width=\"319\">40 dB \/ 43 dB \/ 60 dB \/ 63 dB<\/td>\n<\/tr>\n<tr>\n<td width=\"208\">Interruptor subs\u00f3nico<\/td>\n<td width=\"319\">-12 dB a 20 Hz<\/td>\n<\/tr>\n<tr>\n<td width=\"208\">Relaci\u00f3n se\u00f1al-ruido<\/td>\n<td width=\"319\">85 dB<\/td>\n<\/tr>\n<tr>\n<td width=\"208\">THD + N<\/td>\n<td width=\"319\">0,01% MM \/ 0,05% MC<\/td>\n<\/tr>\n<tr>\n<td width=\"208\">Precisi\u00f3n RIAA<\/td>\n<td width=\"319\">&lt;0,4 dB \/ 20 Hz &#8211; 20 kHz<\/td>\n<\/tr>\n<tr>\n<td width=\"208\">Tomas de entrada \/ salida<\/td>\n<td width=\"319\">1 par de conectores RCA<\/td>\n<\/tr>\n<tr>\n<td width=\"208\">El consumo de energ\u00eda<\/td>\n<td width=\"319\">18 V \/ 85 mA<\/td>\n<\/tr>\n<tr>\n<td width=\"208\">Fuente de alimentaci\u00f3n externa<\/td>\n<td width=\"319\">18 voltios CC \/ 500 mA<\/td>\n<\/tr>\n<tr>\n<td width=\"208\">Dimensiones (An x Al x Pr)<\/td>\n<td width=\"319\">103 x 36 x 115 mm<\/td>\n<\/tr>\n<tr>\n<td width=\"208\">Color de la placa frontal<\/td>\n<td width=\"319\">plateado o negro<\/td>\n<\/tr>\n<tr>\n<td width=\"208\">Peso<\/td>\n<td width=\"319\">570 g neto<\/td>\n<\/tr>\n<\/tbody>\n<\/table>\n<p><a href=\"https:\/\/www.project-audio.com\/en\/product\/phono-box-s2\/\" target=\"_blank\" rel=\"noopener noreferrer\"><span style=\"color: #0000ff;\">Click aqu\u00ed para m\u00e1s informaci\u00f3n del producto.<\/span><\/a><\/p>\n","protected":false},"excerpt":{"rendered":"<p>Phono Box S2 es un preamplificador phono MM \/ MC que presenta incre\u00edbles microdetalles, din\u00e1mica y precisi\u00f3n con un escenario sonoro que generalmente se encuentra en productos mucho m\u00e1s caros. La nueva carcasa estilo S2 est\u00e1 hecha de una construcci\u00f3n s\u00e1ndwich de aluminio \/ metal y no solo ofrece la m\u00e1s alta est\u00e9tica, sino que tambi\u00e9n la protege de manera sobresaliente de interferencias electromagn\u00e9ticas y vibraciones no deseadas. Esto garantiza una experiencia auditiva sin molestias y sin preocupaciones. Los interruptores en la parte inferior de la unidad permiten ajustar el sonido a sus preferencias y ajustar Phono Box S2 a cualquier cartucho disponible.<\/p>\n<p>Fuente de alimentaci\u00f3n de actualizaci\u00f3n compatible: Accu Box S2.<\/p>\n","protected":false},"featured_media":1369,"template":"","meta":[],"product_cat":[37],"product_tag":[216,56,62],"_links":{"self":[{"href":"https:\/\/baflesoviedo.com\/home\/wp-json\/wp\/v2\/product\/1368"}],"collection":[{"href":"https:\/\/baflesoviedo.com\/home\/wp-json\/wp\/v2\/product"}],"about":[{"href":"https:\/\/baflesoviedo.com\/home\/wp-json\/wp\/v2\/types\/product"}],"wp:featuredmedia":[{"embeddable":true,"href":"https:\/\/baflesoviedo.com\/home\/wp-json\/wp\/v2\/media\/1369"}],"wp:attachment":[{"href":"https:\/\/baflesoviedo.com\/home\/wp-json\/wp\/v2\/media?parent=1368"}],"wp:term":[{"taxonomy":"product_cat","embeddable":true,"href":"https:\/\/baflesoviedo.com\/home\/wp-json\/wp\/v2\/product_cat?post=1368"},{"taxonomy":"product_tag","embeddable":true,"href":"https:\/\/baflesoviedo.com\/home\/wp-json\/wp\/v2\/product_tag?post=1368"}],"curies":[{"name":"wp","href":"https:\/\/api.w.org\/{rel}","templated":true}]}}