{"id":1412,"date":"2021-03-04T19:06:27","date_gmt":"2021-03-04T19:06:27","guid":{"rendered":"https:\/\/baflesoviedo.com\/home\/?post_type=product&#038;p=1412"},"modified":"2021-03-04T19:08:09","modified_gmt":"2021-03-04T19:08:09","slug":"liberty-zb01-conectores-para-altavoz-tipo-banana","status":"publish","type":"product","link":"https:\/\/baflesoviedo.com\/home\/product\/liberty-zb01-conectores-para-altavoz-tipo-banana\/","title":{"rendered":"Liberty, ZB01, Conectores para altavoz tipo banana"},"content":{"rendered":"<p>&nbsp;<\/p>\n<p><strong>Especificaciones<\/strong><\/p>\n<table width=\"365\">\n<tbody>\n<tr>\n<td width=\"365\">Par de conectores tipo banana<\/td>\n<\/tr>\n<tr>\n<td width=\"365\">Todas las superficies de contacto chapadas en oro<\/td>\n<\/tr>\n<tr>\n<td width=\"365\">Conexi\u00f3n de terminal tipo tornillo de doble toque<\/td>\n<\/tr>\n<tr>\n<td width=\"365\">El par es de tornillo rojo y negro en el cuerpo para + y &#8211; ID<\/td>\n<\/tr>\n<tr>\n<td width=\"365\">Tama\u00f1o de cable de 10 y 12 AWG<\/td>\n<\/tr>\n<\/tbody>\n<\/table>\n<p><span style=\"color: #0000ff;\"><a style=\"color: #0000ff;\" href=\"https:\/\/secure.libertycable.com\/product_details.php?pitem=ZB01\" target=\"_blank\" rel=\"noopener noreferrer\">Click aqu\u00ed para m\u00e1s informaci\u00f3n del producto.<\/a><\/span><\/p>\n","protected":false},"excerpt":{"rendered":"<p>Pares de banana individuales econ\u00f3micos para cable de audio de nivel de altavoz 10-12 AWG.<\/p>\n<p>Conexi\u00f3n de audio de nivel de altavoz. Cable de instrumento, conexi\u00f3n de alimentaci\u00f3n de corriente continua.<\/p>\n","protected":false},"featured_media":1414,"template":"","meta":[],"product_cat":[27],"product_tag":[98,96],"_links":{"self":[{"href":"https:\/\/baflesoviedo.com\/home\/wp-json\/wp\/v2\/product\/1412"}],"collection":[{"href":"https:\/\/baflesoviedo.com\/home\/wp-json\/wp\/v2\/product"}],"about":[{"href":"https:\/\/baflesoviedo.com\/home\/wp-json\/wp\/v2\/types\/product"}],"wp:featuredmedia":[{"embeddable":true,"href":"https:\/\/baflesoviedo.com\/home\/wp-json\/wp\/v2\/media\/1414"}],"wp:attachment":[{"href":"https:\/\/baflesoviedo.com\/home\/wp-json\/wp\/v2\/media?parent=1412"}],"wp:term":[{"taxonomy":"product_cat","embeddable":true,"href":"https:\/\/baflesoviedo.com\/home\/wp-json\/wp\/v2\/product_cat?post=1412"},{"taxonomy":"product_tag","embeddable":true,"href":"https:\/\/baflesoviedo.com\/home\/wp-json\/wp\/v2\/product_tag?post=1412"}],"curies":[{"name":"wp","href":"https:\/\/api.w.org\/{rel}","templated":true}]}}