{"id":1446,"date":"2021-04-06T20:39:03","date_gmt":"2021-04-06T20:39:03","guid":{"rendered":"https:\/\/baflesoviedo.com\/home\/?post_type=product&#038;p=1446"},"modified":"2025-07-27T20:30:12","modified_gmt":"2025-07-27T20:30:12","slug":"sumiko-moonstone-cartucho-de-fonografo","status":"publish","type":"product","link":"https:\/\/baflesoviedo.com\/home\/product\/sumiko-moonstone-cartucho-de-fonografo\/","title":{"rendered":"Sumiko, Moonstone, Pastilla Tornamesa (MM)"},"content":{"rendered":"<p>&nbsp;<\/p>\n<p><strong>Especificaciones<\/strong><\/p>\n<table width=\"567\">\n<tbody>\n<tr>\n<td width=\"240\">Masa<\/td>\n<td width=\"327\">6,5 g<\/td>\n<\/tr>\n<tr>\n<td width=\"240\">Aguja<\/td>\n<td width=\"327\">0.3 x 0.7mil el\u00edptica<\/td>\n<\/tr>\n<tr>\n<td width=\"240\">Viga voladiza<\/td>\n<td width=\"327\">Tubo de aluminio de \u23000.5mm<\/td>\n<\/tr>\n<tr>\n<td width=\"240\">Bobinas<\/td>\n<td width=\"327\">Cobre de alta pureza<\/td>\n<\/tr>\n<tr>\n<td width=\"240\">Impedancia interna<\/td>\n<td width=\"327\">1,130\u03a9<\/td>\n<\/tr>\n<tr>\n<td width=\"240\">Impedancia de carga<\/td>\n<td width=\"327\">47k\u03a9<\/td>\n<\/tr>\n<tr>\n<td width=\"240\">Respuesta de frecuencia<\/td>\n<td width=\"327\">12 Hz &#8211; 33 kHz<\/td>\n<\/tr>\n<tr>\n<td width=\"240\">Salida<\/td>\n<td width=\"327\">3,0 mV<\/td>\n<\/tr>\n<tr>\n<td width=\"240\">Separaci\u00f3n de canales<\/td>\n<td width=\"327\">30 dB a 1 kHz<\/td>\n<\/tr>\n<tr>\n<td width=\"240\">Balance de canal<\/td>\n<td width=\"327\">0,5 dB a 1 kHz<\/td>\n<\/tr>\n<tr>\n<td width=\"240\">Cumplimiento<\/td>\n<td width=\"327\">12 \u00d7 10-6 cm \/ dyn @ 100Hz<\/td>\n<\/tr>\n<tr>\n<td width=\"240\">Capacitancia<\/td>\n<td width=\"327\">100pF &#8211; 200pF<\/td>\n<\/tr>\n<tr>\n<td width=\"240\">\u00c1ngulo de seguimiento vertical<\/td>\n<td width=\"327\">25 \u00b0<\/td>\n<\/tr>\n<tr>\n<td width=\"240\">Rango de fuerza de seguimiento<\/td>\n<td width=\"327\">1,8 g &#8211; 2,2 g<\/td>\n<\/tr>\n<tr>\n<td width=\"240\">Fuerza de seguimiento recomendada<\/td>\n<td width=\"327\">2,0 g<\/td>\n<\/tr>\n<tr>\n<td width=\"240\">Unidad de aguja de repuesto<\/td>\n<td width=\"327\">Rainier, Olympia o Moonstone RS (intercambiable)<\/td>\n<\/tr>\n<\/tbody>\n<\/table>\n<p><a href=\"https:\/\/sumikophonocartridges.com\/product\/moonstone-mm-phono-cartridge\/\" target=\"_blank\" rel=\"noopener noreferrer\"><span style=\"color: #0000ff;\">Click aqu\u00ed para m\u00e1s informaci\u00f3n del producto.<\/span><\/a><\/p>\n","protected":false},"excerpt":{"rendered":"<p>Moonstone est\u00e1 vestida para impresionar. Reduciendo a\u00fan m\u00e1s la masa en movimiento y la salida y rematado con nuestro diamante el\u00edptico de 0.3 x 0.7 mil probado en escucha, Moonstone transcribe im\u00e1genes s\u00f3nicas con peso, riqueza, profundidad y brillo. La textura es sumamente realista. La imagen s\u00f3nica est\u00e1 suspendida y bien controlada sobre un piso de ruido casi ausente, proporcionando una claridad fant\u00e1stica sin grabado ni confusi\u00f3n. Compatible con preamplificadores MM y la gran mayor\u00eda de los brazos de tono que existen.<\/p>\n","protected":false},"featured_media":1456,"template":"","meta":[],"product_cat":[37],"product_tag":[202,128,62],"_links":{"self":[{"href":"https:\/\/baflesoviedo.com\/home\/wp-json\/wp\/v2\/product\/1446"}],"collection":[{"href":"https:\/\/baflesoviedo.com\/home\/wp-json\/wp\/v2\/product"}],"about":[{"href":"https:\/\/baflesoviedo.com\/home\/wp-json\/wp\/v2\/types\/product"}],"wp:featuredmedia":[{"embeddable":true,"href":"https:\/\/baflesoviedo.com\/home\/wp-json\/wp\/v2\/media\/1456"}],"wp:attachment":[{"href":"https:\/\/baflesoviedo.com\/home\/wp-json\/wp\/v2\/media?parent=1446"}],"wp:term":[{"taxonomy":"product_cat","embeddable":true,"href":"https:\/\/baflesoviedo.com\/home\/wp-json\/wp\/v2\/product_cat?post=1446"},{"taxonomy":"product_tag","embeddable":true,"href":"https:\/\/baflesoviedo.com\/home\/wp-json\/wp\/v2\/product_tag?post=1446"}],"curies":[{"name":"wp","href":"https:\/\/api.w.org\/{rel}","templated":true}]}}