{"id":1498,"date":"2021-05-27T15:41:13","date_gmt":"2021-05-27T15:41:13","guid":{"rendered":"https:\/\/baflesoviedo.com\/home\/?post_type=product&#038;p=1498"},"modified":"2025-06-15T01:21:18","modified_gmt":"2025-06-15T01:21:18","slug":"audio-research-ls28se-tube-preamplifier","status":"publish","type":"product","link":"https:\/\/baflesoviedo.com\/home\/product\/audio-research-ls28se-tube-preamplifier\/","title":{"rendered":"Audio Research, LS28SE, Preamplificador Tubos"},"content":{"rendered":"<p><span style=\"font-weight: 400;\"> En el coraz\u00f3n del LS28SE hay cuatro tubos de vac\u00edo 6H30 en el circuito anal\u00f3gico. Si bien el LS28SE es el complemento perfecto para cualquier amplificador de Audio Research, ha sido dise\u00f1ado para funcionar con casi cualquier amplificador del mercado actual.<\/span><\/p>\n<p><span style=\"font-weight: 400;\">Las mejoras en el LS28SE se derivan de lo que se aprendi\u00f3 durante la creaci\u00f3n de los amplificadores de la serie Reference 160 de Audio Research. Muy similar a los cambios de cables y piezas incorporados en el REF6SE y el REF PH3SE, el LS28SE tambi\u00e9n incluye la actualizaci\u00f3n a las mismas tapas de acoplamiento de oro patentadas que se utilizan en el REF6SE. Estas numerosas y costosas actualizaciones de componentes elevan el rendimiento del LS28SE a un nivel completamente nuevo. La claridad mejorada, la resoluci\u00f3n, la instant\u00e1nea transitoria, la sensaci\u00f3n de espacio y una pureza relajada se notan al instante e inspirar\u00e1n sesiones de escucha prolongadas.<\/span><\/p>\n<p><span style=\"font-weight: 400;\">Desde 1970, la alta definici\u00f3n ha sido m\u00e1s que una marca registrada para Audio Research; ha sido el principio rector para todos sus productos. La serie Foundation contin\u00faa con esta pasi\u00f3n y filosof\u00eda, ofreciendo al oyente una reproducci\u00f3n asombrosa, un gran valor y un soporte a largo plazo incomparable.<\/span><\/p>\n<p>&nbsp;<\/p>\n<p><b>Especificaciones<\/b><\/p>\n<p>&nbsp;<\/p>\n<table>\n<tbody>\n<tr>\n<td><span style=\"font-weight: 400;\">RESPUESTA DE FRECUENCIA<\/span><\/td>\n<td><span style=\"font-weight: 400;\">+ 0-3dB, 0.4Hz a 200kHz a salida nominal (balanceada, carga de 200k ohms)<\/span><\/td>\n<\/tr>\n<tr>\n<td><span style=\"font-weight: 400;\">THD + RUIDO<\/span><\/td>\n<td><span style=\"font-weight: 400;\">Menos del .007% a salida BAL de 2 V RMS.<\/span><\/td>\n<\/tr>\n<tr>\n<td><span style=\"font-weight: 400;\">RUIDO<\/span><\/td>\n<td><span style=\"font-weight: 400;\">Menos de -100dBv a volumen m\u00e1ximo (103).<\/span><\/td>\n<\/tr>\n<tr>\n<td><span style=\"font-weight: 400;\">RANGO DIN\u00c1MICO<\/span><\/td>\n<td><span style=\"font-weight: 400;\">122dB (AES17).<\/span><\/td>\n<\/tr>\n<tr>\n<td><span style=\"font-weight: 400;\">CROSSTALK<\/span><\/td>\n<td><span style=\"font-weight: 400;\">-105dB<\/span><\/td>\n<\/tr>\n<tr>\n<td><span style=\"font-weight: 400;\">GANANCIA<\/span><\/td>\n<td><span style=\"font-weight: 400;\">Salida principal: salida balanceada de 18,5 dB. (Salida SE de 12,5 dB.) Salida de grabaci\u00f3n: 0 dB (Entrada del procesador: salida balanceada de 0 dB).<\/span><\/td>\n<\/tr>\n<tr>\n<td><span style=\"font-weight: 400;\">IMPEDANCIA DE ENTRADA<\/span><\/td>\n<td><span style=\"font-weight: 400;\">100K ohmios equilibrado, 50K ohmios SE. 8 entradas: 4 balanceadas, 4 de un solo extremo.<\/span><\/td>\n<\/tr>\n<tr>\n<td><span style=\"font-weight: 400;\">IMPEDANCIA DE SALIDA<\/span><\/td>\n<td><span style=\"font-weight: 400;\">600 ohmios balanceados, 300 ohmios SE Main (2), carga m\u00ednima de 20K ohmios y capacitancia m\u00e1xima de 2000pF. Salidas (3): 2 Main, 1 Record (conectores XLR y RCA).<\/span><\/td>\n<\/tr>\n<tr>\n<td><span style=\"font-weight: 400;\">POLARIDAD DE SALIDA<\/span><\/td>\n<td><span style=\"font-weight: 400;\">No inversor.<\/span><\/td>\n<\/tr>\n<tr>\n<td><span style=\"font-weight: 400;\">ENTRADA M\u00c1XIMA<\/span><\/td>\n<td><span style=\"font-weight: 400;\">BAL DE 16 V RMS, 8 V RMS SE.<\/span><\/td>\n<\/tr>\n<tr>\n<td><span style=\"font-weight: 400;\">SALIDAS NOMINALES<\/span><\/td>\n<td><span style=\"font-weight: 400;\">2V RMS (1V RMS SE) en una carga balanceada de 200K ohmios (la capacidad de salida balanceada m\u00e1xima es de 17V RMS a menos de 0.5% THD a 1kHz).<\/span><\/td>\n<\/tr>\n<tr>\n<td><span style=\"font-weight: 400;\">CONTROLES<\/span><\/td>\n<td><span style=\"font-weight: 400;\">Selector de volumen giratorio (103 pasos) y selector de entrada giratorio. Botones pulsadores: Encendido, Men\u00fa, Entrar, Mono, Invertir, Silenciar<\/span><\/td>\n<\/tr>\n<tr>\n<td><span style=\"font-weight: 400;\">FUENTES DE ALIMENTACI\u00d3N<\/span><\/td>\n<td><span style=\"font-weight: 400;\">Suministros de alta y baja tensi\u00f3n regulados electr\u00f3nicamente. Autom\u00e1tico 45 seg. calentamiento \/ apagado silencioso. Regulaci\u00f3n de l\u00ednea mejor que .01%.<\/span><\/td>\n<\/tr>\n<tr>\n<td><span style=\"font-weight: 400;\">COMPLEMENTO DE TUBOS<\/span><\/td>\n<td><span style=\"font-weight: 400;\">(4) Triodo doble 6H30P.<\/span><\/td>\n<\/tr>\n<tr>\n<td><span style=\"font-weight: 400;\">REQUERIMIENTOS DE ENERG\u00cdA<\/span><\/td>\n<td><span style=\"font-weight: 400;\">105-125VAC 60Hz (200-250VAC 50 \/ 60Hz) 130 vatios m\u00e1ximo.<\/span><\/td>\n<\/tr>\n<tr>\n<td><span style=\"font-weight: 400;\">STANDBY<\/span><\/td>\n<td><span style=\"font-weight: 400;\">2W<\/span><\/td>\n<\/tr>\n<tr>\n<td><span style=\"font-weight: 400;\">DIMENSIONES<\/span><\/td>\n<td><span style=\"font-weight: 400;\">Ancho: 19 &#8220;(48 cm)<\/span><\/td>\n<\/tr>\n<tr>\n<td><span style=\"font-weight: 400;\">\u00a0<\/span><\/td>\n<td><span style=\"font-weight: 400;\">Altura: 6,5 &#8220;(13,7 cm)<\/span><\/td>\n<\/tr>\n<tr>\n<td><span style=\"font-weight: 400;\">\u00a0<\/span><\/td>\n<td><span style=\"font-weight: 400;\">Profundidad: 13,7 &#8220;(34,8 cm)<\/span><\/td>\n<\/tr>\n<tr>\n<td><span style=\"font-weight: 400;\">\u00a0<\/span><\/td>\n<td><span style=\"font-weight: 400;\">Las manijas se extienden 1.6 \u201d(4 cm) hacia adelante del panel frontal.<\/span><\/td>\n<\/tr>\n<tr>\n<td><span style=\"font-weight: 400;\">PESO<\/span><\/td>\n<td><span style=\"font-weight: 400;\">16.0 libras (7,2 kg) Neto; 24 libras (10,9 kg) Env\u00edo.<\/span><\/td>\n<\/tr>\n<\/tbody>\n<\/table>\n<p>&nbsp;<\/p>\n<p><a href=\"https:\/\/audioresearch.com\/product\/ls28se\/\" target=\"_blank\" rel=\"noopener noreferrer\"><span style=\"color: #0000ff;\">Click aqu\u00ed para m\u00e1s informaci\u00f3n del producto.<\/span><\/a><\/p>\n","protected":false},"excerpt":{"rendered":"<p><span style=\"font-weight: 400;\">El LS28SE es un preamplificador flexible e intuitivo. Cuatro entradas balanceadas y cuatro de un solo punto, y dos conjuntos de salidas balanceadas y de un solo punto, permiten la m\u00e1xima conectividad. El men\u00fa sencillo permite el control de numerosos par\u00e1metros, incluidos el nombre de las entradas, las horas del tubo, el apagado autom\u00e1tico y la transferencia directa del sistema de cine en casa. La inversi\u00f3n de fase y mono tambi\u00e9n son funciones est\u00e1ndar.<\/span><\/p>\n","protected":false},"featured_media":1499,"template":"","meta":[],"product_cat":[20],"product_tag":[132,185,215],"_links":{"self":[{"href":"https:\/\/baflesoviedo.com\/home\/wp-json\/wp\/v2\/product\/1498"}],"collection":[{"href":"https:\/\/baflesoviedo.com\/home\/wp-json\/wp\/v2\/product"}],"about":[{"href":"https:\/\/baflesoviedo.com\/home\/wp-json\/wp\/v2\/types\/product"}],"wp:featuredmedia":[{"embeddable":true,"href":"https:\/\/baflesoviedo.com\/home\/wp-json\/wp\/v2\/media\/1499"}],"wp:attachment":[{"href":"https:\/\/baflesoviedo.com\/home\/wp-json\/wp\/v2\/media?parent=1498"}],"wp:term":[{"taxonomy":"product_cat","embeddable":true,"href":"https:\/\/baflesoviedo.com\/home\/wp-json\/wp\/v2\/product_cat?post=1498"},{"taxonomy":"product_tag","embeddable":true,"href":"https:\/\/baflesoviedo.com\/home\/wp-json\/wp\/v2\/product_tag?post=1498"}],"curies":[{"name":"wp","href":"https:\/\/api.w.org\/{rel}","templated":true}]}}