{"id":1502,"date":"2021-05-27T16:18:19","date_gmt":"2021-05-27T16:18:19","guid":{"rendered":"https:\/\/baflesoviedo.com\/home\/?post_type=product&#038;p=1502"},"modified":"2025-06-11T01:35:16","modified_gmt":"2025-06-11T01:35:16","slug":"audio-research-reference-160s-amplificador-stereo","status":"publish","type":"product","link":"https:\/\/baflesoviedo.com\/home\/product\/audio-research-reference-160s-amplificador-stereo\/","title":{"rendered":"Audio Research, Reference 160S, Amplificador Stereo"},"content":{"rendered":"<p><span style=\"font-weight: 400;\">El Reference 160S (REF160S) transmite el impresionante aspecto del 160M, con dos GhostMeters \u2122 que flotan frente a los ocho tubos de potencia de salida del KT150.<\/span><\/p>\n<p><span style=\"font-weight: 400;\">El 160S contin\u00faa el conjunto de caracter\u00edsticas introducido en el 160M, que incluye un circuito de polarizaci\u00f3n autom\u00e1tica patentado, modos de operaci\u00f3n Triode o Ultralinear conmutables, entradas balanceadas y de un solo extremo y un modo de monitoreo de tubo de salida. El 160S tambi\u00e9n utiliza una placa de circuito de cuatro capas, lo que permite que la m\u00fasica emane de un Jet Black.<\/span><\/p>\n<p><span style=\"font-weight: 400;\">Con un peso de 100 libras. y una profundidad del chasis de 21,5 &#8220;(54,6 cm), se agregaron dos manijas traseras para facilitar su elevaci\u00f3n y movimiento. Ventiladores m\u00e1s grandes de 120 mm y de perfil bajo est\u00e1n integrados en la placa de cubierta inferior horizontalmente para proporcionar ventilaci\u00f3n.<\/span><\/p>\n<p><span style=\"font-weight: 400;\">El REF160S destila la asombrosa resoluci\u00f3n, el impacto din\u00e1mico, la pureza musical y la delicadeza del 160M en un chasis hermoso y alcanzable. Fue dise\u00f1ado para el amante de la m\u00fasica que todos llevamos dentro.<\/span><\/p>\n<p>&nbsp;<\/p>\n<p><b>Especificaciones<\/b><\/p>\n<p>&nbsp;<\/p>\n<table>\n<tbody>\n<tr>\n<td><span style=\"font-weight: 400;\">SALIDA DE POTENCIA<\/span><\/td>\n<td><span style=\"font-weight: 400;\">140W continuos de 20 Hz a 20 kHz. Distorsi\u00f3n arm\u00f3nica total de 1 kHz t\u00edpicamente 1% a 140 vatios, por debajo de 0,04% a 1 vatio. (Tenga en cuenta que la potencia de salida real depende tanto del voltaje de la l\u00ednea como de la &#8220;condici\u00f3n&#8221;, es decir: si la l\u00ednea de alimentaci\u00f3n tiene una alta distorsi\u00f3n, la potencia m\u00e1xima se ver\u00e1 afectada negativamente, aunque desde el punto de vista de la audici\u00f3n esto no es cr\u00edtico).<\/span><\/td>\n<\/tr>\n<tr>\n<td><span style=\"font-weight: 400;\">ANCHO DE BANDA DE PODER<\/span><\/td>\n<td><span style=\"font-weight: 400;\">(-3dB puntos) 5Hz a 70kHz.<\/span><\/td>\n<\/tr>\n<tr>\n<td><span style=\"font-weight: 400;\">RESPUESTA DE FRECUENCIA<\/span><\/td>\n<td><span style=\"font-weight: 400;\">(-3dB puntos a 1 vatio) 0.5Hz a 110kHz.<\/span><\/td>\n<\/tr>\n<tr>\n<td><span style=\"font-weight: 400;\">SENSIBILIDAD DE ENTRADA<\/span><\/td>\n<td><span style=\"font-weight: 400;\">2,4 V RMS equilibrado para salida nominal. (Ganancia de 25,5 dB a 8 ohmios).<\/span><\/td>\n<\/tr>\n<tr>\n<td><span style=\"font-weight: 400;\">IMPEDANCIA DE ENTRADA<\/span><\/td>\n<td><span style=\"font-weight: 400;\">300 k ohmios balanceado; 100 k ohmios de un solo extremo.<\/span><\/td>\n<\/tr>\n<tr>\n<td><span style=\"font-weight: 400;\">POLARIDAD DE SALIDA<\/span><\/td>\n<td><span style=\"font-weight: 400;\">No inversor. Pin de entrada balanceada 2+ (IEC-268).<\/span><\/td>\n<\/tr>\n<tr>\n<td><span style=\"font-weight: 400;\">TAPS DE SALIDA<\/span><\/td>\n<td><span style=\"font-weight: 400;\">16 ohmios, 8 ohmios, 4 ohmios.<\/span><\/td>\n<\/tr>\n<tr>\n<td><span style=\"font-weight: 400;\">REGULACI\u00d3N DE SALIDA<\/span><\/td>\n<td><span style=\"font-weight: 400;\">Aproximadamente 0,6 dB 16 OHMIOS DE CARGA PARA ABRIR EL CIRCUITO (factor de amortiguaci\u00f3n de aproximadamente 14).<\/span><\/td>\n<\/tr>\n<tr>\n<td><span style=\"font-weight: 400;\">RETROALIMENTACI\u00d3N NEGATIVA GENERAL<\/span><\/td>\n<td><span style=\"font-weight: 400;\">14dB VELOCIDAD DE DESPLAZAMIENTO: 13 voltios \/ microsegundo TIEMPO DE SUBIDA: 2,0 microsegundos.<\/span><\/td>\n<\/tr>\n<tr>\n<td><span style=\"font-weight: 400;\">REQUERIMIENTOS DE ENERG\u00cdA<\/span><\/td>\n<td><span style=\"font-weight: 400;\">105-130VAC 60Hz (210-250VAC 50Hz) 875 vatios a salida nominal, 700 vatios en modo triodo, 500 vatios en &#8220;inactivo&#8221;, 3.6 vatios apagado<\/span><\/td>\n<\/tr>\n<tr>\n<td><span style=\"font-weight: 400;\">TUBOS REQUERIDOS<\/span><\/td>\n<td><span style=\"font-weight: 400;\">4 pares emparejados KT150 (Salida de potencia V1-4); 4 6H30 (etapa de ganancia V5 y V6).<\/span><\/td>\n<\/tr>\n<tr>\n<td><span style=\"font-weight: 400;\">DIMENSIONES<\/span><\/td>\n<td><span style=\"font-weight: 400;\">Ancho 19,0 &#8220;(48,26 cm)<\/span><\/td>\n<\/tr>\n<tr>\n<td><span style=\"font-weight: 400;\">\u00a0<\/span><\/td>\n<td><span style=\"font-weight: 400;\">Altura 10,25 &#8220;(26 cm)<\/span><\/td>\n<\/tr>\n<tr>\n<td><span style=\"font-weight: 400;\">\u00a0<\/span><\/td>\n<td><span style=\"font-weight: 400;\">Profundidad 21,5 &#8220;(54,61 cm)<\/span><\/td>\n<\/tr>\n<tr>\n<td><span style=\"font-weight: 400;\">\u00a0<\/span><\/td>\n<td><span style=\"font-weight: 400;\">Con manillas y conectores: 24 &#8220;(60,96 cm)<\/span><\/td>\n<\/tr>\n<tr>\n<td><span style=\"font-weight: 400;\">PESO<\/span><\/td>\n<td><span style=\"font-weight: 400;\">100 libras<\/span><\/td>\n<\/tr>\n<\/tbody>\n<\/table>\n<p>&nbsp;<\/p>\n<p><a href=\"https:\/\/audioresearch.com\/product\/ref-160-s\/\" target=\"_blank\" rel=\"noopener noreferrer\"><span style=\"color: #0000ff;\">Click aqu\u00ed para m\u00e1s informaci\u00f3n del producto.<\/span><\/a><\/p>\n","protected":false},"excerpt":{"rendered":"<p><span style=\"font-weight: 400;\">Audio Research se complace en anunciar el amplificador de potencia est\u00e9reo Reference 160S. Un dise\u00f1o de tubo de vac\u00edo, sigue los pasos del amplificador de potencia monoaural de 160M aclamado internacionalmente, presentado en 2018, que ha ganado m\u00faltiples premios como amplificador del a\u00f1o de publicaciones como Stereophile, Hi-Fi+ y otros.<\/span><\/p>\n","protected":false},"featured_media":1504,"template":"","meta":[],"product_cat":[20],"product_tag":[163,132,185],"_links":{"self":[{"href":"https:\/\/baflesoviedo.com\/home\/wp-json\/wp\/v2\/product\/1502"}],"collection":[{"href":"https:\/\/baflesoviedo.com\/home\/wp-json\/wp\/v2\/product"}],"about":[{"href":"https:\/\/baflesoviedo.com\/home\/wp-json\/wp\/v2\/types\/product"}],"wp:featuredmedia":[{"embeddable":true,"href":"https:\/\/baflesoviedo.com\/home\/wp-json\/wp\/v2\/media\/1504"}],"wp:attachment":[{"href":"https:\/\/baflesoviedo.com\/home\/wp-json\/wp\/v2\/media?parent=1502"}],"wp:term":[{"taxonomy":"product_cat","embeddable":true,"href":"https:\/\/baflesoviedo.com\/home\/wp-json\/wp\/v2\/product_cat?post=1502"},{"taxonomy":"product_tag","embeddable":true,"href":"https:\/\/baflesoviedo.com\/home\/wp-json\/wp\/v2\/product_tag?post=1502"}],"curies":[{"name":"wp","href":"https:\/\/api.w.org\/{rel}","templated":true}]}}