{"id":1528,"date":"2021-06-11T16:46:08","date_gmt":"2021-06-11T16:46:08","guid":{"rendered":"https:\/\/baflesoviedo.com\/home\/?post_type=product&#038;p=1528"},"modified":"2022-03-23T22:38:48","modified_gmt":"2022-03-23T22:38:48","slug":"sonitus-acoustics-fiber-panels-panel-absorbente","status":"publish","type":"product","link":"https:\/\/baflesoviedo.com\/home\/product\/sonitus-acoustics-fiber-panels-panel-absorbente\/","title":{"rendered":"Sonitus Acoustics, Fiber Panels, Panel Absorbente"},"content":{"rendered":"<p>&nbsp;<\/p>\n<p><strong>Especificaciones<\/strong><\/p>\n<p>&nbsp;<\/p>\n<table width=\"592\">\n<tbody>\n<tr>\n<td width=\"109\">Dimensiones<\/td>\n<td width=\"483\">120x60x6 cm (SKU: FP_ * sku de color)<\/td>\n<\/tr>\n<tr>\n<td width=\"109\">Material<\/td>\n<td width=\"483\">Espuma ac\u00fastica de poli\u00e9ster de alta calidad, resistente al fuego FMVSS302<\/td>\n<\/tr>\n<tr>\n<td width=\"109\"><\/td>\n<td width=\"483\">Tela Suave<\/td>\n<\/tr>\n<tr>\n<td width=\"109\">Colores<\/td>\n<td width=\"483\">Blanco&gt; sku: wh \/ Negro&gt; sku: bk \/ Rojo&gt; sku: rd \/ Azul&gt; sku: bl \/ Gris&gt; sku: gy \/ Borgo\u00f1a&gt; sku: bgn \/ Beige&gt; sku: bg<\/td>\n<\/tr>\n<\/tbody>\n<\/table>\n<p><a href=\"http:\/\/www.sonitusacoustics.eu\/14\/product\/fiber-panels\" target=\"_blank\" rel=\"noopener noreferrer\"><span style=\"color: #0000ff;\">Click aqu\u00ed para m\u00e1s informaci\u00f3n del producto.<\/span><\/a><\/p>\n","protected":false},"excerpt":{"rendered":"<p>Los paneles de fibra son paneles absorbentes de banda brillante que absorben desde frecuencias medias a altas. El dise\u00f1o cl\u00e1sico en un robusto marco de MDF, cubierto con tela suave, hace que este panel sea adecuado para todo tipo de habitaciones donde se necesita un dise\u00f1o neutro. Este panel se entrega con perfiles de montaje para colgar en las paredes, pero con 4 peque\u00f1os ganchos para tornillos, tambi\u00e9n puede montarlo f\u00e1cilmente en el techo.<\/p>\n<p><span style=\"color: #ff0000;\"><strong>Precio por unidad.<\/strong><\/span><\/p>\n","protected":false},"featured_media":1529,"template":"","meta":[],"product_cat":[131],"product_tag":[135,134,133],"_links":{"self":[{"href":"https:\/\/baflesoviedo.com\/home\/wp-json\/wp\/v2\/product\/1528"}],"collection":[{"href":"https:\/\/baflesoviedo.com\/home\/wp-json\/wp\/v2\/product"}],"about":[{"href":"https:\/\/baflesoviedo.com\/home\/wp-json\/wp\/v2\/types\/product"}],"wp:featuredmedia":[{"embeddable":true,"href":"https:\/\/baflesoviedo.com\/home\/wp-json\/wp\/v2\/media\/1529"}],"wp:attachment":[{"href":"https:\/\/baflesoviedo.com\/home\/wp-json\/wp\/v2\/media?parent=1528"}],"wp:term":[{"taxonomy":"product_cat","embeddable":true,"href":"https:\/\/baflesoviedo.com\/home\/wp-json\/wp\/v2\/product_cat?post=1528"},{"taxonomy":"product_tag","embeddable":true,"href":"https:\/\/baflesoviedo.com\/home\/wp-json\/wp\/v2\/product_tag?post=1528"}],"curies":[{"name":"wp","href":"https:\/\/api.w.org\/{rel}","templated":true}]}}