{"id":1550,"date":"2021-06-11T17:08:57","date_gmt":"2021-06-11T17:08:57","guid":{"rendered":"https:\/\/baflesoviedo.com\/home\/?post_type=product&#038;p=1550"},"modified":"2022-03-23T22:34:15","modified_gmt":"2022-03-23T22:34:15","slug":"sonitus-acoustics-acoufix-pegamento","status":"publish","type":"product","link":"https:\/\/baflesoviedo.com\/home\/product\/sonitus-acoustics-acoufix-pegamento\/","title":{"rendered":"Sonitus Acoustics, Acoufix, Pegamento"},"content":{"rendered":"<p>&nbsp;<\/p>\n<p><strong>Especificaciones<\/strong><\/p>\n<table width=\"160\">\n<tbody>\n<tr>\n<td width=\"80\">Envase<\/td>\n<td width=\"80\">310 ml<\/td>\n<\/tr>\n<\/tbody>\n<\/table>\n<p>&nbsp;<\/p>\n<p>Presione el pegamento en la parte posterior del panel, como se muestra en la imagen. Presione el panel en una pared transparente y col\u00f3quelo. Mantenlo durante unos 30 segundos. Tarda m\u00e1s en habitaciones fr\u00edas y con mucha humedad. Si lo monta en el techo, mant\u00e9ngalo m\u00e1s tiempo. El tiempo de espera tambi\u00e9n depende del peso del producto.<\/p>\n<p><a href=\"http:\/\/www.sonitusacoustics.eu\/38\/product\/acoufix\" target=\"_blank\" rel=\"noopener noreferrer\"><span style=\"color: #0000ff;\">Click aqu\u00ed para m\u00e1s informaci\u00f3n del producto.<\/span><\/a><\/p>\n","protected":false},"excerpt":{"rendered":"<p>Acoufix es un pegamento de base acr\u00edlica para todos los paneles Sonitus Acoustics.<\/p>\n<p><span style=\"color: #ff0000;\"><strong>Precio por unidad.<\/strong><\/span><\/p>\n","protected":false},"featured_media":1551,"template":"","meta":[],"product_cat":[131],"product_tag":[135,134,133],"_links":{"self":[{"href":"https:\/\/baflesoviedo.com\/home\/wp-json\/wp\/v2\/product\/1550"}],"collection":[{"href":"https:\/\/baflesoviedo.com\/home\/wp-json\/wp\/v2\/product"}],"about":[{"href":"https:\/\/baflesoviedo.com\/home\/wp-json\/wp\/v2\/types\/product"}],"wp:featuredmedia":[{"embeddable":true,"href":"https:\/\/baflesoviedo.com\/home\/wp-json\/wp\/v2\/media\/1551"}],"wp:attachment":[{"href":"https:\/\/baflesoviedo.com\/home\/wp-json\/wp\/v2\/media?parent=1550"}],"wp:term":[{"taxonomy":"product_cat","embeddable":true,"href":"https:\/\/baflesoviedo.com\/home\/wp-json\/wp\/v2\/product_cat?post=1550"},{"taxonomy":"product_tag","embeddable":true,"href":"https:\/\/baflesoviedo.com\/home\/wp-json\/wp\/v2\/product_tag?post=1550"}],"curies":[{"name":"wp","href":"https:\/\/api.w.org\/{rel}","templated":true}]}}