{"id":1561,"date":"2021-06-16T19:51:34","date_gmt":"2021-06-16T19:51:34","guid":{"rendered":"https:\/\/baflesoviedo.com\/home\/?post_type=product&#038;p=1561"},"modified":"2025-07-14T19:15:03","modified_gmt":"2025-07-14T19:15:03","slug":"pro-ject-clamp-it-abrazadera-de-disco","status":"publish","type":"product","link":"https:\/\/baflesoviedo.com\/home\/product\/pro-ject-clamp-it-abrazadera-de-disco\/","title":{"rendered":"Pro-Ject, Clamp it, Prensa Tocadiscos"},"content":{"rendered":"<p>&nbsp;<\/p>\n<p><strong>Especificaciones<\/strong><\/p>\n<table width=\"319\">\n<tbody>\n<tr>\n<td width=\"80\">Material<\/td>\n<td width=\"239\">Aluminio con revestimiento de cuero<\/td>\n<\/tr>\n<tr>\n<td width=\"80\">Di\u00e1metro<\/td>\n<td width=\"239\">78 mil\u00edmetros<\/td>\n<\/tr>\n<tr>\n<td width=\"80\">Altura<\/td>\n<td width=\"239\">33 mm<\/td>\n<\/tr>\n<tr>\n<td width=\"80\">Peso<\/td>\n<td width=\"239\">120 g<\/td>\n<\/tr>\n<\/tbody>\n<\/table>\n<p><a href=\"https:\/\/www.project-audio.com\/en\/product\/clamp-it\/\" target=\"_blank\" rel=\"noopener noreferrer\"><span style=\"color: #0000ff;\">Click aqu\u00ed para m\u00e1s informaci\u00f3n del producto.<\/span><\/a><\/p>\n","protected":false},"excerpt":{"rendered":"<h2><strong><span style=\"color: #ff0000;\">OFERTA<\/span><\/strong><\/h2>\n<p>El sonido del vinilo se puede mejorar significativamente cuando se pueden reducir las resonancias no deseadas entre el disco y el plato durante la reproducci\u00f3n. Por lo tanto, las superficies del disco y el plato deben estar bien conectadas. Los discos de discos est\u00e1ndar, que usan peso para lograr esto, tienen dos desventajas:<\/p>\n<p>1) El peso puede inducir niveles m\u00e1s altos de ruido cuando se usa con tocadiscos de menor costo que tienen cojinetes principales menos masivos. Esto afectar\u00e1 negativamente al sonido.<\/p>\n<p>2) En lugar del contacto m\u00e1s cercano deseado entre el vinilo y el tocadiscos, a menudo se logra lo contrario: debido al alto peso en el medio de la placa, el disco se arquea y el borde pierde contacto con el tocadiscos.<\/p>\n<p>Clamp it es la soluci\u00f3n real, un accesorio con un mecanismo de abrazadera alrededor del eje central, que no agregar\u00e1 peso, lo que inducir\u00eda ruidos. Puede ajustar la presi\u00f3n de acuerdo con la condici\u00f3n de sus registros deformados. El montaje de la abrazadera se realiza f\u00e1cilmente en segundos. \u00a1Este accesorio no solo complacer\u00e1 a sus o\u00eddos, sino que sus bordes cortados en diamante bellamente mecanizados tambi\u00e9n se ver\u00e1n extremadamente geniales en cualquier plato giratorio!<\/p>\n","protected":false},"featured_media":1562,"template":"","meta":[],"product_cat":[37],"product_tag":[56,62],"_links":{"self":[{"href":"https:\/\/baflesoviedo.com\/home\/wp-json\/wp\/v2\/product\/1561"}],"collection":[{"href":"https:\/\/baflesoviedo.com\/home\/wp-json\/wp\/v2\/product"}],"about":[{"href":"https:\/\/baflesoviedo.com\/home\/wp-json\/wp\/v2\/types\/product"}],"wp:featuredmedia":[{"embeddable":true,"href":"https:\/\/baflesoviedo.com\/home\/wp-json\/wp\/v2\/media\/1562"}],"wp:attachment":[{"href":"https:\/\/baflesoviedo.com\/home\/wp-json\/wp\/v2\/media?parent=1561"}],"wp:term":[{"taxonomy":"product_cat","embeddable":true,"href":"https:\/\/baflesoviedo.com\/home\/wp-json\/wp\/v2\/product_cat?post=1561"},{"taxonomy":"product_tag","embeddable":true,"href":"https:\/\/baflesoviedo.com\/home\/wp-json\/wp\/v2\/product_tag?post=1561"}],"curies":[{"name":"wp","href":"https:\/\/api.w.org\/{rel}","templated":true}]}}