{"id":1592,"date":"2021-06-22T19:47:34","date_gmt":"2021-06-22T19:47:34","guid":{"rendered":"https:\/\/baflesoviedo.com\/home\/?post_type=product&#038;p=1592"},"modified":"2025-06-11T02:21:57","modified_gmt":"2025-06-11T02:21:57","slug":"pangea-audio-ac-14-power-cable","status":"publish","type":"product","link":"https:\/\/baflesoviedo.com\/home\/product\/pangea-audio-ac-14-power-cable\/","title":{"rendered":"Pangea Audio, AC-14, Cable Poder"},"content":{"rendered":"<p>&nbsp;<\/p>\n<p><strong>Especificaciones<\/strong><\/p>\n<ul>\n<li>Dise\u00f1ado espec\u00edficamente para la entrega de energ\u00eda de banda ancha a componentes AV de nivel de l\u00ednea.<\/li>\n<li>Dise\u00f1ado espec\u00edficamente para mejorar el rendimiento de preamplificadores, reproductores de CD, reproductores de DVD, DAC y otros componentes de nivel de l\u00ednea.<\/li>\n<li>Conductores OFC de 99,99% de pureza para m\u00e1xima conductividad.<\/li>\n<li>Construcci\u00f3n de 14 AWG para una entrega de corriente optimizada a nivel de l\u00ednea.<\/li>\n<li>Geometr\u00eda bidireccional de varios calibres con conductores de graves aislados.<\/li>\n<li>Conductores en espiral para un rechazo de ruido superior.<\/li>\n<li>Triple blindaje para un rechazo superior de interferencias de RF y EM y para un aislamiento optimizado de los componentes sensibles de la fuente.<\/li>\n<li>Flexibilidad superior para una instalaci\u00f3n m\u00e1s sencilla.<\/li>\n<li>El dise\u00f1o liviano no impide la efectividad de los dispositivos de aislamiento.<\/li>\n<li>Contactos chapados en oro de 24k para un contacto el\u00e9ctrico superior.<\/li>\n<li>Los cuerpos de conector moldeados de dos disparos especiales protegen las conexiones de CA vitales para una entrega de corriente m\u00e1xima y una larga vida.<\/li>\n<\/ul>\n<p><a href=\"https:\/\/www.pangeaaudio.com\/Pangea-Audio-AC-14-Power-Cable\" target=\"_blank\" rel=\"noopener noreferrer\"><span style=\"color: #0000ff;\">Click aqu\u00ed para m\u00e1s informaci\u00f3n del producto.<\/span><\/a><\/p>\n","protected":false},"excerpt":{"rendered":"<p>El cable de alimentaci\u00f3n AC-14 de Pangea Audio est\u00e1 dise\u00f1ado espec\u00edficamente para componentes de fuente, que no requieren la misma gran cantidad de corriente que los receptores y amplificadores. El AC-14 proporciona corriente m\u00e1s que suficiente al tiempo que ofrece m\u00faltiples apantallamientos y otras caracter\u00edsticas que facilitan una energ\u00eda extremadamente limpia y sin ruido.<\/p>\n<p>Pangea dise\u00f1\u00f3 el AC-14 espec\u00edficamente para la entrega de energ\u00eda de banda ancha a componentes AV de nivel de l\u00ednea. Mejorar\u00e1 el rendimiento de preamplificadores, reproductores de CD, reproductores de DVD, DAC y otros componentes de nivel de l\u00ednea.<\/p>\n","protected":false},"featured_media":1593,"template":"","meta":[],"product_cat":[26],"product_tag":[201,140],"_links":{"self":[{"href":"https:\/\/baflesoviedo.com\/home\/wp-json\/wp\/v2\/product\/1592"}],"collection":[{"href":"https:\/\/baflesoviedo.com\/home\/wp-json\/wp\/v2\/product"}],"about":[{"href":"https:\/\/baflesoviedo.com\/home\/wp-json\/wp\/v2\/types\/product"}],"wp:featuredmedia":[{"embeddable":true,"href":"https:\/\/baflesoviedo.com\/home\/wp-json\/wp\/v2\/media\/1593"}],"wp:attachment":[{"href":"https:\/\/baflesoviedo.com\/home\/wp-json\/wp\/v2\/media?parent=1592"}],"wp:term":[{"taxonomy":"product_cat","embeddable":true,"href":"https:\/\/baflesoviedo.com\/home\/wp-json\/wp\/v2\/product_cat?post=1592"},{"taxonomy":"product_tag","embeddable":true,"href":"https:\/\/baflesoviedo.com\/home\/wp-json\/wp\/v2\/product_tag?post=1592"}],"curies":[{"name":"wp","href":"https:\/\/api.w.org\/{rel}","templated":true}]}}