{"id":1597,"date":"2021-06-22T20:03:31","date_gmt":"2021-06-22T20:03:31","guid":{"rendered":"https:\/\/baflesoviedo.com\/home\/?post_type=product&#038;p=1597"},"modified":"2025-06-11T02:21:39","modified_gmt":"2025-06-11T02:21:39","slug":"pangea-audio-ac-9semkii-power-cable","status":"publish","type":"product","link":"https:\/\/baflesoviedo.com\/home\/product\/pangea-audio-ac-9semkii-power-cable\/","title":{"rendered":"Pangea Audio, AC-9SEMKII, Cable Poder"},"content":{"rendered":"<p>&nbsp;<\/p>\n<p><strong>Especificaciones<\/strong><\/p>\n<ul>\n<li>Cable de alimentaci\u00f3n de CA premium asequible para audi\u00f3filos.<\/li>\n<li>Dise\u00f1ado espec\u00edficamente para entregar la potencia de alta corriente que necesitan los amplificadores de audio.<\/li>\n<li>Cobre Cardas grado uno sin concesiones y conductores OFC de 99,99% de pureza para una conductividad m\u00e1xima.<\/li>\n<li>Contiene varias veces la cantidad de cobre Cardas grado uno que el cable de alimentaci\u00f3n Pangea Audio AC-9 MkII.<\/li>\n<li>Contactos de CA de cobre chapado en oro de 24k de hoja s\u00f3lida.<\/li>\n<li>Construcci\u00f3n de 7 AWG para una entrega de energ\u00eda optimizada de alta corriente.<\/li>\n<li>Geometr\u00eda de m\u00faltiples calibres de siete v\u00edas para una potencia de CA optimizada de 50\/60 Hz.<\/li>\n<li>Los conductores consisten en cobre Cardas grado uno, cobre OFC y alambre Litz.<\/li>\n<li>Conductores en espiral para un rechazo de ruido superior.<\/li>\n<li>Triple blindaje para aislamiento optimizado de ruido de alta corriente.<\/li>\n<li>Contactos chapados en oro de 24K para un contacto el\u00e9ctrico superior.<\/li>\n<li>Pin de tierra de cobre macizo atornillado \/ atornillado.<\/li>\n<li>Ideal para amplificadores de potencia y otros componentes electr\u00f3nicos de alta corriente.<\/li>\n<\/ul>\n<p><a href=\"https:\/\/www.pangeaaudio.com\/Pangea-Audio-AC-9SEMKII-Power-Cable\" target=\"_blank\" rel=\"noopener noreferrer\"><span style=\"color: #0000ff;\">Click aqu\u00ed para m\u00e1s informaci\u00f3n del producto.<\/span><\/a><\/p>\n","protected":false},"excerpt":{"rendered":"<p>El cable de alimentaci\u00f3n de CA de alta corriente m\u00e1s asequible de la industria acaba de mejorar mucho. El AC-9SE de Pangea Audio se ha actualizado como el nuevo modelo AC-9SE Signature Edition MkII para incluir Cobre Cardas Grado Uno de primera calidad en sus conductores. AC-9SE MkII es el cable de alimentaci\u00f3n de CA de elecci\u00f3n para obtener un rendimiento superior de amplificadores de alta fidelidad y de cine en casa, subwoofers autoamplificados y otros componentes AV de alta corriente.<\/p>\n<p>A pesar de su nombre, el AC-9SE MkII no es, de hecho, un cable de calibre nueve. En realidad, es un cable de calibre siete, lo que significa que es incluso m\u00e1s pesado que el de calibre nueve. (Cuanto menor sea el calibre, m\u00e1s grueso ser\u00e1 el cable). Esta diferencia es especialmente notable en los graves, donde el AC-9SE MkII supera a los cables de alimentaci\u00f3n que cuestan muchas veces m\u00e1s.<\/p>\n","protected":false},"featured_media":1598,"template":"","meta":[],"product_cat":[26],"product_tag":[201,140],"_links":{"self":[{"href":"https:\/\/baflesoviedo.com\/home\/wp-json\/wp\/v2\/product\/1597"}],"collection":[{"href":"https:\/\/baflesoviedo.com\/home\/wp-json\/wp\/v2\/product"}],"about":[{"href":"https:\/\/baflesoviedo.com\/home\/wp-json\/wp\/v2\/types\/product"}],"wp:featuredmedia":[{"embeddable":true,"href":"https:\/\/baflesoviedo.com\/home\/wp-json\/wp\/v2\/media\/1598"}],"wp:attachment":[{"href":"https:\/\/baflesoviedo.com\/home\/wp-json\/wp\/v2\/media?parent=1597"}],"wp:term":[{"taxonomy":"product_cat","embeddable":true,"href":"https:\/\/baflesoviedo.com\/home\/wp-json\/wp\/v2\/product_cat?post=1597"},{"taxonomy":"product_tag","embeddable":true,"href":"https:\/\/baflesoviedo.com\/home\/wp-json\/wp\/v2\/product_tag?post=1597"}],"curies":[{"name":"wp","href":"https:\/\/api.w.org\/{rel}","templated":true}]}}