{"id":1625,"date":"2021-06-23T14:34:44","date_gmt":"2021-06-23T14:34:44","guid":{"rendered":"https:\/\/baflesoviedo.com\/home\/?post_type=product&#038;p=1625"},"modified":"2023-08-31T16:11:41","modified_gmt":"2023-08-31T16:11:41","slug":"pangea-audio-xtreme-spade-conector-de-pala","status":"publish","type":"product","link":"https:\/\/baflesoviedo.com\/home\/product\/pangea-audio-xtreme-spade-conector-de-pala\/","title":{"rendered":"Pangea Audio, Xtreme Spade, Conector de Pala"},"content":{"rendered":"<p>&nbsp;<\/p>\n<p><strong>Especificaciones<\/strong><\/p>\n<ul>\n<li>Conectores de pala premium.<\/li>\n<li>Se ajusta a postes de uni\u00f3n de 1\/4 &#8220;o 5\/16&#8221;.<\/li>\n<li>Baja resistencia.<\/li>\n<li>Alto flujo de corriente.<\/li>\n<li>Instalaci\u00f3n de soldadura o tornillos prisioneros.<\/li>\n<li>Conector macizo mecanizado de una pieza.<\/li>\n<li>100% cobre telurio.<\/li>\n<li>Ba\u00f1o de oro de 24 quilates.<\/li>\n<li>El conector acepta una secci\u00f3n transversal de cable de hasta 10 mm \/ 7 awg.<\/li>\n<li>Agarre de &#8216;bloqueo&#8217; de compresi\u00f3n por resorte.<\/li>\n<\/ul>\n<p><a href=\"https:\/\/www.pangeaaudio.com\/Pangea-Audio-Xtreme-Spade\" target=\"_blank\" rel=\"noopener noreferrer\"><span style=\"color: #0000ff;\">Click aqu\u00ed para m\u00e1s informaci\u00f3n del producto.<\/span><\/a><\/p>\n","protected":false},"excerpt":{"rendered":"<p>Mejore el rendimiento de los cables de sus altavoces con los nuevos conectores de pala premium Pangea Audio Xtreme \u2122. Las espadas Xtreme est\u00e1n especialmente dise\u00f1adas para que pueda soldarlas al cable de su altavoz o asegurarlas con los tornillos de fijaci\u00f3n incluidos. Se ajustan a postes de uni\u00f3n de 1\/4 &#8220;o 5\/16&#8221;.<\/p>\n<p>Para un flujo de corriente alto y baja resistencia, estos conectores s\u00f3lidos de una pieza de Pangea Audio se fabrican a partir de 100% cobre de telurio y luego se recubren con oro puro de 24 quilates. Otros conectores pueden ser m\u00e1s brillantes, pero ninguno est\u00e1 hecho de materiales de mayor pureza.<\/p>\n","protected":false},"featured_media":1626,"template":"","meta":[],"product_cat":[27],"product_tag":[98,140],"_links":{"self":[{"href":"https:\/\/baflesoviedo.com\/home\/wp-json\/wp\/v2\/product\/1625"}],"collection":[{"href":"https:\/\/baflesoviedo.com\/home\/wp-json\/wp\/v2\/product"}],"about":[{"href":"https:\/\/baflesoviedo.com\/home\/wp-json\/wp\/v2\/types\/product"}],"wp:featuredmedia":[{"embeddable":true,"href":"https:\/\/baflesoviedo.com\/home\/wp-json\/wp\/v2\/media\/1626"}],"wp:attachment":[{"href":"https:\/\/baflesoviedo.com\/home\/wp-json\/wp\/v2\/media?parent=1625"}],"wp:term":[{"taxonomy":"product_cat","embeddable":true,"href":"https:\/\/baflesoviedo.com\/home\/wp-json\/wp\/v2\/product_cat?post=1625"},{"taxonomy":"product_tag","embeddable":true,"href":"https:\/\/baflesoviedo.com\/home\/wp-json\/wp\/v2\/product_tag?post=1625"}],"curies":[{"name":"wp","href":"https:\/\/api.w.org\/{rel}","templated":true}]}}