{"id":1831,"date":"2021-08-19T00:41:29","date_gmt":"2021-08-19T00:41:29","guid":{"rendered":"https:\/\/baflesoviedo.com\/home\/?post_type=product&#038;p=1831"},"modified":"2025-06-11T02:26:55","modified_gmt":"2025-06-11T02:26:55","slug":"hidiamond-signal-cable-phono-0","status":"publish","type":"product","link":"https:\/\/baflesoviedo.com\/home\/product\/hidiamond-signal-cable-phono-0\/","title":{"rendered":"HiDiamond, Signal Cable Phono 0"},"content":{"rendered":"<p><strong>Especificaciones<\/strong><\/p>\n<table style=\"height: 178px;\" width=\"358\">\n<tbody>\n<tr>\n<td width=\"173\">Chaqueta externa mm.<\/td>\n<td width=\"124\">7<\/td>\n<\/tr>\n<tr>\n<td width=\"173\">N\u00famero de cond.<\/td>\n<td width=\"124\">2<\/td>\n<\/tr>\n<tr>\n<td width=\"173\">Cond.<\/td>\n<td width=\"124\">\u00a0Grafito \/ Cobre (4VRC)<\/td>\n<\/tr>\n<tr>\n<td width=\"173\">Capacidad max.<\/td>\n<td width=\"124\">120 nf \/ Km<\/td>\n<\/tr>\n<tr>\n<td width=\"173\">Resistencia del conductor<\/td>\n<td width=\"124\">9,0 ohmios \/ 100 m<\/td>\n<\/tr>\n<\/tbody>\n<\/table>\n<table style=\"height: 39px;\" width=\"357\">\n<tbody>\n<tr>\n<td width=\"173\">Resistencia del escudo:<\/td>\n<td width=\"124\">3,0 Ohm \/ 100 m.<\/td>\n<\/tr>\n<\/tbody>\n<\/table>\n","protected":false},"excerpt":{"rendered":"<p>Nuevo cable Phono para tocadiscos anal\u00f3gico de alto rendimiento. Cable D5 con 4VRC \u00a9 patentado, cocci\u00f3n de cobre cuatro veces para obtener una reducci\u00f3n de los valores de inductancia, capacitancia y resistencia mezclados con grafito. El grafito en esta soluci\u00f3n permite bloquear el ruido generado dentro del cable del paso de una se\u00f1al el\u00e9ctrica (que no es para nada se\u00f1al musical) para producir una se\u00f1al perfecta sin ninguna introducci\u00f3n de ruido que estropee el resultado final. Aislador en XLPE, 100 veces mejor que el tefl\u00f3n normal. Esto reduce el umbral de escape del pico y por lo tanto el ancho de la barrera de la se\u00f1al musical garantizando una mayor linealidad y baja amplitud de la onda sinusoidal de la base en beneficio de la naturalidad de la emisi\u00f3n de la se\u00f1al musical.<\/p>\n<p>Terminado con conectores con enchapado de alta calidad que permite una mejor transmisi\u00f3n de la se\u00f1al sin p\u00e9rdida y vac\u00edo de potencia de oxidaci\u00f3n. Todas estas innovaciones aportan un sonido emocionante por su precisi\u00f3n y definici\u00f3n sin llegar a ser picante. Din\u00e1mica r\u00e9cord. Definitivamente la mejor relaci\u00f3n calidad-precio disponible en el mercado en la actualidad.<\/p>\n","protected":false},"featured_media":1832,"template":"","meta":[],"product_cat":[26],"product_tag":[201,92,88],"_links":{"self":[{"href":"https:\/\/baflesoviedo.com\/home\/wp-json\/wp\/v2\/product\/1831"}],"collection":[{"href":"https:\/\/baflesoviedo.com\/home\/wp-json\/wp\/v2\/product"}],"about":[{"href":"https:\/\/baflesoviedo.com\/home\/wp-json\/wp\/v2\/types\/product"}],"wp:featuredmedia":[{"embeddable":true,"href":"https:\/\/baflesoviedo.com\/home\/wp-json\/wp\/v2\/media\/1832"}],"wp:attachment":[{"href":"https:\/\/baflesoviedo.com\/home\/wp-json\/wp\/v2\/media?parent=1831"}],"wp:term":[{"taxonomy":"product_cat","embeddable":true,"href":"https:\/\/baflesoviedo.com\/home\/wp-json\/wp\/v2\/product_cat?post=1831"},{"taxonomy":"product_tag","embeddable":true,"href":"https:\/\/baflesoviedo.com\/home\/wp-json\/wp\/v2\/product_tag?post=1831"}],"curies":[{"name":"wp","href":"https:\/\/api.w.org\/{rel}","templated":true}]}}