{"id":1873,"date":"2021-08-19T15:51:10","date_gmt":"2021-08-19T15:51:10","guid":{"rendered":"https:\/\/baflesoviedo.com\/home\/?post_type=product&#038;p=1873"},"modified":"2025-06-15T01:12:12","modified_gmt":"2025-06-15T01:12:12","slug":"ps-audio-bhk-signature-preamplificador","status":"publish","type":"product","link":"https:\/\/baflesoviedo.com\/home\/product\/ps-audio-bhk-signature-preamplificador\/","title":{"rendered":"PS Audio, BHK Signature, Preamplificador"},"content":{"rendered":"<p><strong>Especificaciones<\/strong><\/p>\n<table width=\"581\">\n<tbody>\n<tr>\n<td width=\"229\"><strong>F\u00edsico<\/strong><\/td>\n<td width=\"352\"><strong>\u00a0<\/strong><\/td>\n<\/tr>\n<tr>\n<td width=\"229\">Unidad de peso<\/td>\n<td width=\"352\">22 libras [9,97 kg]<\/td>\n<\/tr>\n<tr>\n<td width=\"229\">Dimensiones de la unidad<\/td>\n<td width=\"352\">17&#8243; x 14&#8243; x 4&#8243; [36 cm x 43 cm x 10 cm]<\/td>\n<\/tr>\n<tr>\n<td width=\"229\">Peso de env\u00edo<\/td>\n<td width=\"352\">31 libras [14 kg]<\/td>\n<\/tr>\n<tr>\n<td width=\"229\">Dimensiones de env\u00edo<\/td>\n<td width=\"352\">20,5&#8243; x 24&#8243; x 10&#8243; [52 cm x 61 cm x 25 cm]<\/td>\n<\/tr>\n<tr>\n<td width=\"229\"><strong>Requerimientos de energ\u00eda<\/strong><\/td>\n<td width=\"352\"><strong>\u00a0<\/strong><\/td>\n<\/tr>\n<tr>\n<td width=\"229\">Potencia de entrada<\/td>\n<td width=\"352\">Modelo espec\u00edfico 100VAC, 120VAC o 230VAC 50 o 60Hz<\/td>\n<\/tr>\n<tr>\n<td width=\"229\">El consumo de energ\u00eda<\/td>\n<td width=\"352\">60W<\/td>\n<\/tr>\n<tr>\n<td width=\"229\"><strong>Entradas de audio<\/strong><\/td>\n<td width=\"352\"><strong>\u00a0<\/strong><\/td>\n<\/tr>\n<tr>\n<td width=\"229\">RCA coaxial de un solo extremo<\/td>\n<td width=\"352\">5<\/td>\n<\/tr>\n<tr>\n<td width=\"229\">XLR balanceado<\/td>\n<td width=\"352\">5<\/td>\n<\/tr>\n<tr>\n<td width=\"229\">Impedancia de entrada<\/td>\n<td width=\"352\">33 K\u03a9 m\u00ednimo<\/td>\n<\/tr>\n<tr>\n<td width=\"229\">Desequilibrado (RCA)<\/td>\n<td width=\"352\">66K\u03a9 m\u00ednimo<\/td>\n<\/tr>\n<tr>\n<td width=\"229\"><strong>Equilibrado (XLR)<\/strong><\/td>\n<td width=\"352\"><strong>\u00a0<\/strong><\/td>\n<\/tr>\n<tr>\n<td width=\"229\">Sensibilidad<\/td>\n<td width=\"352\">1.3V \/ 33K\u03a9 desequilibrado<\/td>\n<\/tr>\n<tr>\n<td width=\"229\"><\/td>\n<td width=\"352\">Equilibrado 1.3V \/ 66K\u03a9<\/td>\n<\/tr>\n<tr>\n<td width=\"229\"><strong>Salidas de audio<\/strong><\/td>\n<td width=\"352\"><strong>\u00a0<\/strong><\/td>\n<\/tr>\n<tr>\n<td width=\"229\">RCA coaxial de un solo extremo<\/td>\n<td width=\"352\">2<\/td>\n<\/tr>\n<tr>\n<td width=\"229\">XLR balanceado<\/td>\n<td width=\"352\">2<\/td>\n<\/tr>\n<tr>\n<td width=\"229\"><strong>Salida de audio anal\u00f3gica<\/strong><\/td>\n<td width=\"352\"><strong>\u00a0<\/strong><\/td>\n<\/tr>\n<tr>\n<td width=\"229\">Nivel de salida<\/td>\n<td width=\"352\">4.0 Vrms<\/td>\n<\/tr>\n<tr>\n<td width=\"229\">Impedancia de salida<\/td>\n<td width=\"352\">&lt;100\u03a9<\/td>\n<\/tr>\n<tr>\n<td width=\"229\">Respuesta de frecuencia<\/td>\n<td width=\"352\">+\/- 0,1 dB<\/td>\n<\/tr>\n<tr>\n<td width=\"229\"><\/td>\n<td width=\"352\">20-20 KHz<\/td>\n<\/tr>\n<tr>\n<td width=\"229\">THD &amp; IM @ 1KHz (escala completa)<\/td>\n<td width=\"352\">&lt;0,03%<\/td>\n<\/tr>\n<tr>\n<td width=\"229\">Banda ancha<\/td>\n<td width=\"352\">-3dB 0,1 Hz &#8211; 200 kHz<\/td>\n<\/tr>\n<tr>\n<td width=\"229\"><strong>Disparadores DC<\/strong><\/td>\n<td width=\"352\"><strong>\u00a0<\/strong><\/td>\n<\/tr>\n<tr>\n<td width=\"229\">+ 12V<\/td>\n<td width=\"352\">2<\/td>\n<\/tr>\n<tr>\n<td width=\"229\"><strong>Rendimiento de los auriculares<\/strong><\/td>\n<td width=\"352\"><strong>\u00a0<\/strong><\/td>\n<\/tr>\n<tr>\n<td width=\"229\">Potencia de salida<\/td>\n<td width=\"352\">300\u03a9 &gt; 200 mW<\/td>\n<\/tr>\n<tr>\n<td width=\"229\"><\/td>\n<td width=\"352\">16\u03a9&gt; 4.0 vatios<\/td>\n<\/tr>\n<tr>\n<td width=\"229\">Relaci\u00f3n S \/ N<\/td>\n<td width=\"352\">&gt; 90 dB (1 KHz)<\/td>\n<\/tr>\n<tr>\n<td width=\"229\">THD &amp; IM 1 voltio de salida<\/td>\n<td width=\"352\">&lt;0,02%<\/td>\n<\/tr>\n<tr>\n<td width=\"229\">Impedancia de salida<\/td>\n<td width=\"352\">&lt;0.5\u03a9<\/td>\n<\/tr>\n<\/tbody>\n<\/table>\n<p><a href=\"https:\/\/www.psaudio.com\/products\/bhk-signature-preamplifier\/\" target=\"_blank\" rel=\"noopener\"><span style=\"color: #0000ff;\">Click aqu\u00ed para m\u00e1s informaci\u00f3n del producto.<\/span><\/a><\/p>\n","protected":false},"excerpt":{"rendered":"<p>Los preamplificadores est\u00e1n en el coraz\u00f3n de cualquier sistema de m\u00fasica de alto rendimiento. Son la interfaz de control cr\u00edtica entre nuestras fuentes de m\u00fasica y nuestra cadena de altavoces. La mayor\u00eda de los preamplificadores hacen un buen trabajo de control y aislamiento, pero solo unos pocos hacen que la magia suceda. Agregue el preamplificador BHK Signature a su sistema y, de repente, se ver\u00e1 envuelto en una gran musicalidad que a\u00fan no ha experimentado: una puesta en escena de sonido m\u00e1s profunda y m\u00e1s amplia, una separaci\u00f3n mejorada de instrumentos y voces, bajos subterr\u00e1neos, agudos extendidos y una apertura que Es poco probable que lo haya experimentado sin este instrumento en el sistema.<\/p>\n","protected":false},"featured_media":1874,"template":"","meta":[],"product_cat":[19],"product_tag":[40,215,159],"_links":{"self":[{"href":"https:\/\/baflesoviedo.com\/home\/wp-json\/wp\/v2\/product\/1873"}],"collection":[{"href":"https:\/\/baflesoviedo.com\/home\/wp-json\/wp\/v2\/product"}],"about":[{"href":"https:\/\/baflesoviedo.com\/home\/wp-json\/wp\/v2\/types\/product"}],"wp:featuredmedia":[{"embeddable":true,"href":"https:\/\/baflesoviedo.com\/home\/wp-json\/wp\/v2\/media\/1874"}],"wp:attachment":[{"href":"https:\/\/baflesoviedo.com\/home\/wp-json\/wp\/v2\/media?parent=1873"}],"wp:term":[{"taxonomy":"product_cat","embeddable":true,"href":"https:\/\/baflesoviedo.com\/home\/wp-json\/wp\/v2\/product_cat?post=1873"},{"taxonomy":"product_tag","embeddable":true,"href":"https:\/\/baflesoviedo.com\/home\/wp-json\/wp\/v2\/product_tag?post=1873"}],"curies":[{"name":"wp","href":"https:\/\/api.w.org\/{rel}","templated":true}]}}