{"id":1975,"date":"2021-09-15T17:26:07","date_gmt":"2021-09-15T17:26:07","guid":{"rendered":"https:\/\/baflesoviedo.com\/home\/?post_type=product&#038;p=1975"},"modified":"2025-06-11T01:48:33","modified_gmt":"2025-06-11T01:48:33","slug":"audio-research-i50-amplificador-integrado","status":"publish","type":"product","link":"https:\/\/baflesoviedo.com\/home\/product\/audio-research-i50-amplificador-integrado\/","title":{"rendered":"Audio Research, i50, Amplificador Integrado"},"content":{"rendered":"<p>Hecho a mano en Minnesota, el I\/50 est\u00e1 construido con la misma atenci\u00f3n al detalle que todos los dem\u00e1s productos de Audio Research; cada uno incluso tiene su propia prueba de escucha con el dise\u00f1ador de sonido, Warren Gehl. Disponible en seis colores, el I\/50 presenta acabados Cerakote para una apariencia hermosa y duradera. El dise\u00f1o modular permite la instalaci\u00f3n de dos m\u00f3dulos de audio: un Phono Stage y un convertidor D\/A (que estar\u00e1 disponible en 2022). El amplificador de alta corriente de 50 vatios por canal por tubos al vac\u00edo es capaz de controlar una amplia variedad de altavoces. Un conector para auriculares permite un tiempo de escucha personal.<\/p>\n<table>\n<tbody>\n<tr>\n<td>SALIDA DE POTENCIA<\/td>\n<td>50W continuos de 20 Hz a 20 kHz. Distorsi\u00f3n arm\u00f3nica total de 1 kHz t\u00edpicamente 1% por canal, por debajo de 0,1% a 1 vatio (tenga en cuenta que la salida de potencia real depende tanto del voltaje de l\u00ednea como de la &#8220;condici\u00f3n&#8221;, es decir, si la l\u00ednea de alimentaci\u00f3n tiene una alta distorsi\u00f3n , la potencia m\u00e1xima se ver\u00e1 afectada negativamente, aunque desde el punto de vista de la audici\u00f3n esto no es cr\u00edtico)<\/td>\n<\/tr>\n<tr>\n<td>ANCHO DE BANDA DE PODER<\/td>\n<td>(-3dB puntos) 10Hz a 22kHz<\/td>\n<\/tr>\n<tr>\n<td>RESPUESTA DE FRECUENCIA<\/td>\n<td>(-3dB puntos a 1 vatio) 7 Hz a 30 kHz<\/td>\n<\/tr>\n<tr>\n<td>SENSIBILIDAD DE ENTRADA<\/td>\n<td>1.25V RMS balanceado para salida nominal.<\/td>\n<\/tr>\n<tr>\n<td>IMPEDANCIA DE ENTRADA<\/td>\n<td>100K ohmios balanceados, 48K ohmios de un solo extremo<\/td>\n<\/tr>\n<tr>\n<td>POLARIDAD DE SALIDA<\/td>\n<td>No inversor. Pin de entrada balanceada 2+ (IEC-268)<\/td>\n<\/tr>\n<tr>\n<td>TAPS DE SALIDA<\/td>\n<td>8 ohmios, 4 ohmios<\/td>\n<\/tr>\n<tr>\n<td>REQUERIMIENTOS DE ENERG\u00cdA<\/td>\n<td>105-130VAC 60Hz (210-250VAC 50Hz) 252 vatios a salida nominal.<\/td>\n<\/tr>\n<tr>\n<td>TUBOS REQUERIDOS<\/td>\n<td>2 pares emparejados 6550WE; 3-6922 (1 entrada, 2 driver).<\/td>\n<\/tr>\n<tr>\n<td>DIMENSIONES<\/td>\n<td>Chasis de 16.5\u201d (42 cm) de ancho<\/td>\n<\/tr>\n<tr>\n<td><\/td>\n<td>Altura 7.25\u201d (18 cm)<\/td>\n<\/tr>\n<tr>\n<td><\/td>\n<td>Profundidad 13.5\u201d (34 cm)<\/td>\n<\/tr>\n<tr>\n<td><\/td>\n<td><\/td>\n<\/tr>\n<tr>\n<td>PESO<\/td>\n<td>40 lbs (18.1 kg) <span style=\"font-family: inherit; font-size: inherit;\">Neto<\/span><span style=\"font-family: inherit; font-size: inherit;\">; 51 lbs (23.1kg) Env\u00edo.<\/span><\/td>\n<\/tr>\n<\/tbody>\n<\/table>\n<p>&nbsp;<\/p>\n","protected":false},"excerpt":{"rendered":"<p>El amplificador integrado I\/50 es el primer producto de una serie completamente nueva de Audio Research. Funcionalmente simple, visualmente atractivo y musicalmente sublime, el I\/50 lleva la escucha de m\u00fasica a una experiencia completamente nueva.<\/p>\n","protected":false},"featured_media":1978,"template":"","meta":[],"product_cat":[20],"product_tag":[163,214,132,185],"_links":{"self":[{"href":"https:\/\/baflesoviedo.com\/home\/wp-json\/wp\/v2\/product\/1975"}],"collection":[{"href":"https:\/\/baflesoviedo.com\/home\/wp-json\/wp\/v2\/product"}],"about":[{"href":"https:\/\/baflesoviedo.com\/home\/wp-json\/wp\/v2\/types\/product"}],"wp:featuredmedia":[{"embeddable":true,"href":"https:\/\/baflesoviedo.com\/home\/wp-json\/wp\/v2\/media\/1978"}],"wp:attachment":[{"href":"https:\/\/baflesoviedo.com\/home\/wp-json\/wp\/v2\/media?parent=1975"}],"wp:term":[{"taxonomy":"product_cat","embeddable":true,"href":"https:\/\/baflesoviedo.com\/home\/wp-json\/wp\/v2\/product_cat?post=1975"},{"taxonomy":"product_tag","embeddable":true,"href":"https:\/\/baflesoviedo.com\/home\/wp-json\/wp\/v2\/product_tag?post=1975"}],"curies":[{"name":"wp","href":"https:\/\/api.w.org\/{rel}","templated":true}]}}