{"id":1995,"date":"2021-10-07T22:30:50","date_gmt":"2021-10-07T22:30:50","guid":{"rendered":"https:\/\/baflesoviedo.com\/home\/?post_type=product&#038;p=1995"},"modified":"2025-12-17T00:49:17","modified_gmt":"2025-12-17T00:49:17","slug":"pro-ject-bt-box-s2-hd-receptor-bluetooth","status":"publish","type":"product","link":"https:\/\/baflesoviedo.com\/home\/product\/pro-ject-bt-box-s2-hd-receptor-bluetooth\/","title":{"rendered":"Pro-Ject, BT Box S2 HD, Receptor Bluetooth"},"content":{"rendered":"<p><strong>Especificaciones<\/strong><\/p>\n<table style=\"height: 424px;\" width=\"570\">\n<tbody>\n<tr>\n<td width=\"245\">Rango de trabajo efectivo<\/td>\n<td width=\"265\">hasta 10 m (visibilidad directa)<\/td>\n<\/tr>\n<tr>\n<td width=\"245\">Versi\u00f3n \/ perfil de BT<\/td>\n<td width=\"265\">5.0 \/ A2DP<\/td>\n<\/tr>\n<tr>\n<td width=\"245\">C\u00f3decs compatibles<\/td>\n<td width=\"265\">aptX, aptX-HD, SBC<\/td>\n<\/tr>\n<tr>\n<td width=\"245\">Frecuencia<\/td>\n<td width=\"265\">2402 ~ 2480 Mhz<\/td>\n<\/tr>\n<tr>\n<td width=\"245\">Sensibilidad<\/td>\n<td width=\"265\">&#8211; 88dBm<\/td>\n<\/tr>\n<tr>\n<td width=\"245\">Nivel de salida de audio (nominal)<\/td>\n<td width=\"265\">2 Vrms<\/td>\n<\/tr>\n<tr>\n<td width=\"245\">Respuesta de frecuencia (@ -1.5dB)<\/td>\n<td width=\"265\">20 Hz &#8211; 20 kHz<\/td>\n<\/tr>\n<tr>\n<td width=\"245\">SNR (salida de l\u00ednea)<\/td>\n<td width=\"265\">&gt; 85dB<\/td>\n<\/tr>\n<tr>\n<td width=\"245\">THD (salida de l\u00ednea)<\/td>\n<td width=\"265\">&lt;0,1%<\/td>\n<\/tr>\n<tr>\n<td width=\"245\">THD (\u00f3ptico)<\/td>\n<td width=\"265\">&lt;0,003%<\/td>\n<\/tr>\n<tr>\n<td width=\"245\">Salida anal\u00f3gica<\/td>\n<td width=\"265\">Est\u00e9reo RCA<\/td>\n<\/tr>\n<tr>\n<td width=\"245\">Salida digital<\/td>\n<td width=\"265\">\u00f3ptico S \/ PDIF (Toslink)<\/td>\n<\/tr>\n<tr>\n<td width=\"245\">Fuente de alimentaci\u00f3n externa<\/td>\n<td width=\"265\">5 V \/ 1000 mA CC; 100 &#8211; 240 V, 50\/60 Hz<\/td>\n<\/tr>\n<tr>\n<td width=\"245\">El consumo de energ\u00eda<\/td>\n<td width=\"265\">200 mA CC<\/td>\n<\/tr>\n<tr>\n<td width=\"245\">Dimensi\u00f3n W x H x D (D con enchufes)<\/td>\n<td width=\"265\">116 x 37 x 103 (108) mil\u00edmetro<\/td>\n<\/tr>\n<tr>\n<td width=\"245\">Peso<\/td>\n<td width=\"265\">320 g sin fuente de alimentaci\u00f3n<\/td>\n<\/tr>\n<\/tbody>\n<\/table>\n<p><a href=\"https:\/\/www.project-audio.com\/en\/product\/bt-box-s2-hd\/\" target=\"_blank\" rel=\"noopener\"><span style=\"color: #0000ff;\">Click aqu\u00ed para m\u00e1s informaci\u00f3n del producto.<\/span><\/a><\/p>\n","protected":false},"excerpt":{"rendered":"<p>El BT Box S2 HD es un receptor Bluetooth de alta definici\u00f3n de pr\u00f3xima generaci\u00f3n, que utiliza las \u00faltimas tecnolog\u00edas como Bluetooth 5.0 y aptX-HD para elevar su escucha Bluetooth m\u00f3vil a verdaderos niveles est\u00e9reo de alta fidelidad. Aprovechando el rango aumentado de Bluetooth 5.0 y el ancho de banda de transmisi\u00f3n, el nuevo y avanzado c\u00f3dec aptX-HD suena n\u00edtido, detallado, din\u00e1mico y excelente en todo momento, incluso si la calidad de la conexi\u00f3n Bluetooth cae moment\u00e1neamente. Esto evita los t\u00edpicos artefactos de compresi\u00f3n con p\u00e9rdida de otros c\u00f3decs.<\/p>\n<p>Bas\u00e1ndose en las d\u00e9cadas de experiencia de Pro-Ject Audio System en el dise\u00f1o y fabricaci\u00f3n de tocadiscos anal\u00f3gicos y electr\u00f3nica de alta fidelidad, la etapa de b\u00fafer de salida anal\u00f3gica dedicada de alta calidad en el BT Box S2 HD garantiza que la conexi\u00f3n a su amplificador y altavoces sea tan robusta y s\u00f3lido como sea posible. Es la fusi\u00f3n definitiva de los principios de dise\u00f1o anal\u00f3gico tradicional y digital de vanguardia.<\/p>\n","protected":false},"featured_media":1996,"template":"","meta":[],"product_cat":[23],"product_tag":[80,40,56,220],"_links":{"self":[{"href":"https:\/\/baflesoviedo.com\/home\/wp-json\/wp\/v2\/product\/1995"}],"collection":[{"href":"https:\/\/baflesoviedo.com\/home\/wp-json\/wp\/v2\/product"}],"about":[{"href":"https:\/\/baflesoviedo.com\/home\/wp-json\/wp\/v2\/types\/product"}],"wp:featuredmedia":[{"embeddable":true,"href":"https:\/\/baflesoviedo.com\/home\/wp-json\/wp\/v2\/media\/1996"}],"wp:attachment":[{"href":"https:\/\/baflesoviedo.com\/home\/wp-json\/wp\/v2\/media?parent=1995"}],"wp:term":[{"taxonomy":"product_cat","embeddable":true,"href":"https:\/\/baflesoviedo.com\/home\/wp-json\/wp\/v2\/product_cat?post=1995"},{"taxonomy":"product_tag","embeddable":true,"href":"https:\/\/baflesoviedo.com\/home\/wp-json\/wp\/v2\/product_tag?post=1995"}],"curies":[{"name":"wp","href":"https:\/\/api.w.org\/{rel}","templated":true}]}}