{"id":204,"date":"2020-04-22T17:50:37","date_gmt":"2020-04-22T17:50:37","guid":{"rendered":"https:\/\/baflesoviedo.com\/home\/?post_type=product&#038;p=204"},"modified":"2025-06-15T01:17:38","modified_gmt":"2025-06-15T01:17:38","slug":"mcintosh-c70-preamplificador","status":"publish","type":"product","link":"https:\/\/baflesoviedo.com\/home\/product\/mcintosh-c70-preamplificador\/","title":{"rendered":"McIntosh, C70, Preamplificador"},"content":{"rendered":"<p>Preamplificador de tubo de vac\u00edo McIntosh C70 70th Anniversary El C70 presenta un tubo de vac\u00edo 12AT7 y cinco 12AX7A que son visibles a trav\u00e9s de un panel de vidrio en la cubierta superior. Todas las operaciones de control se realizan mediante perillas e interruptores basculantes. Los indicadores LED modernos denotar\u00e1n la selecci\u00f3n de entrada y el nivel de volumen. El C70 tiene siete entradas que consisten en dos entradas balanceadas, tres entradas no balanceadas y una de cada una de las entradas phono: Moving Coil y Moving Magnet. Para las salidas, hay dos pares de conexiones balanceadas y no balanceadas.<\/p>\n<table width=\"100%\">\n<tbody>\n<tr>\n<td width=\"53%\"><strong>ESPECIFICACIONES ELECTRONICAS<\/strong><\/td>\n<td width=\"46%\"><\/td>\n<\/tr>\n<tr>\n<td width=\"53%\">N\u00famero de canales<\/td>\n<td width=\"46%\">2<\/td>\n<\/tr>\n<tr>\n<td width=\"53%\">Distorsi\u00f3n arm\u00f3nica total<\/td>\n<td width=\"46%\">0.08%<\/td>\n<\/tr>\n<tr>\n<td width=\"53%\">Respuesta de frecuencia<\/td>\n<td width=\"46%\">+0, -0.5dB de 20Hz a 20kHz<\/p>\n<p>+0, -3dB de 15Hz a 100kHz<\/td>\n<\/tr>\n<tr>\n<td width=\"53%\">Voltios m\u00e1ximos de salida (balanceado \/ no balanceado)<\/td>\n<td width=\"46%\">16V RMS \/ 8V RMS<\/td>\n<\/tr>\n<tr>\n<td width=\"53%\">Sensibilidad de alto nivel (balanceado \/ no balanceado)<\/td>\n<td width=\"46%\">900mV \/ 450mV<\/td>\n<\/tr>\n<tr>\n<td width=\"53%\">Sensibilidad Phono (bobina m\u00f3vil)<\/td>\n<td width=\"46%\">0.45mV<\/td>\n<\/tr>\n<tr>\n<td width=\"53%\">Sensibilidad Phono (im\u00e1n m\u00f3vil)<\/td>\n<td width=\"46%\">4.5mV<\/td>\n<\/tr>\n<tr>\n<td width=\"53%\">Relaci\u00f3n se\u00f1al a ruido (nivel alto)<\/td>\n<td width=\"46%\">100dB<\/td>\n<\/tr>\n<tr>\n<td width=\"53%\">Relaci\u00f3n se\u00f1al a ruido (bobina m\u00f3vil)<\/td>\n<td width=\"46%\">75dB<\/td>\n<\/tr>\n<tr>\n<td width=\"53%\">Relaci\u00f3n se\u00f1al a ruido (im\u00e1n m\u00f3vil)<\/td>\n<td width=\"46%\">75dB<\/td>\n<\/tr>\n<tr>\n<td width=\"53%\">Ganancia de voltaje (alto nivel)<\/td>\n<td width=\"46%\">15dB<\/td>\n<\/tr>\n<tr>\n<td width=\"53%\">Ganancia de voltaje (bobina m\u00f3vil)<\/td>\n<td width=\"46%\">60dB<\/td>\n<\/tr>\n<tr>\n<td width=\"53%\">Ganancia de voltaje (im\u00e1n m\u00f3vil)<\/td>\n<td width=\"46%\">40dB<\/td>\n<\/tr>\n<tr>\n<td width=\"53%\">Impedancia de entrada (balanceada \/ no balanceada)<\/td>\n<td width=\"46%\">44K ohmios, 22K ohmios<\/td>\n<\/tr>\n<tr>\n<td width=\"53%\"><strong>CONECTIVIDAD<\/strong><\/td>\n<td width=\"46%\"><\/td>\n<\/tr>\n<tr>\n<td width=\"53%\">Entrada balanceada<\/td>\n<td width=\"46%\">2<\/td>\n<\/tr>\n<tr>\n<td width=\"53%\">Entrada no balanceada<\/td>\n<td width=\"46%\">3<\/td>\n<\/tr>\n<tr>\n<td width=\"53%\">Bobina m\u00f3vil de entrada de fono<\/td>\n<td width=\"46%\">1 (ajustable)<\/td>\n<\/tr>\n<tr>\n<td width=\"53%\">Im\u00e1n m\u00f3vil de entrada de fono<\/td>\n<td width=\"46%\">1 (ajustable)<\/td>\n<\/tr>\n<tr>\n<td width=\"53%\">M\u00f3dulo de audio digital actualizable<\/td>\n<td width=\"46%\">No<\/td>\n<\/tr>\n<tr>\n<td width=\"53%\">Entrada digital coaxial<\/td>\n<td width=\"46%\">0<\/td>\n<\/tr>\n<tr>\n<td width=\"53%\">Entrada \u00f3ptica digital<\/td>\n<td width=\"46%\">0<\/td>\n<\/tr>\n<tr>\n<td width=\"53%\">Entrada digital MCT (DIN)<\/td>\n<td width=\"46%\">0<\/td>\n<\/tr>\n<tr>\n<td width=\"53%\">Entrada USB digital<\/td>\n<td width=\"46%\">0<\/td>\n<\/tr>\n<tr>\n<td width=\"53%\">Entrada HDMI (ARC)<\/td>\n<td width=\"46%\">0<\/td>\n<\/tr>\n<tr>\n<td width=\"53%\">Entrada digital AES \/ EBU<\/td>\n<td width=\"46%\">0<\/td>\n<\/tr>\n<tr>\n<td width=\"53%\">Salida fija balanceada<\/td>\n<td width=\"46%\">0<\/td>\n<\/tr>\n<tr>\n<td width=\"53%\">Salida variable balanceada<\/td>\n<td width=\"46%\">2<\/td>\n<\/tr>\n<tr>\n<td width=\"53%\">Salida fija no balanceada<\/td>\n<td width=\"46%\">0<\/td>\n<\/tr>\n<tr>\n<td width=\"53%\">Salida variable no balanceada<\/td>\n<td width=\"46%\">2<\/td>\n<\/tr>\n<tr>\n<td width=\"53%\">Salida de auriculares<\/td>\n<td width=\"46%\">Unidad de 1\/4 &#8220;de altura con director de alimentaci\u00f3n cruzada de auriculares (HXD\u00ae)<\/td>\n<\/tr>\n<tr>\n<td width=\"53%\">Nivel de entrada coincidente<\/td>\n<td width=\"46%\">No<\/td>\n<\/tr>\n<tr>\n<td width=\"53%\">Pase de cine en casa<\/td>\n<td width=\"46%\">No<\/td>\n<\/tr>\n<tr>\n<td width=\"53%\">Tipo de conector anal\u00f3gico no balanceado<\/td>\n<td width=\"46%\">Premium: aleaci\u00f3n de cobre y zinc macizo, chapado en oro<\/td>\n<\/tr>\n<tr>\n<td width=\"53%\">Puerto de servicio<\/td>\n<td width=\"46%\">0<\/td>\n<\/tr>\n<tr>\n<td width=\"53%\"><strong>CONTROL<\/strong><\/td>\n<td width=\"46%\"><\/td>\n<\/tr>\n<tr>\n<td width=\"53%\">Controles de tono<\/td>\n<td width=\"46%\">Graves y agudos<\/td>\n<\/tr>\n<tr>\n<td width=\"53%\">Bypass de tono y asignaci\u00f3n de entrada<\/td>\n<td width=\"46%\">Bypass de tono: s\u00ed<\/td>\n<\/tr>\n<tr>\n<td width=\"53%\">Entrada de control RS232<\/td>\n<td width=\"46%\">No<\/td>\n<\/tr>\n<tr>\n<td width=\"53%\">Salida de control de potencia<\/td>\n<td width=\"46%\">2 principales, 2 conmutadas<\/td>\n<\/tr>\n<tr>\n<td width=\"53%\">Puerto de datos del panel posterior<\/td>\n<td width=\"46%\">5<\/td>\n<\/tr>\n<tr>\n<td width=\"53%\">Entrada del sensor IR del panel posterior<\/td>\n<td width=\"46%\">si<\/td>\n<\/tr>\n<tr>\n<td width=\"53%\"><strong>ESPECIFICACIONES GENERALES<\/strong><\/td>\n<td width=\"46%\"><\/td>\n<\/tr>\n<tr>\n<td width=\"53%\">Chasis<\/td>\n<td width=\"46%\">Individual 2 capas<\/td>\n<\/tr>\n<tr>\n<td width=\"53%\">Medidores de salida<\/td>\n<td width=\"46%\">No<\/td>\n<\/tr>\n<tr>\n<td width=\"53%\">Tubo de vac\u00edo o estado s\u00f3lido<\/td>\n<td width=\"46%\">Tubo de vac\u00edo: (5) 12AX7A y (1) 12AT7<\/td>\n<\/tr>\n<tr>\n<td width=\"53%\">Consumo de energ\u00eda (encendido)<\/td>\n<td width=\"46%\">50 vatios<\/td>\n<\/tr>\n<tr>\n<td width=\"53%\"><strong>PESOS Y DIMENSIONES<\/strong><\/td>\n<td width=\"46%\"><\/td>\n<\/tr>\n<tr>\n<td width=\"53%\">Dimensiones (ancho x alto x profundidad)<\/td>\n<td width=\"46%\">17,5 &#8220;(44,45 cm) x 6&#8221; (15,24 cm) x 18 &#8220;(45,72 cm)<\/td>\n<\/tr>\n<tr>\n<td width=\"53%\">Peso<\/td>\n<td width=\"46%\">25 libras (11,3 kg)<\/td>\n<\/tr>\n<tr>\n<td width=\"53%\">Peso de env\u00edo<\/td>\n<td width=\"46%\">41,4 libras (18,8 kg)<\/td>\n<\/tr>\n<\/tbody>\n<\/table>\n<p><span style=\"color: #0000ff;\"><a style=\"color: #0000ff;\" href=\"https:\/\/www.mcintoshlabs.com\/products\/preamplifiers\/C70AN\" target=\"_blank\" rel=\"noopener noreferrer\">Click aqu\u00ed para m\u00e1s informaci\u00f3n del producto<\/a><\/span><\/p>\n","protected":false},"excerpt":{"rendered":"<p>El preamplificador de tubo de vac\u00edo C70 70th Anniversary se remonta a anta\u00f1o con un dise\u00f1o totalmente anal\u00f3gico y un aspecto retro. El panel frontal de vidrio est\u00e1 inscrito con letras especiales del 70 aniversario de McIntosh.<\/p>\n","protected":false},"featured_media":952,"template":"","meta":[],"product_cat":[20],"product_tag":[185,29,215],"_links":{"self":[{"href":"https:\/\/baflesoviedo.com\/home\/wp-json\/wp\/v2\/product\/204"}],"collection":[{"href":"https:\/\/baflesoviedo.com\/home\/wp-json\/wp\/v2\/product"}],"about":[{"href":"https:\/\/baflesoviedo.com\/home\/wp-json\/wp\/v2\/types\/product"}],"wp:featuredmedia":[{"embeddable":true,"href":"https:\/\/baflesoviedo.com\/home\/wp-json\/wp\/v2\/media\/952"}],"wp:attachment":[{"href":"https:\/\/baflesoviedo.com\/home\/wp-json\/wp\/v2\/media?parent=204"}],"wp:term":[{"taxonomy":"product_cat","embeddable":true,"href":"https:\/\/baflesoviedo.com\/home\/wp-json\/wp\/v2\/product_cat?post=204"},{"taxonomy":"product_tag","embeddable":true,"href":"https:\/\/baflesoviedo.com\/home\/wp-json\/wp\/v2\/product_tag?post=204"}],"curies":[{"name":"wp","href":"https:\/\/api.w.org\/{rel}","templated":true}]}}