{"id":2106,"date":"2022-01-14T15:39:26","date_gmt":"2022-01-14T15:39:26","guid":{"rendered":"https:\/\/baflesoviedo.com\/home\/?post_type=product&#038;p=2106"},"modified":"2024-07-12T00:43:50","modified_gmt":"2024-07-12T00:43:50","slug":"mcintosh-rs150-altavoz-inalambrico","status":"publish","type":"product","link":"https:\/\/baflesoviedo.com\/home\/product\/mcintosh-rs150-altavoz-inalambrico\/","title":{"rendered":"McIntosh, RS150, Altavoz inal\u00e1mbrico"},"content":{"rendered":"<p><strong>Especificaciones<\/strong><\/p>\n<table style=\"height: 699px;\" width=\"988\">\n<tbody>\n<tr>\n<td width=\"342\">ESPECIFICACIONES ELECTR\u00d3NICAS<\/td>\n<td width=\"396\"><\/td>\n<\/tr>\n<tr>\n<td width=\"342\">Salida de potencia<\/td>\n<td width=\"396\">120 Watts (30 Watts a Tweeter, 90 Watts a Woofer)<\/td>\n<\/tr>\n<tr>\n<td width=\"342\">N\u00famero de canales<\/td>\n<td width=\"396\">1<\/td>\n<\/tr>\n<tr>\n<td width=\"342\">ESPECIFICACIONES DEL ALTAVOZ<\/td>\n<td width=\"396\"><\/td>\n<\/tr>\n<tr>\n<td width=\"342\">Complemento del controlador del sistema<\/td>\n<td width=\"396\">Un tweeter lleno de l\u00edquido de c\u00fapula de titanio de 20 mm<\/td>\n<\/tr>\n<tr>\n<td width=\"342\"><\/td>\n<td width=\"396\">Un woofer de tiro largo de 5-1\/4&#8243; x 6&#8243;<\/td>\n<\/tr>\n<tr>\n<td width=\"342\">Respuesta de frecuencia<\/td>\n<td width=\"396\">48Hz a 20kHz<\/td>\n<\/tr>\n<tr>\n<td width=\"342\">Frecuencia de crossover<\/td>\n<td width=\"396\">2000Hz<\/td>\n<\/tr>\n<tr>\n<td width=\"342\">Acabado del recinto<\/td>\n<td width=\"396\">Negro de alto brillo<\/td>\n<\/tr>\n<tr>\n<td width=\"342\">Acabado de parrilla<\/td>\n<td width=\"396\">Pa\u00f1o de punto negro<\/td>\n<\/tr>\n<tr>\n<td width=\"342\">Accesorio de rejilla<\/td>\n<td width=\"396\">Mec\u00e1nico<\/td>\n<\/tr>\n<tr>\n<td width=\"342\">CONECTIVIDAD<\/td>\n<td width=\"396\"><\/td>\n<\/tr>\n<tr>\n<td width=\"342\">Entrada inal\u00e1mbrica<\/td>\n<td width=\"396\">Apple AirPlay 2<\/td>\n<\/tr>\n<tr>\n<td width=\"342\"><\/td>\n<td width=\"396\">Bluetooth 5.0 A2DP con soporte para AAC, aptX HD y aptX Low Latency<\/td>\n<\/tr>\n<tr>\n<td width=\"342\"><\/td>\n<td width=\"396\">Chromecast<\/td>\n<\/tr>\n<tr>\n<td width=\"342\"><\/td>\n<td width=\"396\">Roon Ready<\/td>\n<\/tr>\n<tr>\n<td width=\"342\"><\/td>\n<td width=\"396\">Conectar Spotify<\/td>\n<\/tr>\n<tr>\n<td width=\"342\"><\/td>\n<td width=\"396\">Conexi\u00f3n TIDAL<\/td>\n<\/tr>\n<tr>\n<td width=\"342\"><\/td>\n<td width=\"396\">Wi-Fi 802.11 a, b, g, n, ac 2,4\/5 GHz<\/td>\n<\/tr>\n<tr>\n<td width=\"342\">Entrada cableada<\/td>\n<td width=\"396\">1 ethernet<\/td>\n<\/tr>\n<tr>\n<td width=\"342\">PESOS Y DIMENSIONES<\/td>\n<td width=\"396\"><\/td>\n<\/tr>\n<tr>\n<td width=\"342\">Dimensiones de la unidad (ancho x alto x profundidad)<\/td>\n<td width=\"396\">7-3\/4&#8243; (19,5 cm) x 14-1\/2&#8243; (36,8 cm) x 8-5\/8&#8243; (21,9 cm)<\/td>\n<\/tr>\n<tr>\n<td width=\"342\">Unidad de peso<\/td>\n<td width=\"396\">18,5 libras (8,4 kg)<\/td>\n<\/tr>\n<tr>\n<td width=\"342\">Peso de env\u00edo<\/td>\n<td width=\"396\">24 libras (10,9 kg)<\/td>\n<\/tr>\n<\/tbody>\n<\/table>\n<p><a href=\"https:\/\/www.mcintoshlabs.com\/products\/speakers\/RS150\" target=\"_blank\" rel=\"noopener\"><span style=\"color: #0000ff;\">Click aqu\u00ed para m\u00e1s informaci\u00f3n del producto.<\/span><\/a><\/p>\n","protected":false},"excerpt":{"rendered":"<p>El altavoz inal\u00e1mbrico RS150 es un altavoz inal\u00e1mbrico f\u00e1cil de usar que, si bien es relativamente compacto, a\u00fan ofrece un rendimiento de sonido de audio dom\u00e9stico m\u00e1s grande que la vida por el que McIntosh es conocido. Es una soluci\u00f3n de altavoz inal\u00e1mbrico completa e independiente que no requiere ninguna aplicaci\u00f3n de control dedicada. En cambio, tiene una variedad de tecnolog\u00edas de transmisi\u00f3n integradas, como Spotify Connect, TIDAL Connect, Apple AirPlay 2, Bluetooth, Chromecast y Roon Ready, lo que le permite transmitir f\u00e1cilmente al RS150 desde sus dispositivos inteligentes.<\/p>\n<p>El RS150 es una excelente manera de presentarte a ti mismo o a tus amigos y familiares la legendaria calidad de sonido y los est\u00e1ndares de rendimiento de audio para el hogar de McIntosh. Su tama\u00f1o moderado permite colocar y reubicar f\u00e1cilmente el RS150 en casi cualquier lugar de su hogar.<\/p>\n","protected":false},"featured_media":2112,"template":"","meta":[],"product_cat":[22],"product_tag":[31,185,74,29],"_links":{"self":[{"href":"https:\/\/baflesoviedo.com\/home\/wp-json\/wp\/v2\/product\/2106"}],"collection":[{"href":"https:\/\/baflesoviedo.com\/home\/wp-json\/wp\/v2\/product"}],"about":[{"href":"https:\/\/baflesoviedo.com\/home\/wp-json\/wp\/v2\/types\/product"}],"wp:featuredmedia":[{"embeddable":true,"href":"https:\/\/baflesoviedo.com\/home\/wp-json\/wp\/v2\/media\/2112"}],"wp:attachment":[{"href":"https:\/\/baflesoviedo.com\/home\/wp-json\/wp\/v2\/media?parent=2106"}],"wp:term":[{"taxonomy":"product_cat","embeddable":true,"href":"https:\/\/baflesoviedo.com\/home\/wp-json\/wp\/v2\/product_cat?post=2106"},{"taxonomy":"product_tag","embeddable":true,"href":"https:\/\/baflesoviedo.com\/home\/wp-json\/wp\/v2\/product_tag?post=2106"}],"curies":[{"name":"wp","href":"https:\/\/api.w.org\/{rel}","templated":true}]}}