{"id":2124,"date":"2022-02-09T22:40:16","date_gmt":"2022-02-09T22:40:16","guid":{"rendered":"https:\/\/baflesoviedo.com\/home\/?post_type=product&#038;p=2124"},"modified":"2025-06-12T03:54:25","modified_gmt":"2025-06-12T03:54:25","slug":"pro-ject-clean-it-cepillo-para-limpiar-la-aguja","status":"publish","type":"product","link":"https:\/\/baflesoviedo.com\/home\/product\/pro-ject-clean-it-cepillo-para-limpiar-la-aguja\/","title":{"rendered":"Pro-Ject, Clean it, Cepillo Fibra (Aguja)"},"content":{"rendered":"<p><strong>Especificaciones y Caracter\u00edsticas<\/strong><\/p>\n<ul>\n<li>Limpiador suave para aguja de diamante.<\/li>\n<li>Fibras de carbono conductoras.<\/li>\n<li>Elimina cargas est\u00e1ticas.<\/li>\n<li>Elimina las part\u00edculas de polvo m\u00e1s finas.<\/li>\n<\/ul>\n<p><a href=\"https:\/\/www.project-audio.com\/en\/product\/clean-it\/\" target=\"_blank\" rel=\"noopener\"><span style=\"color: #0000ff;\">Click aqu\u00ed para m\u00e1s informaci\u00f3n del producto.<\/span><\/a><\/p>\n","protected":false},"excerpt":{"rendered":"<p>Cepillo de fibra de carbono para limpiar la aguja<\/p>\n<p>El cepillo de limpieza de la aguja de fibra de carbono Clean it es adecuado para la limpieza diaria de la aguja. El cepillo de la aguja es la mejor herramienta para el mantenimiento r\u00e1pido y la limpieza diaria de la punta de la aguja. Clean it elimina suavemente el polvo y la formaci\u00f3n de costras con miles de las fibras de carbono m\u00e1s finas. El resultado es una aguja de diamante limpia y con un buen sonido que garantiza una reproducci\u00f3n perfecta de sus discos.<\/p>\n","protected":false},"featured_media":2125,"template":"","meta":[],"product_cat":[37],"product_tag":[177,56,62],"_links":{"self":[{"href":"https:\/\/baflesoviedo.com\/home\/wp-json\/wp\/v2\/product\/2124"}],"collection":[{"href":"https:\/\/baflesoviedo.com\/home\/wp-json\/wp\/v2\/product"}],"about":[{"href":"https:\/\/baflesoviedo.com\/home\/wp-json\/wp\/v2\/types\/product"}],"wp:featuredmedia":[{"embeddable":true,"href":"https:\/\/baflesoviedo.com\/home\/wp-json\/wp\/v2\/media\/2125"}],"wp:attachment":[{"href":"https:\/\/baflesoviedo.com\/home\/wp-json\/wp\/v2\/media?parent=2124"}],"wp:term":[{"taxonomy":"product_cat","embeddable":true,"href":"https:\/\/baflesoviedo.com\/home\/wp-json\/wp\/v2\/product_cat?post=2124"},{"taxonomy":"product_tag","embeddable":true,"href":"https:\/\/baflesoviedo.com\/home\/wp-json\/wp\/v2\/product_tag?post=2124"}],"curies":[{"name":"wp","href":"https:\/\/api.w.org\/{rel}","templated":true}]}}