{"id":2130,"date":"2022-02-09T22:44:38","date_gmt":"2022-02-09T22:44:38","guid":{"rendered":"https:\/\/baflesoviedo.com\/home\/?post_type=product&#038;p=2130"},"modified":"2023-10-21T02:23:42","modified_gmt":"2023-10-21T02:23:42","slug":"pro-ject-lube-it-lubricante-para-tocadiscos","status":"publish","type":"product","link":"https:\/\/baflesoviedo.com\/home\/product\/pro-ject-lube-it-lubricante-para-tocadiscos\/","title":{"rendered":"Pro-Ject, Lube it, Lubricante para tocadiscos"},"content":{"rendered":"<p><strong>Especificaciones y Caracter\u00edsticas<\/strong><\/p>\n<ul>\n<li>Ayuda a un movimiento suave.<\/li>\n<li>F\u00e1cil de manejar.<\/li>\n<\/ul>\n<p><a href=\"https:\/\/www.project-audio.com\/en\/product\/lube-it\/\" target=\"_blank\" rel=\"noopener\"><span style=\"color: #0000ff;\">Click aqu\u00ed para m\u00e1s informaci\u00f3n del producto.<\/span><\/a><\/p>\n","protected":false},"excerpt":{"rendered":"<p>Lubricante de alta tecnolog\u00eda para velocidad constante<\/p>\n<p>C\u00f3mo usar Lube it.<\/p>\n<p>Un tocadiscos es un instrumento delicado y necesita un cuidado adecuado. El motor est\u00e1 moviendo el plato y la lubricaci\u00f3n de los cojinetes se desgasta con el tiempo. Esto es causado por muchos factores, como el clima y la humedad. Por lo tanto, no podemos dar un tiempo recomendado sobre cu\u00e1ndo reemplazar la lubricaci\u00f3n. Lo mejor es mantenerlo constantemente lubricado. Con Lube it puedes mantener el rodamiento de tu tocadiscos suave para una reproducci\u00f3n perfecta. Recomendamos mantener su tocadiscos en constante movimiento, ya que esto garantiza un rodamiento suave. Sin embargo, esto conducir\u00e1 a la abrasi\u00f3n del metal, por lo que deber\u00e1 cambiar la lubricaci\u00f3n con m\u00e1s frecuencia. En cuanto a la cantidad que debe usar, solo podemos aconsejarle que use la cantidad que le parezca correcta. No puede ser demasiado, en el peor de los casos tendr\u00e1s que limpiar un poco de lubricante de tu tocadiscos para mantenerlo limpio.<\/p>\n<p>Utilice Lube it solo para tocadiscos como Elemental, Primary, T-Line, Essential, Debut, The Classic, Juke Box y X1\/X2. Para rodamientos invertidos como RPM Line, modelos Xtension y Signature Line, utilice grasa.<\/p>\n","protected":false},"featured_media":2131,"template":"","meta":[],"product_cat":[37],"product_tag":[178,56,62],"_links":{"self":[{"href":"https:\/\/baflesoviedo.com\/home\/wp-json\/wp\/v2\/product\/2130"}],"collection":[{"href":"https:\/\/baflesoviedo.com\/home\/wp-json\/wp\/v2\/product"}],"about":[{"href":"https:\/\/baflesoviedo.com\/home\/wp-json\/wp\/v2\/types\/product"}],"wp:featuredmedia":[{"embeddable":true,"href":"https:\/\/baflesoviedo.com\/home\/wp-json\/wp\/v2\/media\/2131"}],"wp:attachment":[{"href":"https:\/\/baflesoviedo.com\/home\/wp-json\/wp\/v2\/media?parent=2130"}],"wp:term":[{"taxonomy":"product_cat","embeddable":true,"href":"https:\/\/baflesoviedo.com\/home\/wp-json\/wp\/v2\/product_cat?post=2130"},{"taxonomy":"product_tag","embeddable":true,"href":"https:\/\/baflesoviedo.com\/home\/wp-json\/wp\/v2\/product_tag?post=2130"}],"curies":[{"name":"wp","href":"https:\/\/api.w.org\/{rel}","templated":true}]}}