{"id":2133,"date":"2022-02-09T22:48:36","date_gmt":"2022-02-09T22:48:36","guid":{"rendered":"https:\/\/baflesoviedo.com\/home\/?post_type=product&#038;p=2133"},"modified":"2023-10-21T02:23:33","modified_gmt":"2023-10-21T02:23:33","slug":"pro-ject-grease-it-lubricante-para-rodamientos","status":"publish","type":"product","link":"https:\/\/baflesoviedo.com\/home\/product\/pro-ject-grease-it-lubricante-para-rodamientos\/","title":{"rendered":"Pro-Ject, Grease it, Lubricante para rodamientos"},"content":{"rendered":"<p><strong>Especificaciones y Caracter\u00edsticas<\/strong><\/p>\n<ul>\n<li>Para ser utilizado con rodamientos invertidos.<\/li>\n<li>Ayuda a un movimiento suave.<\/li>\n<li>Jeringa precargada.<\/li>\n<li>F\u00e1cil de manejar.<\/li>\n<\/ul>\n<p><a href=\"https:\/\/www.project-audio.com\/en\/product\/grease-it\/\" target=\"_blank\" rel=\"noopener\"><span style=\"color: #0000ff;\">Click aqu\u00ed para m\u00e1s informaci\u00f3n del producto.<\/span><\/a><\/p>\n","protected":false},"excerpt":{"rendered":"<p>Lubricante para rodamientos<\/p>\n<p>C\u00f3mo usar Grease it.<\/p>\n<p>Un tocadiscos es un instrumento delicado y necesita un cuidado adecuado. El motor est\u00e1 moviendo el plato y la lubricaci\u00f3n de los cojinetes se desgasta con el tiempo. Esto es causado por muchos factores, como el clima y la humedad. Por lo tanto, no podemos dar un tiempo recomendado sobre cu\u00e1ndo reemplazar la lubricaci\u00f3n. Lo mejor es mantenerlo constantemente lubricado. Con Grease it puedes mantener el rodamiento de tu tocadiscos suave para una reproducci\u00f3n perfecta. Recomendamos mantener su tocadiscos en constante movimiento, ya que esto garantiza un rodamiento suave. Sin embargo, esto conducir\u00e1 a la abrasi\u00f3n del metal, por lo que deber\u00e1 cambiar la lubricaci\u00f3n con m\u00e1s frecuencia. En cuanto a la cantidad que debe usar, solo podemos aconsejarle que use la cantidad que le parezca correcta. No puede ser demasiado, en el peor de los casos tendr\u00e1s que limpiar un poco de grasa de tu tocadiscos para mantenerlo limpio.<\/p>\n<p>Utilice Grease it solo para tocadiscos con cojinetes invertidos, como RPM Line, modelos Xtension y Signature Line. Para rodamientos no invertidos, debe usar Lube it.<\/p>\n","protected":false},"featured_media":2134,"template":"","meta":[],"product_cat":[37],"product_tag":[178,56,62],"_links":{"self":[{"href":"https:\/\/baflesoviedo.com\/home\/wp-json\/wp\/v2\/product\/2133"}],"collection":[{"href":"https:\/\/baflesoviedo.com\/home\/wp-json\/wp\/v2\/product"}],"about":[{"href":"https:\/\/baflesoviedo.com\/home\/wp-json\/wp\/v2\/types\/product"}],"wp:featuredmedia":[{"embeddable":true,"href":"https:\/\/baflesoviedo.com\/home\/wp-json\/wp\/v2\/media\/2134"}],"wp:attachment":[{"href":"https:\/\/baflesoviedo.com\/home\/wp-json\/wp\/v2\/media?parent=2133"}],"wp:term":[{"taxonomy":"product_cat","embeddable":true,"href":"https:\/\/baflesoviedo.com\/home\/wp-json\/wp\/v2\/product_cat?post=2133"},{"taxonomy":"product_tag","embeddable":true,"href":"https:\/\/baflesoviedo.com\/home\/wp-json\/wp\/v2\/product_tag?post=2133"}],"curies":[{"name":"wp","href":"https:\/\/api.w.org\/{rel}","templated":true}]}}