{"id":2213,"date":"2022-02-23T16:35:31","date_gmt":"2022-02-23T16:35:31","guid":{"rendered":"https:\/\/baflesoviedo.com\/home\/?post_type=product&#038;p=2213"},"modified":"2025-06-11T01:47:11","modified_gmt":"2025-06-11T01:47:11","slug":"mcintosh-mc3500-amplificador","status":"publish","type":"product","link":"https:\/\/baflesoviedo.com\/home\/product\/mcintosh-mc3500-amplificador\/","title":{"rendered":"McIntosh, MC3500, Amplificador"},"content":{"rendered":"<p><strong>Especificaciones<\/strong><\/p>\n<table style=\"height: 749px;\" width=\"981\">\n<tbody>\n<tr>\n<td width=\"304\"><strong>ESPECIFICACIONES ELECTR\u00d3NICAS<\/strong><\/td>\n<td width=\"426\"><\/td>\n<\/tr>\n<tr>\n<td width=\"304\">Potencia de salida por canal<\/td>\n<td width=\"426\">350 W a 2, 4 u 8 ohmios<\/td>\n<\/tr>\n<tr>\n<td width=\"304\">N\u00famero de canales<\/td>\n<td width=\"426\">1<\/td>\n<\/tr>\n<tr>\n<td width=\"304\">Distorsi\u00f3n arm\u00f3nica total<\/td>\n<td width=\"426\">Distorsi\u00f3n arm\u00f3nica m\u00e1xima del 0,3 % a cualquier nivel de potencia desde 250 milivatios hasta la potencia nominal, de 20 Hz a 20 000 Hz<\/td>\n<\/tr>\n<tr>\n<td width=\"304\">S\/N por debajo de la salida nominal<\/td>\n<td width=\"426\">120dB<\/td>\n<\/tr>\n<tr>\n<td width=\"304\">Espacio libre din\u00e1mico<\/td>\n<td width=\"426\">2.4dB<\/td>\n<\/tr>\n<tr>\n<td width=\"304\">Factor de amortiguamiento<\/td>\n<td width=\"426\">&gt;25 banda ancha<\/td>\n<\/tr>\n<tr>\n<td width=\"304\">Banda de potencia nominal<\/td>\n<td width=\"426\">20Hz a 20kHz<\/td>\n<\/tr>\n<tr>\n<td width=\"304\">Respuesta de frecuencia<\/td>\n<td width=\"426\">+0, -0,5 dB de 20 Hz a 20 000 Hz<\/td>\n<\/tr>\n<tr>\n<td width=\"304\"><\/td>\n<td width=\"426\">+0, -3,0 dB de 10 Hz a 70 000 Hz<\/td>\n<\/tr>\n<tr>\n<td width=\"304\"><strong>CONTROL<\/strong><\/td>\n<td width=\"426\"><\/td>\n<\/tr>\n<tr>\n<td width=\"304\">Control remoto de energ\u00eda<\/td>\n<td width=\"426\">S\u00ed<\/td>\n<\/tr>\n<tr>\n<td width=\"304\">Cable DB25 multicanal<\/td>\n<td width=\"426\">N \/ A<\/td>\n<\/tr>\n<tr>\n<td width=\"304\"><strong>ESPECIFICACIONES GENERALES<\/strong><\/td>\n<td width=\"426\"><\/td>\n<\/tr>\n<tr>\n<td width=\"304\">Configuraci\u00f3n del circuito<\/td>\n<td width=\"426\">Unidad acoplada<\/td>\n<\/tr>\n<tr>\n<td width=\"304\">Dise\u00f1o de circuito<\/td>\n<td width=\"426\">Tubo vac\u00edo<\/td>\n<\/tr>\n<tr>\n<td width=\"304\">Puente mono<\/td>\n<td width=\"426\">No<\/td>\n<\/tr>\n<tr>\n<td width=\"304\">Mono paralelo<\/td>\n<td width=\"426\">No<\/td>\n<\/tr>\n<tr>\n<td width=\"304\">Tipo de salida<\/td>\n<td width=\"426\">Transformador de salida acoplado de unidad<\/td>\n<\/tr>\n<tr>\n<td width=\"304\">Metros<\/td>\n<td width=\"426\">S\u00ed<\/td>\n<\/tr>\n<tr>\n<td width=\"304\">Interruptor de luz del medidor<\/td>\n<td width=\"426\">S\u00ed<\/td>\n<\/tr>\n<tr>\n<td width=\"304\">Entrada balanceada<\/td>\n<td width=\"426\">S\u00ed<\/td>\n<\/tr>\n<tr>\n<td width=\"304\">Panel frontal<\/td>\n<td width=\"426\">Aluminio mecanizado con asas<\/td>\n<\/tr>\n<tr>\n<td width=\"304\">Iluminaci\u00f3n<\/td>\n<td width=\"426\">LED directo<\/td>\n<\/tr>\n<tr>\n<td width=\"304\">Estilo de chasis<\/td>\n<td width=\"426\">Acero inoxidable pulido<\/td>\n<\/tr>\n<tr>\n<td width=\"304\"><strong>CONECTIVIDAD<\/strong><\/td>\n<td width=\"426\"><\/td>\n<\/tr>\n<tr>\n<td width=\"304\">Tipo de publicaci\u00f3n de enlace de altavoz<\/td>\n<td width=\"426\">Postes de uni\u00f3n de altavoces patentados Solid Cinch\u2122<\/td>\n<\/tr>\n<tr>\n<td width=\"304\"><strong>PESOS Y DIMENSIONES<\/strong><\/td>\n<td width=\"426\"><\/td>\n<\/tr>\n<tr>\n<td width=\"304\">Dimensiones de la unidad (ancho x alto x profundidad)<\/td>\n<td width=\"426\">18&#8243; (45,7 cm) x 11-13\/16&#8243; (30 cm) x 21-5\/8&#8243; (54,9 cm)<\/td>\n<\/tr>\n<tr>\n<td width=\"304\">Unidad de peso<\/td>\n<td width=\"426\">121 libras (54,9 kg)<\/td>\n<\/tr>\n<tr>\n<td width=\"304\">Peso de env\u00edo<\/td>\n<td width=\"426\">147 libras (66,7 kg)<\/td>\n<\/tr>\n<\/tbody>\n<\/table>\n<p><a href=\"https:\/\/www.mcintoshlabs.com\/products\/amplifiers\/MC3500\" target=\"_blank\" rel=\"noopener\"><span style=\"color: #0000ff;\">Click aqu\u00ed para m\u00e1s informaci\u00f3n del producto.<\/span><\/a><\/p>\n","protected":false},"excerpt":{"rendered":"<p>Amplificador de tubo de vac\u00edo de 1 canal Mk II<\/p>\n<p>El amplificador de v\u00e1lvulas de vac\u00edo MC3500 Mk II es un monobloque de 350 vatios de clasificaci\u00f3n conservadora que se inspira en el MC3500 original de 1968-71 e incorpora todo lo que hemos aprendido sobre el dise\u00f1o de amplificadores de v\u00e1lvulas desde la d\u00e9cada de 1960. Se actualiz\u00f3 a los est\u00e1ndares modernos y con componentes modernos para ofrecer un rendimiento de audio digno de su predecesor y el legado de su n\u00famero de modelo compartido, todo mientras se adhiere al dise\u00f1o original tanto como sea posible. Al igual que el MC3500 original, el MC3500 Mk II utiliza nuestro transformador de salida de circuito acoplado Unity, que permite entregar de forma segura los 350 vatios completos a pr\u00e1cticamente cualquier altavoz, independientemente de si tiene una impedancia de 2, 4 u 8 ohmios.<\/p>\n<p>El MC3500 Mk II funciona con ocho v\u00e1lvulas de vac\u00edo de salida de alta potencia EL509S. El tubo EL509S fue elegido espec\u00edficamente debido a que tiene muchas cualidades y caracter\u00edsticas similares a los &#8220;tubos de barrido&#8221; 6LQ6 utilizados en el MC3500 original. Al igual que el 6LQ6, el EL509S es muy resistente gracias a su c\u00e1todo robusto y al elemento calefactor asociado que produce una capacidad de corriente de placa de pico alto superior a 1 amperio.<\/p>\n","protected":false},"featured_media":2214,"template":"","meta":[],"product_cat":[20],"product_tag":[163,185,29],"_links":{"self":[{"href":"https:\/\/baflesoviedo.com\/home\/wp-json\/wp\/v2\/product\/2213"}],"collection":[{"href":"https:\/\/baflesoviedo.com\/home\/wp-json\/wp\/v2\/product"}],"about":[{"href":"https:\/\/baflesoviedo.com\/home\/wp-json\/wp\/v2\/types\/product"}],"wp:featuredmedia":[{"embeddable":true,"href":"https:\/\/baflesoviedo.com\/home\/wp-json\/wp\/v2\/media\/2214"}],"wp:attachment":[{"href":"https:\/\/baflesoviedo.com\/home\/wp-json\/wp\/v2\/media?parent=2213"}],"wp:term":[{"taxonomy":"product_cat","embeddable":true,"href":"https:\/\/baflesoviedo.com\/home\/wp-json\/wp\/v2\/product_cat?post=2213"},{"taxonomy":"product_tag","embeddable":true,"href":"https:\/\/baflesoviedo.com\/home\/wp-json\/wp\/v2\/product_tag?post=2213"}],"curies":[{"name":"wp","href":"https:\/\/api.w.org\/{rel}","templated":true}]}}