{"id":2253,"date":"2022-02-24T22:37:17","date_gmt":"2022-02-24T22:37:17","guid":{"rendered":"https:\/\/baflesoviedo.com\/home\/?post_type=product&#038;p=2253"},"modified":"2025-06-11T02:26:37","modified_gmt":"2025-06-11T02:26:37","slug":"ice-cable-10-2fx-cable-para-parlante-calibre-10","status":"publish","type":"product","link":"https:\/\/baflesoviedo.com\/home\/product\/ice-cable-10-2fx-cable-para-parlante-calibre-10\/","title":{"rendered":"ICE Cable, 10-2FX, Cable Parlante Calibre 10"},"content":{"rendered":"<p><strong>Especificaciones<\/strong><\/p>\n<table width=\"390\">\n<tbody>\n<tr>\n<td width=\"224\">Tensi\u00f3n nominal (V)<\/td>\n<td width=\"166\">300<\/td>\n<\/tr>\n<tr>\n<td width=\"224\">Temperatura nominal (\u00baC)<\/td>\n<td width=\"166\">75<\/td>\n<\/tr>\n<tr>\n<td width=\"224\">Certificaci\u00f3n est\u00e1ndar de producto<\/td>\n<td width=\"166\">UL13 &amp; UL444<\/td>\n<\/tr>\n<tr>\n<td width=\"224\">Certificaci\u00f3n UL<\/td>\n<td width=\"166\">(UL) CL2\/CL3; C(UL) CM<\/td>\n<\/tr>\n<tr>\n<td width=\"224\">Prueba de llama<\/td>\n<td width=\"166\">FT4<\/td>\n<\/tr>\n<\/tbody>\n<\/table>\n<p><a href=\"https:\/\/www.icecable.com\/products\/10-2fx\" target=\"_blank\" rel=\"noopener\"><span style=\"color: #0000ff;\">Click aqu\u00ed para m\u00e1s informaci\u00f3n del producto.<\/span><\/a><\/p>\n","protected":false},"excerpt":{"rendered":"<p>Cable de altavoz 10-2FX para uso de interiores.<\/p>\n<p>Precio por metro.<\/p>\n","protected":false},"featured_media":2254,"template":"","meta":[],"product_cat":[26],"product_tag":[201,92,94],"_links":{"self":[{"href":"https:\/\/baflesoviedo.com\/home\/wp-json\/wp\/v2\/product\/2253"}],"collection":[{"href":"https:\/\/baflesoviedo.com\/home\/wp-json\/wp\/v2\/product"}],"about":[{"href":"https:\/\/baflesoviedo.com\/home\/wp-json\/wp\/v2\/types\/product"}],"wp:featuredmedia":[{"embeddable":true,"href":"https:\/\/baflesoviedo.com\/home\/wp-json\/wp\/v2\/media\/2254"}],"wp:attachment":[{"href":"https:\/\/baflesoviedo.com\/home\/wp-json\/wp\/v2\/media?parent=2253"}],"wp:term":[{"taxonomy":"product_cat","embeddable":true,"href":"https:\/\/baflesoviedo.com\/home\/wp-json\/wp\/v2\/product_cat?post=2253"},{"taxonomy":"product_tag","embeddable":true,"href":"https:\/\/baflesoviedo.com\/home\/wp-json\/wp\/v2\/product_tag?post=2253"}],"curies":[{"name":"wp","href":"https:\/\/api.w.org\/{rel}","templated":true}]}}