{"id":227,"date":"2020-04-22T19:17:05","date_gmt":"2020-04-22T19:17:05","guid":{"rendered":"https:\/\/baflesoviedo.com\/home\/?post_type=product&#038;p=227"},"modified":"2024-12-12T00:43:11","modified_gmt":"2024-12-12T00:43:11","slug":"dynaudio-emit-m10-altavoz","status":"publish","type":"product","link":"https:\/\/baflesoviedo.com\/home\/product\/dynaudio-emit-m10-altavoz\/","title":{"rendered":"Dynaudio, Emit 10, Altavoces Librero"},"content":{"rendered":"<p>&nbsp;<\/p>\n<p><strong>Especificaciones<\/strong><\/p>\n<table style=\"height: 373px;\" width=\"610\">\n<tbody>\n<tr>\n<td width=\"269\">Sensibilidad<\/td>\n<td width=\"197\">86dB (2,83V \/ 1m)<\/td>\n<\/tr>\n<tr>\n<td width=\"269\">Manejo de potencia IEC<\/td>\n<td width=\"197\">150W<\/td>\n<\/tr>\n<tr>\n<td width=\"269\">Impedancia<\/td>\n<td width=\"197\">6 ohmios<\/td>\n<\/tr>\n<tr>\n<td width=\"269\">Respuesta de frecuencia (\u00b1 3dB)<\/td>\n<td width=\"197\">50Hz &#8211; 23kHz<\/td>\n<\/tr>\n<tr>\n<td width=\"269\">Tipo de caja<\/td>\n<td width=\"197\">Reflector de graves con puerto trasero<\/td>\n<\/tr>\n<tr>\n<td width=\"269\">Transversal<\/td>\n<td width=\"197\">2 v\u00edas<\/td>\n<\/tr>\n<tr>\n<td width=\"269\">Frecuencia de crossover<\/td>\n<td width=\"197\">1800Hz<\/td>\n<\/tr>\n<tr>\n<td width=\"269\">Topolog\u00eda de crossover<\/td>\n<td width=\"197\">1er orden<\/td>\n<\/tr>\n<tr>\n<td width=\"269\">Woofer<\/td>\n<td width=\"197\">14cm MSP<\/td>\n<\/tr>\n<tr>\n<td width=\"269\">Tweeter<\/td>\n<td width=\"197\">C\u00fapula blanda de 28 mm<\/td>\n<\/tr>\n<tr>\n<td width=\"269\">Peso<\/td>\n<td width=\"197\">5.6kg \/ 12lb<\/td>\n<\/tr>\n<tr>\n<td width=\"269\">Dimensiones (W x H x D)<\/td>\n<td width=\"197\">170 x 292 x 238 mm<\/td>\n<\/tr>\n<tr>\n<td width=\"269\"><\/td>\n<td width=\"197\">6.7 x 11.5 x 9.5 pulgadas<\/td>\n<\/tr>\n<tr>\n<td width=\"269\">Dimensiones con pies \/ rejilla (W x H x D)<\/td>\n<td width=\"197\">170 x 292 x 253 mm<\/td>\n<\/tr>\n<tr>\n<td width=\"269\"><\/td>\n<td width=\"197\">6.7 x 11.5 x 10 pulgadas<\/td>\n<\/tr>\n<\/tbody>\n<\/table>\n<p><a href=\"https:\/\/www.dynaudio.com\/home-audio\/emit\/m10\" target=\"_blank\" rel=\"noopener noreferrer\"><span style=\"color: #0000ff;\">Click aqu\u00ed para m\u00e1s informaci\u00f3n del producto<\/span><\/a><\/p>\n","protected":false},"excerpt":{"rendered":"<p>El Emit m\u00e1s compacto es ideal para habitaciones de tama\u00f1o peque\u00f1o a mediano, o en cualquier lugar donde el espacio sea limitado, como en una estanter\u00eda o aparador. Disponible en negro, blanco o walnut.<\/p>\n","protected":false},"featured_media":4275,"template":"","meta":[],"product_cat":[123,122],"product_tag":[31,58,40],"_links":{"self":[{"href":"https:\/\/baflesoviedo.com\/home\/wp-json\/wp\/v2\/product\/227"}],"collection":[{"href":"https:\/\/baflesoviedo.com\/home\/wp-json\/wp\/v2\/product"}],"about":[{"href":"https:\/\/baflesoviedo.com\/home\/wp-json\/wp\/v2\/types\/product"}],"wp:featuredmedia":[{"embeddable":true,"href":"https:\/\/baflesoviedo.com\/home\/wp-json\/wp\/v2\/media\/4275"}],"wp:attachment":[{"href":"https:\/\/baflesoviedo.com\/home\/wp-json\/wp\/v2\/media?parent=227"}],"wp:term":[{"taxonomy":"product_cat","embeddable":true,"href":"https:\/\/baflesoviedo.com\/home\/wp-json\/wp\/v2\/product_cat?post=227"},{"taxonomy":"product_tag","embeddable":true,"href":"https:\/\/baflesoviedo.com\/home\/wp-json\/wp\/v2\/product_tag?post=227"}],"curies":[{"name":"wp","href":"https:\/\/api.w.org\/{rel}","templated":true}]}}