{"id":2308,"date":"2023-03-14T03:05:04","date_gmt":"2023-03-14T03:05:04","guid":{"rendered":"https:\/\/baflesoviedo.com\/home\/?post_type=product&#038;p=2308"},"modified":"2025-06-12T04:00:47","modified_gmt":"2025-06-12T04:00:47","slug":"cambridge-audio-mxn10-compact-network-player","status":"publish","type":"product","link":"https:\/\/baflesoviedo.com\/home\/product\/cambridge-audio-mxn10-compact-network-player\/","title":{"rendered":"Cambridge Audio, MXN10, Compact Network Player"},"content":{"rendered":"<h2><strong>Especificaciones T\u00e9cnicas<\/strong><\/h2>\n<table class=\"uk-table uk-table-responsive\">\n<tbody>\n<tr>\n<td class=\"tech-spec-first\">INPUTS<\/td>\n<td class=\"tech-spec-second\">Ethernet, USB socket (mass storage), Wi-Fi, Bluetooth<\/td>\n<\/tr>\n<tr>\n<td class=\"tech-spec-first\">OUTPUTS<\/td>\n<td class=\"tech-spec-second\">Line out (unbalanced), Digital out (Coax and Optical)<\/td>\n<\/tr>\n<tr>\n<td class=\"tech-spec-first\">DAC<\/td>\n<td class=\"tech-spec-second\">ESS Sabre ES9033Q<\/td>\n<\/tr>\n<tr>\n<td class=\"tech-spec-first\">FREQUENCY RESPONSE<\/td>\n<td class=\"tech-spec-second\">20Hz \u2013 70kHz +0\/-1dB<\/td>\n<\/tr>\n<tr>\n<td class=\"tech-spec-first\">ETHERNET<\/td>\n<td class=\"tech-spec-second\">IEEE 802.3 10 Base-T or 100 Base-T<\/td>\n<\/tr>\n<tr>\n<td class=\"tech-spec-first\">WI-FI<\/td>\n<td class=\"tech-spec-second\">Wi-Fi 5 dual band 2.4\/5gHz<\/td>\n<\/tr>\n<tr>\n<td class=\"tech-spec-first\">BLUETOOTH<\/td>\n<td class=\"tech-spec-second\">5.0 A2DP\/AVRCP supporting SBC and AAC<\/td>\n<\/tr>\n<tr>\n<td class=\"tech-spec-first\">COMPATIBILITY<\/td>\n<td class=\"tech-spec-second\">UPnP, Local USB media, Internet Radio, Chromecast, Spotify connect, Tidal, Qobuz, Roon Ready, Airplay 2<\/td>\n<\/tr>\n<tr>\n<td class=\"tech-spec-first\">AUDIO FORMATS<\/td>\n<td class=\"tech-spec-second\">ALAC, WAV, FLAC, AIFF, DSD (x512), WMA, MP3, AAC, HE AAC, AAC+, OGG Vorbis<\/td>\n<\/tr>\n<tr>\n<td class=\"tech-spec-first\">HI-RES SUPPORT<\/td>\n<td class=\"tech-spec-second\">Up to 768KHz 32bit PCM, up to DSD512<\/td>\n<\/tr>\n<tr>\n<td class=\"tech-spec-first\">MAX POWER CONSUMPTION<\/td>\n<td class=\"tech-spec-second\">20W<\/td>\n<\/tr>\n<tr>\n<td class=\"tech-spec-first\">STANDBY POWER CONSUMPTION<\/td>\n<td class=\"tech-spec-second\">&lt;0.5W<\/td>\n<\/tr>\n<tr>\n<td class=\"tech-spec-first\">DIMENSIONS (W X H X D)<\/td>\n<td class=\"tech-spec-second\">215 x 52 x 191mm<\/td>\n<\/tr>\n<tr>\n<td class=\"tech-spec-first\">WEIGHT<\/td>\n<td class=\"tech-spec-second\">1.2kg<\/td>\n<\/tr>\n<tr>\n<td class=\"tech-spec-first\">BOX CONTENTS<\/td>\n<td class=\"tech-spec-second\">MXN10 player, WiFi\/BT Antenna (x2), Safety Guide, Quick start guide, Regional mains lead<\/td>\n<\/tr>\n<\/tbody>\n<\/table>\n<p>&nbsp;<\/p>\n<p><a href=\"https:\/\/www.cambridgeaudio.com\/row\/en\/products\/hi-fi\/mx\/mxn10\" target=\"_blank\" rel=\"noopener\"><span style=\"color: #0000ff;\">Click aqu\u00ed para m\u00e1s informaci\u00f3n del producto.<\/span><\/a><\/p>\n","protected":false},"excerpt":{"rendered":"<p>Este network player viene en un tama\u00f1o compacto que le permite flexibilidad de posicionamiento, pero sin sacrificar calidad de sonido. Ofrece soporte para servicios de streaming tanto gratuitos como de subscripci\u00f3n, y es una excelente opci\u00f3n para reproducir m\u00fasica en Hi-Res desde USB y NAS.<\/p>\n","protected":false},"featured_media":2309,"template":"","meta":[],"product_cat":[19,21,22,23],"product_tag":[52,219,67],"_links":{"self":[{"href":"https:\/\/baflesoviedo.com\/home\/wp-json\/wp\/v2\/product\/2308"}],"collection":[{"href":"https:\/\/baflesoviedo.com\/home\/wp-json\/wp\/v2\/product"}],"about":[{"href":"https:\/\/baflesoviedo.com\/home\/wp-json\/wp\/v2\/types\/product"}],"wp:featuredmedia":[{"embeddable":true,"href":"https:\/\/baflesoviedo.com\/home\/wp-json\/wp\/v2\/media\/2309"}],"wp:attachment":[{"href":"https:\/\/baflesoviedo.com\/home\/wp-json\/wp\/v2\/media?parent=2308"}],"wp:term":[{"taxonomy":"product_cat","embeddable":true,"href":"https:\/\/baflesoviedo.com\/home\/wp-json\/wp\/v2\/product_cat?post=2308"},{"taxonomy":"product_tag","embeddable":true,"href":"https:\/\/baflesoviedo.com\/home\/wp-json\/wp\/v2\/product_tag?post=2308"}],"curies":[{"name":"wp","href":"https:\/\/api.w.org\/{rel}","templated":true}]}}