{"id":2314,"date":"2023-03-14T05:35:47","date_gmt":"2023-03-14T05:35:47","guid":{"rendered":"https:\/\/baflesoviedo.com\/home\/?post_type=product&#038;p=2314"},"modified":"2025-07-16T22:59:38","modified_gmt":"2025-07-16T22:59:38","slug":"pro-ject-maia-ds3-amplificador-integrado","status":"publish","type":"product","link":"https:\/\/baflesoviedo.com\/home\/product\/pro-ject-maia-ds3-amplificador-integrado\/","title":{"rendered":"Pro-Ject, MaiA DS3, Amplificador Integrado"},"content":{"rendered":"<table class=\"my-3 text-sm md:text-base\">\n<tbody>\n<tr>\n<td class=\"base:pr-2 md:pr-12 font-weight-bold\">Power output:<\/td>\n<td>2x 80W\/140W at 8 ohms\/4 ohms (1%THD)<\/td>\n<\/tr>\n<tr>\n<td class=\"base:pr-2 md:pr-12 font-weight-bold\">Frequency response (20Hz &#8211; 20kHz):<\/td>\n<td>&lt;+\/- 0,3dB at 20kHz<\/td>\n<\/tr>\n<tr>\n<td class=\"base:pr-2 md:pr-12 font-weight-bold\">SNR:<\/td>\n<td>97dB (105 dB &#8211; \u201aA\u2018 weighted) at 1kHz<\/td>\n<\/tr>\n<tr>\n<td class=\"base:pr-2 md:pr-12 font-weight-bold\">THD:<\/td>\n<td>&lt; 0,01% at 10W \/ 8 ohms<\/td>\n<\/tr>\n<tr>\n<td class=\"base:pr-2 md:pr-12 font-weight-bold\">Headphone amp output:<\/td>\n<td>2x 430mW at 32 ohms (1%THD)<\/td>\n<\/tr>\n<tr>\n<td class=\"base:pr-2 md:pr-12 font-weight-bold\">Line level inputs:<\/td>\n<td>3 pair RCA (sensitivity: 860 mV)<\/td>\n<\/tr>\n<tr>\n<td class=\"base:pr-2 md:pr-12 font-weight-bold\">Phono input:<\/td>\n<td>1 pair RCA (for MM, MI and MC cartridges)<\/td>\n<\/tr>\n<tr>\n<td class=\"base:pr-2 md:pr-12 font-weight-bold\">Phono input sensitivity:<\/td>\n<td>MM 47k ohms \/ MC 100 ohms<\/td>\n<\/tr>\n<tr>\n<td class=\"base:pr-2 md:pr-12 font-weight-bold\">Phono input gain:<\/td>\n<td>MM 40dB \/ MC 60dB<\/td>\n<\/tr>\n<tr>\n<td class=\"base:pr-2 md:pr-12 font-weight-bold\">USB input:<\/td>\n<td>USB Audio Class 2 (requires USB 2.0 or higher)<\/td>\n<\/tr>\n<tr>\n<td class=\"base:pr-2 md:pr-12 font-weight-bold\">PCM sample rates:<\/td>\n<td>up to 192kHz \/ 24 bit<\/td>\n<\/tr>\n<tr>\n<td class=\"base:pr-2 md:pr-12 font-weight-bold\">DSD support:<\/td>\n<td>DSD64 , DSD128, DSD256<\/td>\n<\/tr>\n<tr>\n<td class=\"base:pr-2 md:pr-12 font-weight-bold\">BT version &amp; codec:<\/td>\n<td>BT 5.0; aptX, aptX HD, A2DP profile<\/td>\n<\/tr>\n<tr>\n<td class=\"base:pr-2 md:pr-12 font-weight-bold\">Trigger In\/Out:<\/td>\n<td>12V on\/off detector<\/td>\n<\/tr>\n<tr>\n<td class=\"base:pr-2 md:pr-12 font-weight-bold\">Outboard power supply:<\/td>\n<td>36V\/5,5A DC<\/td>\n<\/tr>\n<tr>\n<td class=\"base:pr-2 md:pr-12 font-weight-bold\">Standby Power consumption:<\/td>\n<td>&lt; 0,5 watts<\/td>\n<\/tr>\n<tr>\n<td class=\"base:pr-2 md:pr-12 font-weight-bold\">Dimensions WxHxD:<\/td>\n<td>206 x 71 x 240 (252 with sockets) mm<\/td>\n<\/tr>\n<tr>\n<td class=\"base:pr-2 md:pr-12 font-weight-bold\">Weight:<\/td>\n<td>1850g without power supply<\/td>\n<\/tr>\n<\/tbody>\n<\/table>\n<p>&nbsp;<\/p>\n<p><a href=\"https:\/\/www.project-audio.com\/en\/product\/maia-ds3\/\" target=\"_blank\" rel=\"noopener noreferrer\"><span style=\"color: #0000ff;\">Click aqu\u00ed para m\u00e1s informaci\u00f3n del producto.<\/span><\/a><\/p>\n","protected":false},"excerpt":{"rendered":"<p>Amplificador integrado stereo. Cuenta con entradas an\u00e1logas y digitales para satisfacer a todos los gustos, y con sus 140 watts por canal es capaz de tomar su set favorito de altavoces.<\/p>\n","protected":false},"featured_media":2316,"template":"","meta":[],"product_cat":[19],"product_tag":[163,214,40,56],"_links":{"self":[{"href":"https:\/\/baflesoviedo.com\/home\/wp-json\/wp\/v2\/product\/2314"}],"collection":[{"href":"https:\/\/baflesoviedo.com\/home\/wp-json\/wp\/v2\/product"}],"about":[{"href":"https:\/\/baflesoviedo.com\/home\/wp-json\/wp\/v2\/types\/product"}],"wp:featuredmedia":[{"embeddable":true,"href":"https:\/\/baflesoviedo.com\/home\/wp-json\/wp\/v2\/media\/2316"}],"wp:attachment":[{"href":"https:\/\/baflesoviedo.com\/home\/wp-json\/wp\/v2\/media?parent=2314"}],"wp:term":[{"taxonomy":"product_cat","embeddable":true,"href":"https:\/\/baflesoviedo.com\/home\/wp-json\/wp\/v2\/product_cat?post=2314"},{"taxonomy":"product_tag","embeddable":true,"href":"https:\/\/baflesoviedo.com\/home\/wp-json\/wp\/v2\/product_tag?post=2314"}],"curies":[{"name":"wp","href":"https:\/\/api.w.org\/{rel}","templated":true}]}}